{"id":500,"date":"2024-12-22T21:39:28","date_gmt":"2024-12-22T18:39:28","guid":{"rendered":"https:\/\/managevirtually.sdu.edu.tr\/pl\/?page_id=500"},"modified":"2024-12-22T21:39:28","modified_gmt":"2024-12-22T18:39:28","slug":"pl-person4","status":"publish","type":"page","link":"https:\/\/managevirtually.sdu.edu.tr\/pl\/pl-person4\/","title":{"rendered":"Adiunktem Jaros\u0142aw Zi\u0119tarski"},"content":{"rendered":"\n<figure class=\"wp-block-image aligncenter size-full\"><img loading=\"lazy\" decoding=\"async\" width=\"258\" height=\"386\" src=\"https:\/\/managevirtually.sdu.edu.tr\/pl\/wp-content\/uploads\/sites\/6\/2024\/12\/image.png\" alt=\"\" class=\"wp-image-501\" srcset=\"https:\/\/managevirtually.sdu.edu.tr\/pl\/wp-content\/uploads\/sites\/6\/2024\/12\/image.png 258w, https:\/\/managevirtually.sdu.edu.tr\/pl\/wp-content\/uploads\/sites\/6\/2024\/12\/image-201x300.png 201w\" sizes=\"(max-width: 258px) 100vw, 258px\" \/><\/figure>\n\n\n\n<p>Jaros\u0142aw Zi\u0119tarski jest wyk\u0142adowc\u0105 (Adiunktem) w Katedrze Finans\u00f3w na Wydziale Zarz\u0105dzania i Ekonomii Politechniki Gda\u0144skiej. Posiada tytu\u0142 magistra ekonomii oraz tytu\u0142 doktora nauk ekonomicznych. Uko\u0144czy\u0142 studia podyplomowe \u201eMened\u017cer Projektu Badawczo \u2013 Rozwojowego\u201d. Prowadzi przedmioty dotycz\u0105ce zarz\u0105dzania finansami, ryzykiem i p\u0142ynno\u015bci\u0105 przedsi\u0119biorstw oraz rachunkowo\u015bci\u0105 finansow\u0105, kosztow\u0105 i zarz\u0105dcz\u0105. Jest mened\u017cerem z ponad 15 letnim sta\u017cem pracy zar\u00f3wno w sektorze MSP jak i mi\u0119dzynarodowych korporacjach. Czterokrotnie pe\u0142ni\u0142 funkcj\u0119 dyrektora oddzia\u0142u banku b\u0119d\u0105c odpowiedzialny za poszczeg\u00f3lne sektory rynku: du\u017ce przedsi\u0119biorstwa, sektor MSP i bankowo\u015b\u0107 detaliczn\u0105. \u00a0By\u0142 koordynatorem i uczestnikiem projekt\u00f3w krajowych o charakterze edukacyjnym. Posiad w\u0142asny kana\u0142 na platformie youtube o nazwie &#8222;FAT CAT Financial Education&#8221; na kt\u00f3rym popularyzuje wiedz\u0119 z zakresu rachunkowo\u015bci zarz\u0105dczej. By\u0142 w komitecie organizacyjnym mi\u0119dzynarodowej konferencji 28th Annual Multinational Finance Society Conference. Obecne zainteresowania to g\u0142\u00f3wnie nowoczesne formy edukacji oraz edukacja finansowa.<\/p>\n","protected":false},"excerpt":{"rendered":"<p>Jaros\u0142aw Zi\u0119tarski jest wyk\u0142adowc\u0105 (Adiunktem) w Katedrze Finans\u00f3w na Wydziale Zarz\u0105dzania i Ekonomii Politechniki Gda\u0144skiej. Posiada tytu\u0142 magistra ekonomii oraz tytu\u0142 doktora nauk ekonomicznych. Uko\u0144czy\u0142 studia podyplomowe \u201eMened\u017cer Projektu Badawczo \u2013 Rozwojowego\u201d. Prowadzi przedmioty dotycz\u0105ce zarz\u0105dzania finansami, ryzykiem i p\u0142ynno\u015bci\u0105 przedsi\u0119biorstw oraz rachunkowo\u015bci\u0105 finansow\u0105, kosztow\u0105 i zarz\u0105dcz\u0105. Jest mened\u017cerem z ponad 15 letnim sta\u017cem pracy [&hellip;]<\/p>\n","protected":false},"author":1,"featured_media":0,"parent":0,"menu_order":0,"comment_status":"closed","ping_status":"closed","template":"","meta":{"footnotes":""},"class_list":["post-500","page","type-page","status-publish","hentry"],"_links":{"self":[{"href":"https:\/\/managevirtually.sdu.edu.tr\/pl\/wp-json\/wp\/v2\/pages\/500"}],"collection":[{"href":"https:\/\/managevirtually.sdu.edu.tr\/pl\/wp-json\/wp\/v2\/pages"}],"about":[{"href":"https:\/\/managevirtually.sdu.edu.tr\/pl\/wp-json\/wp\/v2\/types\/page"}],"author":[{"embeddable":true,"href":"https:\/\/managevirtually.sdu.edu.tr\/pl\/wp-json\/wp\/v2\/users\/1"}],"replies":[{"embeddable":true,"href":"https:\/\/managevirtually.sdu.edu.tr\/pl\/wp-json\/wp\/v2\/comments?post=500"}],"version-history":[{"count":1,"href":"https:\/\/managevirtually.sdu.edu.tr\/pl\/wp-json\/wp\/v2\/pages\/500\/revisions"}],"predecessor-version":[{"id":502,"href":"https:\/\/managevirtually.sdu.edu.tr\/pl\/wp-json\/wp\/v2\/pages\/500\/revisions\/502"}],"wp:attachment":[{"href":"https:\/\/managevirtually.sdu.edu.tr\/pl\/wp-json\/wp\/v2\/media?parent=500"}],"curies":[{"name":"wp","href":"https:\/\/api.w.org\/{rel}","templated":true}]}}