{"id":457,"date":"2024-12-13T08:38:39","date_gmt":"2024-12-13T05:38:39","guid":{"rendered":"https:\/\/managevirtually.sdu.edu.tr\/en\/?page_id=456"},"modified":"2024-12-22T21:41:48","modified_gmt":"2024-12-22T18:41:48","slug":"tpm2","status":"publish","type":"page","link":"https:\/\/managevirtually.sdu.edu.tr\/pl\/tpm2\/","title":{"rendered":"Spotkania projektowe  \/ II Mi\u0119dzynarodowe Spotkanie Projektowe"},"content":{"rendered":"\n<p>II Mi\u0119dzynarodowe Spotkanie Projektowe (TPM 2) \u201eZarz\u0105dzanie w wirtualnym \u015bwiecie\u201d odby\u0142o si\u0119 w dniach 4-5 grudnia 2024 r. w Bukareszcie w Rumunii. Spotkanie to zosta\u0142o zorganizowane przez Uniwersytet Ekonomiczny w Bukareszcie. W spotkaniu wzi\u0119li udzia\u0142 wszyscy partnerzy, czyli z uczelni z Rumunii, W\u0142och, Portugalii, Polski i Turcji.<\/p>\n\n\n\n<p>Pierwszego dnia dokonano przegl\u0105du protoko\u0142u z TPM 1 i om\u00f3wiono dzia\u0142ania, kt\u00f3re zosta\u0142y ju\u017c uko\u0144czone. Partnerzy mieli okazj\u0119 om\u00f3wi\u0107 testy osi\u0105gni\u0119\u0107 i pytania do rozm\u00f3w kwalifikacyjnych, kt\u00f3re zostan\u0105 zadane studentom przed i po symulacji, w kt\u00f3rej b\u0119d\u0105 uczestniczy\u0107. Zesp\u00f3\u0142 projektowy spotka\u0142 si\u0119 tak\u017ce z Prorektorem ds. wsp\u00f3\u0142pracy zagranicznej (UE w Bukareszcie) w celu om\u00f3wienia mo\u017cliwo\u015bci przysz\u0142ej wsp\u00f3\u0142pracy. Drugiego dnia spotkania partnerzy zapoznali si\u0119 szczeg\u00f3\u0142owo z narz\u0119dziem symulacyjnym na przyk\u0142adzie wdro\u017cenia scenariusza nr 1. Ustalono tak\u017ce dat\u0119 trzeciego TPM i dokonano podzia\u0142u pracy mi\u0119dzy partnerami.<\/p>\n\n\n\n<figure class=\"wp-block-gallery has-nested-images columns-2 is-cropped wp-block-gallery-1 is-layout-flex wp-block-gallery-is-layout-flex\">\n<figure class=\"wp-block-image size-large\"><img decoding=\"async\" data-id=\"477\" src=\"https:\/\/managevirtually.sdu.edu.tr\/wp-content\/uploads\/2024\/12\/WhatsApp-Image-2024-12-10-at-14.04.36-768x1024.jpeg\" alt=\"\" class=\"wp-image-477\"\/><\/figure>\n\n\n\n<figure class=\"wp-block-image size-large\"><img decoding=\"async\" data-id=\"473\" src=\"https:\/\/managevirtually.sdu.edu.tr\/wp-content\/uploads\/2024\/12\/WhatsApp-Image-2024-12-10-at-14.04.35-2-768x1024.jpeg\" alt=\"\" class=\"wp-image-473\"\/><\/figure>\n\n\n\n<figure class=\"wp-block-image size-large\"><img decoding=\"async\" data-id=\"474\" src=\"https:\/\/managevirtually.sdu.edu.tr\/wp-content\/uploads\/2024\/12\/WhatsApp-Image-2024-12-10-at-14.04.36-1-768x1024.jpeg\" alt=\"\" class=\"wp-image-474\"\/><\/figure>\n\n\n\n<figure class=\"wp-block-image size-large\"><img decoding=\"async\" data-id=\"475\" src=\"https:\/\/managevirtually.sdu.edu.tr\/wp-content\/uploads\/2024\/12\/WhatsApp-Image-2024-12-10-at-14.04.35-1024x768.jpeg\" alt=\"\" class=\"wp-image-475\"\/><\/figure>\n\n\n\n<figure class=\"wp-block-image size-large\"><img decoding=\"async\" data-id=\"471\" src=\"https:\/\/managevirtually.sdu.edu.tr\/wp-content\/uploads\/2024\/12\/WhatsApp-Image-2024-12-10-at-14.04.35-1-768x1024.jpeg\" alt=\"\" class=\"wp-image-471\"\/><\/figure>\n\n\n\n<figure class=\"wp-block-image size-large\"><img decoding=\"async\" data-id=\"465\" src=\"https:\/\/managevirtually.sdu.edu.tr\/wp-content\/uploads\/2024\/12\/WhatsApp-Image-2024-12-10-at-14.04.32-768x1024.jpeg\" alt=\"\" class=\"wp-image-465\"\/><\/figure>\n\n\n\n<figure class=\"wp-block-image size-large\"><img decoding=\"async\" data-id=\"468\" src=\"https:\/\/managevirtually.sdu.edu.tr\/wp-content\/uploads\/2024\/12\/WhatsApp-Image-2024-12-10-at-14.04.33-768x1024.jpeg\" alt=\"\" class=\"wp-image-468\"\/><\/figure>\n\n\n\n<figure class=\"wp-block-image size-large\"><img decoding=\"async\" data-id=\"469\" src=\"https:\/\/managevirtually.sdu.edu.tr\/wp-content\/uploads\/2024\/12\/WhatsApp-Image-2024-12-10-at-14.04.34-1-768x1024.jpeg\" alt=\"\" class=\"wp-image-469\"\/><\/figure>\n\n\n\n<figure class=\"wp-block-image size-large\"><img decoding=\"async\" data-id=\"467\" src=\"https:\/\/managevirtually.sdu.edu.tr\/wp-content\/uploads\/2024\/12\/WhatsApp-Image-2024-12-10-at-14.04.33-1-768x1024.jpeg\" alt=\"\" class=\"wp-image-467\"\/><\/figure>\n\n\n\n<figure class=\"wp-block-image size-large\"><img decoding=\"async\" data-id=\"472\" src=\"https:\/\/managevirtually.sdu.edu.tr\/wp-content\/uploads\/2024\/12\/WhatsApp-Image-2024-12-10-at-14.04.34-768x1024.jpeg\" alt=\"\" class=\"wp-image-472\"\/><\/figure>\n\n\n\n<figure class=\"wp-block-image size-large\"><img decoding=\"async\" data-id=\"470\" src=\"https:\/\/managevirtually.sdu.edu.tr\/wp-content\/uploads\/2024\/12\/WhatsApp-Image-2024-12-10-at-14.04.34-2-768x1024.jpeg\" alt=\"\" class=\"wp-image-470\"\/><\/figure>\n\n\n\n<figure class=\"wp-block-image size-large\"><img decoding=\"async\" data-id=\"466\" src=\"https:\/\/managevirtually.sdu.edu.tr\/wp-content\/uploads\/2024\/12\/WhatsApp-Image-2024-12-10-at-14.04.33-2-768x1024.jpeg\" alt=\"\" class=\"wp-image-466\"\/><\/figure>\n\n\n\n<figure class=\"wp-block-image size-large\"><img decoding=\"async\" data-id=\"464\" src=\"https:\/\/managevirtually.sdu.edu.tr\/wp-content\/uploads\/2024\/12\/WhatsApp-Image-2024-12-10-at-14.04.32-2-768x1024.jpeg\" alt=\"\" class=\"wp-image-464\"\/><\/figure>\n\n\n\n<figure class=\"wp-block-image size-large\"><img decoding=\"async\" data-id=\"463\" src=\"https:\/\/managevirtually.sdu.edu.tr\/wp-content\/uploads\/2024\/12\/WhatsApp-Image-2024-12-10-at-14.04.32-1-768x1024.jpeg\" alt=\"\" class=\"wp-image-463\"\/><\/figure>\n<\/figure>\n\n\n\n<figure class=\"wp-block-gallery has-nested-images columns-2 is-cropped wp-block-gallery-2 is-layout-flex wp-block-gallery-is-layout-flex\">\n<figure class=\"wp-block-image size-large\"><img decoding=\"async\" data-id=\"476\" src=\"https:\/\/managevirtually.sdu.edu.tr\/wp-content\/uploads\/2024\/12\/WhatsApp-Image-2024-12-10-at-14.04.36-2-1024x768.jpeg\" alt=\"\" class=\"wp-image-476\"\/><\/figure>\n\n\n\n<figure class=\"wp-block-image size-large\"><img decoding=\"async\" data-id=\"462\" src=\"https:\/\/managevirtually.sdu.edu.tr\/wp-content\/uploads\/2024\/12\/WhatsApp-Image-2024-12-10-at-14.04.26-1-1024x577.jpeg\" alt=\"\" class=\"wp-image-462\"\/><\/figure>\n\n\n\n<figure class=\"wp-block-image size-large\"><img decoding=\"async\" data-id=\"461\" src=\"https:\/\/managevirtually.sdu.edu.tr\/wp-content\/uploads\/2024\/12\/WhatsApp-Image-2024-12-10-at-14.04.25-1024x768.jpeg\" alt=\"\" class=\"wp-image-461\"\/><\/figure>\n\n\n\n<figure class=\"wp-block-image size-large\"><img decoding=\"async\" data-id=\"459\" src=\"https:\/\/managevirtually.sdu.edu.tr\/wp-content\/uploads\/2024\/12\/WhatsApp-Image-2024-12-10-at-14.04.26-1024x577.jpeg\" alt=\"\" class=\"wp-image-459\"\/><\/figure>\n\n\n\n<figure class=\"wp-block-image size-large\"><img decoding=\"async\" data-id=\"458\" src=\"https:\/\/managevirtually.sdu.edu.tr\/wp-content\/uploads\/2024\/12\/WhatsApp-Image-2024-12-10-at-14.04.26-2-1024x768.jpeg\" alt=\"\" class=\"wp-image-458\"\/><\/figure>\n\n\n\n<figure class=\"wp-block-image size-large\"><img decoding=\"async\" data-id=\"460\" src=\"https:\/\/managevirtually.sdu.edu.tr\/wp-content\/uploads\/2024\/12\/WhatsApp-Image-2024-12-10-at-14.04.23-1024x768.jpeg\" alt=\"\" class=\"wp-image-460\"\/><\/figure>\n\n\n\n<figure class=\"wp-block-image size-large\"><img decoding=\"async\" data-id=\"457\" src=\"https:\/\/managevirtually.sdu.edu.tr\/wp-content\/uploads\/2024\/12\/WhatsApp-Image-2024-12-10-at-14.04.20-768x1024.jpeg\" alt=\"\" class=\"wp-image-457\"\/><\/figure>\n<\/figure>\n","protected":false},"excerpt":{"rendered":"<p>II Mi\u0119dzynarodowe Spotkanie Projektowe (TPM 2) \u201eZarz\u0105dzanie w wirtualnym \u015bwiecie\u201d odby\u0142o si\u0119 w dniach 4-5 grudnia 2024 r. w Bukareszcie w Rumunii. Spotkanie to zosta\u0142o zorganizowane przez Uniwersytet Ekonomiczny w Bukareszcie. W spotkaniu wzi\u0119li udzia\u0142 wszyscy partnerzy, czyli z uczelni z Rumunii, W\u0142och, Portugalii, Polski i Turcji. Pierwszego dnia dokonano przegl\u0105du protoko\u0142u z TPM 1 [&hellip;]<\/p>\n","protected":false},"author":1,"featured_media":0,"parent":0,"menu_order":0,"comment_status":"closed","ping_status":"closed","template":"","meta":{"footnotes":""},"class_list":["post-457","page","type-page","status-publish","hentry"],"_links":{"self":[{"href":"https:\/\/managevirtually.sdu.edu.tr\/pl\/wp-json\/wp\/v2\/pages\/457"}],"collection":[{"href":"https:\/\/managevirtually.sdu.edu.tr\/pl\/wp-json\/wp\/v2\/pages"}],"about":[{"href":"https:\/\/managevirtually.sdu.edu.tr\/pl\/wp-json\/wp\/v2\/types\/page"}],"author":[{"embeddable":true,"href":"https:\/\/managevirtually.sdu.edu.tr\/pl\/wp-json\/wp\/v2\/users\/1"}],"replies":[{"embeddable":true,"href":"https:\/\/managevirtually.sdu.edu.tr\/pl\/wp-json\/wp\/v2\/comments?post=457"}],"version-history":[{"count":2,"href":"https:\/\/managevirtually.sdu.edu.tr\/pl\/wp-json\/wp\/v2\/pages\/457\/revisions"}],"predecessor-version":[{"id":503,"href":"https:\/\/managevirtually.sdu.edu.tr\/pl\/wp-json\/wp\/v2\/pages\/457\/revisions\/503"}],"wp:attachment":[{"href":"https:\/\/managevirtually.sdu.edu.tr\/pl\/wp-json\/wp\/v2\/media?parent=457"}],"curies":[{"name":"wp","href":"https:\/\/api.w.org\/{rel}","templated":true}]}}