{"id":448,"date":"2024-10-31T14:30:33","date_gmt":"2024-10-31T11:30:33","guid":{"rendered":"https:\/\/managevirtually.sdu.edu.tr\/en\/?page_id=448"},"modified":"2024-12-22T21:32:36","modified_gmt":"2024-12-22T18:32:36","slug":"tpm1","status":"publish","type":"page","link":"https:\/\/managevirtually.sdu.edu.tr\/pl\/tpm1\/","title":{"rendered":"Spotkania projektowe \/ 1. Mi\u0119dzynarodowe spotkanie projektowe"},"content":{"rendered":"\n<p>Pierwsze Mi\u0119dzynarodowe Spotkanie Projektowe (1. TPM) w ramach projektu <em>\u201eZarz\u0105dzanie w wirtualnym \u015bwiecie\u201d<\/em> odby\u0142o si\u0119 w dniach 22\u201323 pa\u017adziernika 2024 r. w Benevento we W\u0142oszech. Gospodarzem spotkania by\u0142 w\u0142oski partner \u2013 Sannio University. W wydarzeniu uczestniczyli przedstawiciele wszystkich instytucji partnerskich z Turcji, W\u0142och, Polski, Portugalii i Rumunii.<\/p>\n\n\n\n<p>Pierwszego dnia spotkania dokonano przegl\u0105du protoko\u0142u ze spotkania inauguracyjnego (K-o-M) oraz podsumowano uko\u0144czone dotychczas dzia\u0142ania. Om\u00f3wiono najnowsz\u0105 wersj\u0119 strony internetowej projektu oraz przeanalizowano zaproponowane scenariusze.<\/p>\n\n\n\n<p>Drugiego dnia skupiono si\u0119 na szczeg\u00f3\u0142ach symulacji oraz ustalono program nauczania, kt\u00f3ry b\u0119dzie realizowany w ramach projektu. Podczas spotkania ustalono r\u00f3wnie\u017c daty drugiego Mi\u0119dzynarodowego Spotkania Projektowego (2. TPM), kt\u00f3re odb\u0119dzie si\u0119 w Rumunii.<\/p>\n\n\n\n<p>Spotkanie zako\u0144czy\u0142o si\u0119 podzia\u0142em zada\u0144 w\u015br\u00f3d partner\u00f3w, co zapewni\u0142o sprawn\u0105 kontynuacj\u0119 dzia\u0142a\u0144 projektowych.<\/p>\n\n\n\n<figure class=\"wp-block-image size-large\"><img loading=\"lazy\" decoding=\"async\" width=\"1024\" height=\"768\" src=\"https:\/\/managevirtually.sdu.edu.tr\/pl\/wp-content\/uploads\/sites\/6\/2024\/10\/TPM1_Image-6-1024x768.jpeg\" alt=\"\" class=\"wp-image-454\" srcset=\"https:\/\/managevirtually.sdu.edu.tr\/pl\/wp-content\/uploads\/sites\/6\/2024\/10\/TPM1_Image-6-1024x768.jpeg 1024w, https:\/\/managevirtually.sdu.edu.tr\/pl\/wp-content\/uploads\/sites\/6\/2024\/10\/TPM1_Image-6-300x225.jpeg 300w, https:\/\/managevirtually.sdu.edu.tr\/pl\/wp-content\/uploads\/sites\/6\/2024\/10\/TPM1_Image-6-768x576.jpeg 768w, https:\/\/managevirtually.sdu.edu.tr\/pl\/wp-content\/uploads\/sites\/6\/2024\/10\/TPM1_Image-6-1536x1152.jpeg 1536w, https:\/\/managevirtually.sdu.edu.tr\/pl\/wp-content\/uploads\/sites\/6\/2024\/10\/TPM1_Image-6.jpeg 1600w\" sizes=\"(max-width: 1024px) 100vw, 1024px\" \/><\/figure>\n\n\n\n<figure class=\"wp-block-gallery has-nested-images columns-default is-cropped wp-block-gallery-1 is-layout-flex wp-block-gallery-is-layout-flex\">\n<figure class=\"wp-block-image size-large\"><img decoding=\"async\" data-id=\"432\" src=\"https:\/\/managevirtually.sdu.edu.tr\/wp-content\/uploads\/2024\/10\/TPM1_Image-1-1-768x1024.jpeg\" alt=\"\" class=\"wp-image-432\"\/><\/figure>\n\n\n\n<figure class=\"wp-block-image size-large\"><img decoding=\"async\" data-id=\"434\" src=\"https:\/\/managevirtually.sdu.edu.tr\/wp-content\/uploads\/2024\/10\/TPM1_Image-2-1-768x1024.jpeg\" alt=\"\" class=\"wp-image-434\"\/><\/figure>\n\n\n\n<figure class=\"wp-block-image size-large\"><img decoding=\"async\" data-id=\"433\" src=\"https:\/\/managevirtually.sdu.edu.tr\/wp-content\/uploads\/2024\/10\/TPM1_Image-3-1-768x1024.jpeg\" alt=\"\" class=\"wp-image-433\"\/><\/figure>\n\n\n\n<figure class=\"wp-block-image size-large\"><img decoding=\"async\" data-id=\"436\" src=\"https:\/\/managevirtually.sdu.edu.tr\/wp-content\/uploads\/2024\/10\/TPM1_Image-4-1-768x1024.jpeg\" alt=\"\" class=\"wp-image-436\"\/><\/figure>\n\n\n\n<figure class=\"wp-block-image size-large\"><img decoding=\"async\" data-id=\"437\" src=\"https:\/\/managevirtually.sdu.edu.tr\/wp-content\/uploads\/2024\/10\/TPM1_Image-5-1-1024x768.jpeg\" alt=\"\" class=\"wp-image-437\"\/><\/figure>\n\n\n\n<figure class=\"wp-block-image size-large\"><img decoding=\"async\" data-id=\"438\" src=\"https:\/\/managevirtually.sdu.edu.tr\/wp-content\/uploads\/2024\/10\/TPM1_Image-7-1-768x1024.jpeg\" alt=\"\" class=\"wp-image-438\"\/><\/figure>\n\n\n\n<figure class=\"wp-block-image size-large\"><img decoding=\"async\" data-id=\"439\" src=\"https:\/\/managevirtually.sdu.edu.tr\/wp-content\/uploads\/2024\/10\/TPM1_Image-8-1-1024x768.jpeg\" alt=\"\" class=\"wp-image-439\"\/><\/figure>\n\n\n\n<figure class=\"wp-block-image size-large\"><img decoding=\"async\" data-id=\"440\" src=\"https:\/\/managevirtually.sdu.edu.tr\/wp-content\/uploads\/2024\/10\/TPM1_Image-9-1-1024x768.jpeg\" alt=\"\" class=\"wp-image-440\"\/><\/figure>\n\n\n\n<figure class=\"wp-block-image size-large\"><img decoding=\"async\" data-id=\"441\" src=\"https:\/\/managevirtually.sdu.edu.tr\/wp-content\/uploads\/2024\/10\/TPM1_Image-10-1-768x1024.jpeg\" alt=\"\" class=\"wp-image-441\"\/><\/figure>\n\n\n\n<figure class=\"wp-block-image size-large\"><img decoding=\"async\" data-id=\"442\" src=\"https:\/\/managevirtually.sdu.edu.tr\/wp-content\/uploads\/2024\/10\/TPM1_Image-11-1-768x1024.jpeg\" alt=\"\" class=\"wp-image-442\"\/><\/figure>\n\n\n\n<figure class=\"wp-block-image size-large\"><img decoding=\"async\" data-id=\"443\" src=\"https:\/\/managevirtually.sdu.edu.tr\/wp-content\/uploads\/2024\/10\/TPM1_Image-12-1-768x1024.jpeg\" alt=\"\" class=\"wp-image-443\"\/><\/figure>\n\n\n\n<figure class=\"wp-block-image size-large\"><img decoding=\"async\" data-id=\"445\" src=\"https:\/\/managevirtually.sdu.edu.tr\/wp-content\/uploads\/2024\/10\/TPM1_Image-14-1-768x1024.jpeg\" alt=\"\" class=\"wp-image-445\"\/><\/figure>\n\n\n\n<figure class=\"wp-block-image size-large\"><img decoding=\"async\" data-id=\"446\" src=\"https:\/\/managevirtually.sdu.edu.tr\/wp-content\/uploads\/2024\/10\/TPM1_Image-15-1-768x1024.jpeg\" alt=\"\" class=\"wp-image-446\"\/><\/figure>\n\n\n\n<figure class=\"wp-block-image size-large\"><img decoding=\"async\" data-id=\"447\" src=\"https:\/\/managevirtually.sdu.edu.tr\/wp-content\/uploads\/2024\/10\/TPM1_Image-16-1-768x1024.jpeg\" alt=\"\" class=\"wp-image-447\"\/><\/figure>\n\n\n\n<figure class=\"wp-block-image size-large\"><img decoding=\"async\" data-id=\"448\" src=\"https:\/\/managevirtually.sdu.edu.tr\/wp-content\/uploads\/2024\/10\/TPM1_Image-17-1-768x1024.jpeg\" alt=\"\" class=\"wp-image-448\"\/><\/figure>\n<\/figure>\n\n\n\n<figure class=\"wp-block-image size-large\"><img loading=\"lazy\" decoding=\"async\" width=\"1024\" height=\"768\" src=\"https:\/\/managevirtually.sdu.edu.tr\/pl\/wp-content\/uploads\/sites\/6\/2024\/10\/TPM1_Image-13-1-1024x768.jpeg\" alt=\"\" class=\"wp-image-453\" srcset=\"https:\/\/managevirtually.sdu.edu.tr\/pl\/wp-content\/uploads\/sites\/6\/2024\/10\/TPM1_Image-13-1-1024x768.jpeg 1024w, https:\/\/managevirtually.sdu.edu.tr\/pl\/wp-content\/uploads\/sites\/6\/2024\/10\/TPM1_Image-13-1-300x225.jpeg 300w, https:\/\/managevirtually.sdu.edu.tr\/pl\/wp-content\/uploads\/sites\/6\/2024\/10\/TPM1_Image-13-1-768x576.jpeg 768w, https:\/\/managevirtually.sdu.edu.tr\/pl\/wp-content\/uploads\/sites\/6\/2024\/10\/TPM1_Image-13-1-1536x1152.jpeg 1536w, https:\/\/managevirtually.sdu.edu.tr\/pl\/wp-content\/uploads\/sites\/6\/2024\/10\/TPM1_Image-13-1.jpeg 1600w\" sizes=\"(max-width: 1024px) 100vw, 1024px\" \/><\/figure>\n","protected":false},"excerpt":{"rendered":"<p>Pierwsze Mi\u0119dzynarodowe Spotkanie Projektowe (1. TPM) w ramach projektu \u201eZarz\u0105dzanie w wirtualnym \u015bwiecie\u201d odby\u0142o si\u0119 w dniach 22\u201323 pa\u017adziernika 2024 r. w Benevento we W\u0142oszech. Gospodarzem spotkania by\u0142 w\u0142oski partner \u2013 Sannio University. W wydarzeniu uczestniczyli przedstawiciele wszystkich instytucji partnerskich z Turcji, W\u0142och, Polski, Portugalii i Rumunii. Pierwszego dnia spotkania dokonano przegl\u0105du protoko\u0142u ze spotkania [&hellip;]<\/p>\n","protected":false},"author":1,"featured_media":0,"parent":0,"menu_order":0,"comment_status":"closed","ping_status":"closed","template":"","meta":{"footnotes":""},"class_list":["post-448","page","type-page","status-publish","hentry"],"_links":{"self":[{"href":"https:\/\/managevirtually.sdu.edu.tr\/pl\/wp-json\/wp\/v2\/pages\/448"}],"collection":[{"href":"https:\/\/managevirtually.sdu.edu.tr\/pl\/wp-json\/wp\/v2\/pages"}],"about":[{"href":"https:\/\/managevirtually.sdu.edu.tr\/pl\/wp-json\/wp\/v2\/types\/page"}],"author":[{"embeddable":true,"href":"https:\/\/managevirtually.sdu.edu.tr\/pl\/wp-json\/wp\/v2\/users\/1"}],"replies":[{"embeddable":true,"href":"https:\/\/managevirtually.sdu.edu.tr\/pl\/wp-json\/wp\/v2\/comments?post=448"}],"version-history":[{"count":1,"href":"https:\/\/managevirtually.sdu.edu.tr\/pl\/wp-json\/wp\/v2\/pages\/448\/revisions"}],"predecessor-version":[{"id":497,"href":"https:\/\/managevirtually.sdu.edu.tr\/pl\/wp-json\/wp\/v2\/pages\/448\/revisions\/497"}],"wp:attachment":[{"href":"https:\/\/managevirtually.sdu.edu.tr\/pl\/wp-json\/wp\/v2\/media?parent=448"}],"curies":[{"name":"wp","href":"https:\/\/api.w.org\/{rel}","templated":true}]}}