{"id":359,"date":"2024-10-16T16:52:16","date_gmt":"2024-10-16T16:52:16","guid":{"rendered":"https:\/\/managevirtually.sdu.edu.tr\/?page_id=359"},"modified":"2024-12-22T21:13:20","modified_gmt":"2024-12-22T18:13:20","slug":"ro-person5","status":"publish","type":"page","link":"https:\/\/managevirtually.sdu.edu.tr\/pl\/ro-person5\/","title":{"rendered":"Teodora Monica Fulga"},"content":{"rendered":"\n<figure class=\"wp-block-image aligncenter size-full\"><img loading=\"lazy\" decoding=\"async\" width=\"223\" height=\"297\" src=\"https:\/\/managevirtually.sdu.edu.tr\/pl\/wp-content\/uploads\/sites\/6\/2024\/10\/image-25.png\" alt=\"\" class=\"wp-image-360\"\/><\/figure>\n\n\n\n<p>Teodora Monica Fulga jest szefow\u0105 Biura Erasmus+ na Uniwersytecie Studi\u00f3w Ekonomicznych w Bukareszcie oraz ekspertk\u0105 w zakresie wdra\u017cania projekt\u00f3w Erasmus+. Wsp\u00f3\u0142pracuje z uniwersytetami w Europie, Azji, Ameryce P\u00f3\u0142nocnej i Po\u0142udniowej, koordynuj\u0105c wymiany mi\u0119dzynarodowe oraz organizuj\u0105c przyjazdy i wyjazdy student\u00f3w i pracownik\u00f3w.<\/p>\n\n\n\n<p>Teodora Fulga posiada doskona\u0142e umiej\u0119tno\u015bci komunikacyjne, zdobyte podczas pracy jako asystentka dydaktyczna, a tak\u017ce bogate do\u015bwiadczenie w mi\u0119dzynarodowym \u015brodowisku pracy. Jej umiej\u0119tno\u015bci organizacyjne i przyw\u00f3dcze rozwija\u0142a jako koordynator Biura Erasmus+.<\/p>\n\n\n\n<p>W ramach dzia\u0142alno\u015bci dydaktycznej prowadzi\u0142a kursy dotycz\u0105ce takich zagadnie\u0144, jak Instytucje i polityki europejskie oraz Nowoczesne zarz\u0105dzanie w UE.<\/p>\n","protected":false},"excerpt":{"rendered":"<p>Teodora Monica Fulga jest szefow\u0105 Biura Erasmus+ na Uniwersytecie Studi\u00f3w Ekonomicznych w Bukareszcie oraz ekspertk\u0105 w zakresie wdra\u017cania projekt\u00f3w Erasmus+. Wsp\u00f3\u0142pracuje z uniwersytetami w Europie, Azji, Ameryce P\u00f3\u0142nocnej i Po\u0142udniowej, koordynuj\u0105c wymiany mi\u0119dzynarodowe oraz organizuj\u0105c przyjazdy i wyjazdy student\u00f3w i pracownik\u00f3w. Teodora Fulga posiada doskona\u0142e umiej\u0119tno\u015bci komunikacyjne, zdobyte podczas pracy jako asystentka dydaktyczna, a tak\u017ce [&hellip;]<\/p>\n","protected":false},"author":1,"featured_media":0,"parent":0,"menu_order":0,"comment_status":"closed","ping_status":"closed","template":"","meta":{"footnotes":""},"class_list":["post-359","page","type-page","status-publish","hentry"],"_links":{"self":[{"href":"https:\/\/managevirtually.sdu.edu.tr\/pl\/wp-json\/wp\/v2\/pages\/359"}],"collection":[{"href":"https:\/\/managevirtually.sdu.edu.tr\/pl\/wp-json\/wp\/v2\/pages"}],"about":[{"href":"https:\/\/managevirtually.sdu.edu.tr\/pl\/wp-json\/wp\/v2\/types\/page"}],"author":[{"embeddable":true,"href":"https:\/\/managevirtually.sdu.edu.tr\/pl\/wp-json\/wp\/v2\/users\/1"}],"replies":[{"embeddable":true,"href":"https:\/\/managevirtually.sdu.edu.tr\/pl\/wp-json\/wp\/v2\/comments?post=359"}],"version-history":[{"count":1,"href":"https:\/\/managevirtually.sdu.edu.tr\/pl\/wp-json\/wp\/v2\/pages\/359\/revisions"}],"predecessor-version":[{"id":484,"href":"https:\/\/managevirtually.sdu.edu.tr\/pl\/wp-json\/wp\/v2\/pages\/359\/revisions\/484"}],"wp:attachment":[{"href":"https:\/\/managevirtually.sdu.edu.tr\/pl\/wp-json\/wp\/v2\/media?parent=359"}],"curies":[{"name":"wp","href":"https:\/\/api.w.org\/{rel}","templated":true}]}}