{"id":356,"date":"2024-10-16T16:51:40","date_gmt":"2024-10-16T16:51:40","guid":{"rendered":"https:\/\/managevirtually.sdu.edu.tr\/?page_id=356"},"modified":"2024-12-22T21:12:44","modified_gmt":"2024-12-22T18:12:44","slug":"ro-person4","status":"publish","type":"page","link":"https:\/\/managevirtually.sdu.edu.tr\/pl\/ro-person4\/","title":{"rendered":"Prof. dr Eduard CEPTUREANU"},"content":{"rendered":"\n<figure class=\"wp-block-image aligncenter size-full\"><img loading=\"lazy\" decoding=\"async\" width=\"233\" height=\"320\" src=\"https:\/\/managevirtually.sdu.edu.tr\/pl\/wp-content\/uploads\/sites\/6\/2024\/10\/image-24.png\" alt=\"\" class=\"wp-image-357\" srcset=\"https:\/\/managevirtually.sdu.edu.tr\/pl\/wp-content\/uploads\/sites\/6\/2024\/10\/image-24.png 233w, https:\/\/managevirtually.sdu.edu.tr\/pl\/wp-content\/uploads\/sites\/6\/2024\/10\/image-24-218x300.png 218w\" sizes=\"(max-width: 233px) 100vw, 233px\" \/><\/figure>\n\n\n\n<p>Prof. dr Eduard Ceptureanu jest profesorem zwyczajnym na Wydziale Zarz\u0105dzania Uniwersytetu Studi\u00f3w Ekonomicznych w Bukareszcie. Prowadzi kursy i seminaria obejmuj\u0105ce takie tematy, jak: zarz\u0105dzanie przedsi\u0119biorcze, podstawy zarz\u0105dzania, metodologie zarz\u0105dzania, mi\u0119dzynarodowe zarz\u0105dzanie por\u00f3wnawcze (w j\u0119zyku angielskim), zarz\u0105dzanie zmian\u0105 oraz strategie przedsi\u0119biorcze.<\/p>\n\n\n\n<p>Prof. Ceptureanu jest aktywnym badaczem, autorem ponad 65 artyku\u0142\u00f3w opublikowanych w bazie Web of Science, co \u015bwiadczy o jego zaanga\u017cowaniu w rozw\u00f3j nauk zarz\u0105dzania.<\/p>\n","protected":false},"excerpt":{"rendered":"<p>Prof. dr Eduard Ceptureanu jest profesorem zwyczajnym na Wydziale Zarz\u0105dzania Uniwersytetu Studi\u00f3w Ekonomicznych w Bukareszcie. Prowadzi kursy i seminaria obejmuj\u0105ce takie tematy, jak: zarz\u0105dzanie przedsi\u0119biorcze, podstawy zarz\u0105dzania, metodologie zarz\u0105dzania, mi\u0119dzynarodowe zarz\u0105dzanie por\u00f3wnawcze (w j\u0119zyku angielskim), zarz\u0105dzanie zmian\u0105 oraz strategie przedsi\u0119biorcze. Prof. Ceptureanu jest aktywnym badaczem, autorem ponad 65 artyku\u0142\u00f3w opublikowanych w bazie Web of Science, [&hellip;]<\/p>\n","protected":false},"author":1,"featured_media":0,"parent":0,"menu_order":0,"comment_status":"closed","ping_status":"closed","template":"","meta":{"footnotes":""},"class_list":["post-356","page","type-page","status-publish","hentry"],"_links":{"self":[{"href":"https:\/\/managevirtually.sdu.edu.tr\/pl\/wp-json\/wp\/v2\/pages\/356"}],"collection":[{"href":"https:\/\/managevirtually.sdu.edu.tr\/pl\/wp-json\/wp\/v2\/pages"}],"about":[{"href":"https:\/\/managevirtually.sdu.edu.tr\/pl\/wp-json\/wp\/v2\/types\/page"}],"author":[{"embeddable":true,"href":"https:\/\/managevirtually.sdu.edu.tr\/pl\/wp-json\/wp\/v2\/users\/1"}],"replies":[{"embeddable":true,"href":"https:\/\/managevirtually.sdu.edu.tr\/pl\/wp-json\/wp\/v2\/comments?post=356"}],"version-history":[{"count":1,"href":"https:\/\/managevirtually.sdu.edu.tr\/pl\/wp-json\/wp\/v2\/pages\/356\/revisions"}],"predecessor-version":[{"id":483,"href":"https:\/\/managevirtually.sdu.edu.tr\/pl\/wp-json\/wp\/v2\/pages\/356\/revisions\/483"}],"wp:attachment":[{"href":"https:\/\/managevirtually.sdu.edu.tr\/pl\/wp-json\/wp\/v2\/media?parent=356"}],"curies":[{"name":"wp","href":"https:\/\/api.w.org\/{rel}","templated":true}]}}