{"id":353,"date":"2024-10-16T16:50:51","date_gmt":"2024-10-16T16:50:51","guid":{"rendered":"https:\/\/managevirtually.sdu.edu.tr\/?page_id=353"},"modified":"2024-12-22T21:12:10","modified_gmt":"2024-12-22T18:12:10","slug":"ro-person3","status":"publish","type":"page","link":"https:\/\/managevirtually.sdu.edu.tr\/pl\/ro-person3\/","title":{"rendered":"Prof. dr Ionel JIANU"},"content":{"rendered":"\n<figure class=\"wp-block-image aligncenter size-full\"><img loading=\"lazy\" decoding=\"async\" width=\"255\" height=\"337\" src=\"https:\/\/managevirtually.sdu.edu.tr\/pl\/wp-content\/uploads\/sites\/6\/2024\/10\/image-23.png\" alt=\"\" class=\"wp-image-354\" srcset=\"https:\/\/managevirtually.sdu.edu.tr\/pl\/wp-content\/uploads\/sites\/6\/2024\/10\/image-23.png 255w, https:\/\/managevirtually.sdu.edu.tr\/pl\/wp-content\/uploads\/sites\/6\/2024\/10\/image-23-227x300.png 227w\" sizes=\"(max-width: 255px) 100vw, 255px\" \/><\/figure>\n\n\n\n<p>Prof. dr Ionel Jianu jest profesorem zwyczajnym w dziedzinie rachunkowo\u015bci na Uniwersytecie Studi\u00f3w Ekonomicznych w Bukareszcie (ASE), w Wydziale Rachunkowo\u015bci i System\u00f3w Informacji Zarz\u0105dczej (CIG), w Katedrze Rachunkowo\u015bci i Audytu. Od 2019 roku pe\u0142ni funkcj\u0119 koordynatora studi\u00f3w doktoranckich na Katedrze Rachunkowo\u015bci i Audytu Uniwersytetu Studi\u00f3w Ekonomicznych w Bukareszcie.<\/p>\n\n\n\n<p>Wcze\u015bniej Prof. Jianu zdobywa\u0142 do\u015bwiadczenie jako konsultant ds. zarz\u0105dzania finansami, prorektor Uniwersytetu Studi\u00f3w Ekonomicznych w Bukareszcie oraz szef gabinetu rektora tej uczelni.<\/p>\n\n\n\n<p>Jest aktywnym cz\u0142onkiem licznych organizacji zawodowych, w tym:<\/p>\n\n\n\n<ul class=\"wp-block-list\">\n<li>Association Francophone de Comptabilit\u00e9 (AFC),<\/li>\n\n\n\n<li>International Association of Accounting and Educational Research (IAAER),<\/li>\n\n\n\n<li>European Accounting Association (EAA),<\/li>\n\n\n\n<li>Romanian Association of Accounting (ARC).<\/li>\n<\/ul>\n\n\n\n<p>Prof. Jianu prowadzi zaj\u0119cia z takich przedmiot\u00f3w, jak rachunkowo\u015b\u0107, rachunkowo\u015b\u0107 zarz\u0105dcza, rachunkowo\u015b\u0107 finansowa oraz audyt finansowy.<\/p>\n","protected":false},"excerpt":{"rendered":"<p>Prof. dr Ionel Jianu jest profesorem zwyczajnym w dziedzinie rachunkowo\u015bci na Uniwersytecie Studi\u00f3w Ekonomicznych w Bukareszcie (ASE), w Wydziale Rachunkowo\u015bci i System\u00f3w Informacji Zarz\u0105dczej (CIG), w Katedrze Rachunkowo\u015bci i Audytu. Od 2019 roku pe\u0142ni funkcj\u0119 koordynatora studi\u00f3w doktoranckich na Katedrze Rachunkowo\u015bci i Audytu Uniwersytetu Studi\u00f3w Ekonomicznych w Bukareszcie. Wcze\u015bniej Prof. Jianu zdobywa\u0142 do\u015bwiadczenie jako konsultant [&hellip;]<\/p>\n","protected":false},"author":1,"featured_media":0,"parent":0,"menu_order":0,"comment_status":"closed","ping_status":"closed","template":"","meta":{"footnotes":""},"class_list":["post-353","page","type-page","status-publish","hentry"],"_links":{"self":[{"href":"https:\/\/managevirtually.sdu.edu.tr\/pl\/wp-json\/wp\/v2\/pages\/353"}],"collection":[{"href":"https:\/\/managevirtually.sdu.edu.tr\/pl\/wp-json\/wp\/v2\/pages"}],"about":[{"href":"https:\/\/managevirtually.sdu.edu.tr\/pl\/wp-json\/wp\/v2\/types\/page"}],"author":[{"embeddable":true,"href":"https:\/\/managevirtually.sdu.edu.tr\/pl\/wp-json\/wp\/v2\/users\/1"}],"replies":[{"embeddable":true,"href":"https:\/\/managevirtually.sdu.edu.tr\/pl\/wp-json\/wp\/v2\/comments?post=353"}],"version-history":[{"count":1,"href":"https:\/\/managevirtually.sdu.edu.tr\/pl\/wp-json\/wp\/v2\/pages\/353\/revisions"}],"predecessor-version":[{"id":482,"href":"https:\/\/managevirtually.sdu.edu.tr\/pl\/wp-json\/wp\/v2\/pages\/353\/revisions\/482"}],"wp:attachment":[{"href":"https:\/\/managevirtually.sdu.edu.tr\/pl\/wp-json\/wp\/v2\/media?parent=353"}],"curies":[{"name":"wp","href":"https:\/\/api.w.org\/{rel}","templated":true}]}}