{"id":350,"date":"2024-10-16T16:50:15","date_gmt":"2024-10-16T16:50:15","guid":{"rendered":"https:\/\/managevirtually.sdu.edu.tr\/?page_id=350"},"modified":"2024-12-22T21:11:42","modified_gmt":"2024-12-22T18:11:42","slug":"ro-person2","status":"publish","type":"page","link":"https:\/\/managevirtually.sdu.edu.tr\/pl\/ro-person2\/","title":{"rendered":"Prof. dr Iulia JIANU"},"content":{"rendered":"\n<figure class=\"wp-block-image aligncenter size-full\"><img loading=\"lazy\" decoding=\"async\" width=\"244\" height=\"309\" src=\"https:\/\/managevirtually.sdu.edu.tr\/pl\/wp-content\/uploads\/sites\/6\/2024\/10\/image-22.png\" alt=\"\" class=\"wp-image-351\" srcset=\"https:\/\/managevirtually.sdu.edu.tr\/pl\/wp-content\/uploads\/sites\/6\/2024\/10\/image-22.png 244w, https:\/\/managevirtually.sdu.edu.tr\/pl\/wp-content\/uploads\/sites\/6\/2024\/10\/image-22-237x300.png 237w\" sizes=\"(max-width: 244px) 100vw, 244px\" \/><\/figure>\n\n\n\n<p>Prof. dr Iulia Jianu jest doktorem habilitowanym w dziedzinie rachunkowo\u015bci na Uniwersytecie Studi\u00f3w Ekonomicznych w Bukareszcie (ASE), na Wydziale Rachunkowo\u015bci i System\u00f3w Informacyjnych Zarz\u0105dzania (CIG), w Katedrze Rachunkowo\u015bci i Audytu. Od 2020 roku pe\u0142ni funkcj\u0119 profesora nadzwyczajnego w Mi\u0119dzynarodowym Instytucie Zarz\u0105dzania (Conservatoire National des Arts et M\u00e9tiers de Paris, CNAM) we Francji.<\/p>\n\n\n\n<p>Od 2018 roku jest koordynatorem studi\u00f3w doktoranckich na Wydziale Rachunkowo\u015bci i Audytu Uniwersytetu Studi\u00f3w Ekonomicznych w Bukareszcie. W latach 2013\u20132019 pe\u0142ni\u0142a funkcj\u0119 dyrektora programowego rumu\u0144sko-francuskiego programu INDE MBA, organizowanego we wsp\u00f3\u0142pracy mi\u0119dzy Conservatoire National des Arts et M\u00e9tiers de Paris a Uniwersytetem Studi\u00f3w Ekonomicznych w Bukareszcie. W tym samym okresie by\u0142a tak\u017ce prodziekanem Bukareszte\u0144skiej Szko\u0142y Biznesu.<\/p>\n\n\n\n<p>W latach 2012\u20132016 kierowa\u0142a programem w ramach europejskiego programu post-master w rachunkowo\u015bci, organizowanego przez Uniwersytet w Tilburgu, Uniwersytet w Walencji oraz Uniwersytet Studi\u00f3w Ekonomicznych w Bukareszcie.<\/p>\n\n\n\n<p>Prof. Jianu jest cz\u0142onkiem Senatu Uniwersytetu Studi\u00f3w Ekonomicznych w Bukareszcie i aktywnym cz\u0142onkiem licznych organizacji zawodowych, takich jak:<\/p>\n\n\n\n<ul class=\"wp-block-list\">\n<li>Acad\u00e9mie des \u00c9tudes et Techniques Comptables et Financi\u00e8res (AETCF),<\/li>\n\n\n\n<li>Association Francophone de Comptabilit\u00e9 (AFC),<\/li>\n\n\n\n<li>International Association of Accounting and Educational Research (IAAER),<\/li>\n\n\n\n<li>European Accounting Association (EAA),<\/li>\n\n\n\n<li>Asocia\u0163ia Rom\u00e2n\u0103 de Contabilitate (ARC).<\/li>\n<\/ul>\n","protected":false},"excerpt":{"rendered":"<p>Prof. dr Iulia Jianu jest doktorem habilitowanym w dziedzinie rachunkowo\u015bci na Uniwersytecie Studi\u00f3w Ekonomicznych w Bukareszcie (ASE), na Wydziale Rachunkowo\u015bci i System\u00f3w Informacyjnych Zarz\u0105dzania (CIG), w Katedrze Rachunkowo\u015bci i Audytu. Od 2020 roku pe\u0142ni funkcj\u0119 profesora nadzwyczajnego w Mi\u0119dzynarodowym Instytucie Zarz\u0105dzania (Conservatoire National des Arts et M\u00e9tiers de Paris, CNAM) we Francji. Od 2018 roku [&hellip;]<\/p>\n","protected":false},"author":1,"featured_media":0,"parent":0,"menu_order":0,"comment_status":"closed","ping_status":"closed","template":"","meta":{"footnotes":""},"class_list":["post-350","page","type-page","status-publish","hentry"],"_links":{"self":[{"href":"https:\/\/managevirtually.sdu.edu.tr\/pl\/wp-json\/wp\/v2\/pages\/350"}],"collection":[{"href":"https:\/\/managevirtually.sdu.edu.tr\/pl\/wp-json\/wp\/v2\/pages"}],"about":[{"href":"https:\/\/managevirtually.sdu.edu.tr\/pl\/wp-json\/wp\/v2\/types\/page"}],"author":[{"embeddable":true,"href":"https:\/\/managevirtually.sdu.edu.tr\/pl\/wp-json\/wp\/v2\/users\/1"}],"replies":[{"embeddable":true,"href":"https:\/\/managevirtually.sdu.edu.tr\/pl\/wp-json\/wp\/v2\/comments?post=350"}],"version-history":[{"count":1,"href":"https:\/\/managevirtually.sdu.edu.tr\/pl\/wp-json\/wp\/v2\/pages\/350\/revisions"}],"predecessor-version":[{"id":481,"href":"https:\/\/managevirtually.sdu.edu.tr\/pl\/wp-json\/wp\/v2\/pages\/350\/revisions\/481"}],"wp:attachment":[{"href":"https:\/\/managevirtually.sdu.edu.tr\/pl\/wp-json\/wp\/v2\/media?parent=350"}],"curies":[{"name":"wp","href":"https:\/\/api.w.org\/{rel}","templated":true}]}}