{"id":347,"date":"2024-10-16T16:49:22","date_gmt":"2024-10-16T16:49:22","guid":{"rendered":"https:\/\/managevirtually.sdu.edu.tr\/?page_id=347"},"modified":"2024-12-22T21:11:08","modified_gmt":"2024-12-22T18:11:08","slug":"ro-person1","status":"publish","type":"page","link":"https:\/\/managevirtually.sdu.edu.tr\/pl\/ro-person1\/","title":{"rendered":"Prof. dr Erika MARIN"},"content":{"rendered":"\n<figure class=\"wp-block-image aligncenter size-full\"><img loading=\"lazy\" decoding=\"async\" width=\"254\" height=\"292\" src=\"https:\/\/managevirtually.sdu.edu.tr\/pl\/wp-content\/uploads\/sites\/6\/2024\/10\/image-21.png\" alt=\"\" class=\"wp-image-348\"\/><\/figure>\n\n\n\n<p>Prof. dr Erika Marin jest profesorem zwyczajnym w Katedrze Statystyki i Ekonometrii na Wydziale Cybernetyki, Statystyki i Informatyki Ekonomicznej Uniwersytetu Studi\u00f3w Ekonomicznych w Bukareszcie. Prowadzi kursy takie jak: Statystyka, Ekonometria, Analiza danych mened\u017cerskich oraz Statystyka makroekonomiczna na r\u00f3\u017cnych poziomach kszta\u0142cenia (studia licencjackie, magisterskie i MBA).<\/p>\n\n\n\n<p>Od 2019 roku pe\u0142ni funkcj\u0119 kierownika Katedry Statystyki i Ekonometrii, zarz\u0105dzaj\u0105c zespo\u0142em sk\u0142adaj\u0105cym si\u0119 z 40 nauczycieli i naukowc\u00f3w.<\/p>\n\n\n\n<p>Prof. Marin jest redaktorem naczelnym czasopisma <em>Journal of Social and Economic Statistics<\/em> (JSES) oraz Associate Editor czasopisma <em>Romanian Journal of Regional Science<\/em> (RJRS). Od 2013 roku pe\u0142ni funkcj\u0119 wiceprezesa Romanian Regional Science Association. Jest r\u00f3wnie\u017c aktywnym cz\u0142onkiem mi\u0119dzynarodowych organizacji naukowych, takich jak ERSA i RSAI.<\/p>\n\n\n\n<p>Dodatkowo od 2019 roku jest cz\u0142onkiem Senatu Uniwersytetu Studi\u00f3w Ekonomicznych w Bukareszcie oraz cz\u0142onkiem Rady Wydzia\u0142u Cybernetyki, Statystyki i Informatyki Ekonomicznej na tej samej uczelni.<\/p>\n","protected":false},"excerpt":{"rendered":"<p>Prof. dr Erika Marin jest profesorem zwyczajnym w Katedrze Statystyki i Ekonometrii na Wydziale Cybernetyki, Statystyki i Informatyki Ekonomicznej Uniwersytetu Studi\u00f3w Ekonomicznych w Bukareszcie. Prowadzi kursy takie jak: Statystyka, Ekonometria, Analiza danych mened\u017cerskich oraz Statystyka makroekonomiczna na r\u00f3\u017cnych poziomach kszta\u0142cenia (studia licencjackie, magisterskie i MBA). Od 2019 roku pe\u0142ni funkcj\u0119 kierownika Katedry Statystyki i Ekonometrii, [&hellip;]<\/p>\n","protected":false},"author":1,"featured_media":0,"parent":0,"menu_order":0,"comment_status":"closed","ping_status":"closed","template":"","meta":{"footnotes":""},"class_list":["post-347","page","type-page","status-publish","hentry"],"_links":{"self":[{"href":"https:\/\/managevirtually.sdu.edu.tr\/pl\/wp-json\/wp\/v2\/pages\/347"}],"collection":[{"href":"https:\/\/managevirtually.sdu.edu.tr\/pl\/wp-json\/wp\/v2\/pages"}],"about":[{"href":"https:\/\/managevirtually.sdu.edu.tr\/pl\/wp-json\/wp\/v2\/types\/page"}],"author":[{"embeddable":true,"href":"https:\/\/managevirtually.sdu.edu.tr\/pl\/wp-json\/wp\/v2\/users\/1"}],"replies":[{"embeddable":true,"href":"https:\/\/managevirtually.sdu.edu.tr\/pl\/wp-json\/wp\/v2\/comments?post=347"}],"version-history":[{"count":1,"href":"https:\/\/managevirtually.sdu.edu.tr\/pl\/wp-json\/wp\/v2\/pages\/347\/revisions"}],"predecessor-version":[{"id":480,"href":"https:\/\/managevirtually.sdu.edu.tr\/pl\/wp-json\/wp\/v2\/pages\/347\/revisions\/480"}],"wp:attachment":[{"href":"https:\/\/managevirtually.sdu.edu.tr\/pl\/wp-json\/wp\/v2\/media?parent=347"}],"curies":[{"name":"wp","href":"https:\/\/api.w.org\/{rel}","templated":true}]}}