{"id":343,"date":"2024-10-16T16:47:26","date_gmt":"2024-10-16T16:47:26","guid":{"rendered":"https:\/\/managevirtually.sdu.edu.tr\/?page_id=343"},"modified":"2024-12-22T21:19:34","modified_gmt":"2024-12-22T18:19:34","slug":"pl-person3","status":"publish","type":"page","link":"https:\/\/managevirtually.sdu.edu.tr\/pl\/pl-person3\/","title":{"rendered":"Prof. dr hab. Anna Maria LIS"},"content":{"rendered":"\n<figure class=\"wp-block-image aligncenter size-full\"><img loading=\"lazy\" decoding=\"async\" width=\"285\" height=\"428\" src=\"https:\/\/managevirtually.sdu.edu.tr\/pl\/wp-content\/uploads\/sites\/6\/2024\/10\/image-20.png\" alt=\"\" class=\"wp-image-344\" srcset=\"https:\/\/managevirtually.sdu.edu.tr\/pl\/wp-content\/uploads\/sites\/6\/2024\/10\/image-20.png 285w, https:\/\/managevirtually.sdu.edu.tr\/pl\/wp-content\/uploads\/sites\/6\/2024\/10\/image-20-200x300.png 200w\" sizes=\"(max-width: 285px) 100vw, 285px\" \/><\/figure>\n\n\n\n<p>Prof. dr hab. Anna Maria Lis jest profesorem Politechniki Gda\u0144skiej, wyk\u0142adowc\u0105 i badaczk\u0105 specjalizuj\u0105c\u0105 si\u0119 w zarz\u0105dzaniu innowacjami, rozwoju nowych produkt\u00f3w oraz zarz\u0105dzaniu \u015brodowiskowym. Jest wsp\u00f3\u0142redaktorem mi\u0119dzynarodowego czasopisma naukowego <em>Journal of Entrepreneurship, Management and Innovation (JEMI)<\/em>.<\/p>\n\n\n\n<p>Jej dorobek naukowy obejmuje ponad 70 publikacji, w tym ksi\u0105\u017cki wydane przez <em>Routledge<\/em> w latach 2021, 2022 i 2023. Bra\u0142a udzia\u0142 w 10 projektach badawczych realizowanych w o\u015brodkach akademickich oraz intensywnie anga\u017cowa\u0142a si\u0119 w wsp\u00f3\u0142prac\u0119 mi\u0119dzynarodow\u0105, w tym w programach europejskich takich jak <em>INNET, COSME, ERASMUS, LOCALISED \u2013 Horizon 2020<\/em> oraz <em>NEPTUN \u2013 Europe Horizon<\/em>.<\/p>\n\n\n\n<p>Prof. Lis odby\u0142a liczne sta\u017ce naukowe na presti\u017cowych uczelniach, m.in. University of Michigan, Nanjing University of Aeronautics and Astronautics, Aalborg University, Karlsruhe Institute of Technology oraz Norwegian University of Science and Technology.<\/p>\n\n\n\n<p>Wsp\u00f3\u0142pracowa\u0142a tak\u017ce z firmami doradczymi i szkoleniowymi, organizacjami klastrowymi oraz instytucjami wspieraj\u0105cymi biznes, przyczyniaj\u0105c si\u0119 do integracji nauki i praktyki gospodarczej.<\/p>\n","protected":false},"excerpt":{"rendered":"<p>Prof. dr hab. Anna Maria Lis jest profesorem Politechniki Gda\u0144skiej, wyk\u0142adowc\u0105 i badaczk\u0105 specjalizuj\u0105c\u0105 si\u0119 w zarz\u0105dzaniu innowacjami, rozwoju nowych produkt\u00f3w oraz zarz\u0105dzaniu \u015brodowiskowym. Jest wsp\u00f3\u0142redaktorem mi\u0119dzynarodowego czasopisma naukowego Journal of Entrepreneurship, Management and Innovation (JEMI). Jej dorobek naukowy obejmuje ponad 70 publikacji, w tym ksi\u0105\u017cki wydane przez Routledge w latach 2021, 2022 i 2023. [&hellip;]<\/p>\n","protected":false},"author":1,"featured_media":0,"parent":0,"menu_order":0,"comment_status":"closed","ping_status":"closed","template":"","meta":{"footnotes":""},"class_list":["post-343","page","type-page","status-publish","hentry"],"_links":{"self":[{"href":"https:\/\/managevirtually.sdu.edu.tr\/pl\/wp-json\/wp\/v2\/pages\/343"}],"collection":[{"href":"https:\/\/managevirtually.sdu.edu.tr\/pl\/wp-json\/wp\/v2\/pages"}],"about":[{"href":"https:\/\/managevirtually.sdu.edu.tr\/pl\/wp-json\/wp\/v2\/types\/page"}],"author":[{"embeddable":true,"href":"https:\/\/managevirtually.sdu.edu.tr\/pl\/wp-json\/wp\/v2\/users\/1"}],"replies":[{"embeddable":true,"href":"https:\/\/managevirtually.sdu.edu.tr\/pl\/wp-json\/wp\/v2\/comments?post=343"}],"version-history":[{"count":1,"href":"https:\/\/managevirtually.sdu.edu.tr\/pl\/wp-json\/wp\/v2\/pages\/343\/revisions"}],"predecessor-version":[{"id":488,"href":"https:\/\/managevirtually.sdu.edu.tr\/pl\/wp-json\/wp\/v2\/pages\/343\/revisions\/488"}],"wp:attachment":[{"href":"https:\/\/managevirtually.sdu.edu.tr\/pl\/wp-json\/wp\/v2\/media?parent=343"}],"curies":[{"name":"wp","href":"https:\/\/api.w.org\/{rel}","templated":true}]}}