{"id":340,"date":"2024-10-16T16:46:51","date_gmt":"2024-10-16T16:46:51","guid":{"rendered":"https:\/\/managevirtually.sdu.edu.tr\/?page_id=340"},"modified":"2024-12-22T21:18:36","modified_gmt":"2024-12-22T18:18:36","slug":"pl-person2","status":"publish","type":"page","link":"https:\/\/managevirtually.sdu.edu.tr\/pl\/pl-person2\/","title":{"rendered":"Adiunkt dr in\u017c. Anna Maria TRZASKOWSKA"},"content":{"rendered":"\n<figure class=\"wp-block-image aligncenter size-full\"><img loading=\"lazy\" decoding=\"async\" width=\"340\" height=\"337\" src=\"https:\/\/managevirtually.sdu.edu.tr\/pl\/wp-content\/uploads\/sites\/6\/2024\/10\/image-19.png\" alt=\"\" class=\"wp-image-341\" srcset=\"https:\/\/managevirtually.sdu.edu.tr\/pl\/wp-content\/uploads\/sites\/6\/2024\/10\/image-19.png 340w, https:\/\/managevirtually.sdu.edu.tr\/pl\/wp-content\/uploads\/sites\/6\/2024\/10\/image-19-300x297.png 300w, https:\/\/managevirtually.sdu.edu.tr\/pl\/wp-content\/uploads\/sites\/6\/2024\/10\/image-19-150x150.png 150w\" sizes=\"(max-width: 340px) 100vw, 340px\" \/><\/figure>\n\n\n\n<p>Anna Maria Trzaskowska jest adiunktem w Katedrze Informatyki w Zarz\u0105dzaniu na Wydziale Zarz\u0105dzania i Ekonomii Politechniki Gda\u0144skiej. Posiada tytu\u0142 magistra w zakresie system\u00f3w zarz\u0105dzania oraz stopie\u0144 doktora nauk o zarz\u0105dzaniu, uzyskany na Politechnice Pozna\u0144skiej.<\/p>\n\n\n\n<p>Prowadzi\u0142a szeroki zakres zaj\u0119\u0107 dydaktycznych, obejmuj\u0105cych zar\u00f3wno podstawowe zagadnienia, takie jak fundamenty i metody zarz\u0105dzania, jak i przedmioty kierunkowe, m.in. zarz\u0105dzanie strategiczne oraz zarz\u0105dzanie projektami. Dodatkowo specjalizuje si\u0119 w takich obszarach, jak zarz\u0105dzanie relacjami z klientami, projektowanie projekt\u00f3w komercyjnych i us\u0142ugowych, zarz\u0105dzanie wiedz\u0105 oraz metody zwinne.<\/p>\n\n\n\n<p>Jest tak\u017ce do\u015bwiadczonym trenerem i doradc\u0105 w firmie konsultingowej, z szczeg\u00f3lnym uwzgl\u0119dnieniem zarz\u0105dzania projektami. Jej zainteresowania naukowe koncentruj\u0105 si\u0119 na metodach zwinnych, zarz\u0105dzaniu szczup\u0142ym, jako\u015bci i digitalizacji w szkolnictwie wy\u017cszym, a tak\u017ce na analizie danych, w tym Business Intelligence i baz danych.<\/p>\n\n\n\n<p>Anna Maria Trzaskowska pe\u0142ni funkcj\u0119 kierownika projektu Erasmus+ <em>DEMS \u2013 Rozw\u00f3j umiej\u0119tno\u015bci e-marketingowych dla rynku biznesowego<\/em>, kt\u00f3ry ma na celu zmniejszenie luki kompetencyjnej w obszarze marketingu cyfrowego, szczeg\u00f3lnie w sektorze ma\u0142ych i \u015brednich przedsi\u0119biorstw (M\u015aP). Jest r\u00f3wnie\u017c cz\u0142onkiem zespo\u0142u projektowego w inicjatywie <em>Enhance+<\/em>.<\/p>\n","protected":false},"excerpt":{"rendered":"<p>Anna Maria Trzaskowska jest adiunktem w Katedrze Informatyki w Zarz\u0105dzaniu na Wydziale Zarz\u0105dzania i Ekonomii Politechniki Gda\u0144skiej. Posiada tytu\u0142 magistra w zakresie system\u00f3w zarz\u0105dzania oraz stopie\u0144 doktora nauk o zarz\u0105dzaniu, uzyskany na Politechnice Pozna\u0144skiej. Prowadzi\u0142a szeroki zakres zaj\u0119\u0107 dydaktycznych, obejmuj\u0105cych zar\u00f3wno podstawowe zagadnienia, takie jak fundamenty i metody zarz\u0105dzania, jak i przedmioty kierunkowe, m.in. zarz\u0105dzanie [&hellip;]<\/p>\n","protected":false},"author":1,"featured_media":0,"parent":0,"menu_order":0,"comment_status":"closed","ping_status":"closed","template":"","meta":{"footnotes":""},"class_list":["post-340","page","type-page","status-publish","hentry"],"_links":{"self":[{"href":"https:\/\/managevirtually.sdu.edu.tr\/pl\/wp-json\/wp\/v2\/pages\/340"}],"collection":[{"href":"https:\/\/managevirtually.sdu.edu.tr\/pl\/wp-json\/wp\/v2\/pages"}],"about":[{"href":"https:\/\/managevirtually.sdu.edu.tr\/pl\/wp-json\/wp\/v2\/types\/page"}],"author":[{"embeddable":true,"href":"https:\/\/managevirtually.sdu.edu.tr\/pl\/wp-json\/wp\/v2\/users\/1"}],"replies":[{"embeddable":true,"href":"https:\/\/managevirtually.sdu.edu.tr\/pl\/wp-json\/wp\/v2\/comments?post=340"}],"version-history":[{"count":1,"href":"https:\/\/managevirtually.sdu.edu.tr\/pl\/wp-json\/wp\/v2\/pages\/340\/revisions"}],"predecessor-version":[{"id":487,"href":"https:\/\/managevirtually.sdu.edu.tr\/pl\/wp-json\/wp\/v2\/pages\/340\/revisions\/487"}],"wp:attachment":[{"href":"https:\/\/managevirtually.sdu.edu.tr\/pl\/wp-json\/wp\/v2\/media?parent=340"}],"curies":[{"name":"wp","href":"https:\/\/api.w.org\/{rel}","templated":true}]}}