{"id":337,"date":"2024-10-16T16:46:06","date_gmt":"2024-10-16T16:46:06","guid":{"rendered":"https:\/\/managevirtually.sdu.edu.tr\/?page_id=337"},"modified":"2024-12-22T21:17:57","modified_gmt":"2024-12-22T18:17:57","slug":"pl-person1","status":"publish","type":"page","link":"https:\/\/managevirtually.sdu.edu.tr\/pl\/pl-person1\/","title":{"rendered":"Adiunkt dr in\u017c. Ewa MARJA\u0143SKA"},"content":{"rendered":"\n<figure class=\"wp-block-image aligncenter size-full\"><img loading=\"lazy\" decoding=\"async\" width=\"249\" height=\"373\" src=\"https:\/\/managevirtually.sdu.edu.tr\/pl\/wp-content\/uploads\/sites\/6\/2024\/10\/image-18.png\" alt=\"\" class=\"wp-image-338\" srcset=\"https:\/\/managevirtually.sdu.edu.tr\/pl\/wp-content\/uploads\/sites\/6\/2024\/10\/image-18.png 249w, https:\/\/managevirtually.sdu.edu.tr\/pl\/wp-content\/uploads\/sites\/6\/2024\/10\/image-18-200x300.png 200w\" sizes=\"(max-width: 249px) 100vw, 249px\" \/><\/figure>\n\n\n\n<p>Ewa Marja\u0144ska jest adiunktem na Wydziale Zarz\u0105dzania i Ekonomii Politechniki Gda\u0144skiej. Uzyska\u0142a stopie\u0144 doktora w dziedzinie towaroznawstwa, a jej zainteresowania naukowe obejmuj\u0105 metody ilo\u015bciowego pomiaru jako\u015bci, w tym analiz\u0119 jako\u015bci \u017cywno\u015bci, systemy zarz\u0105dzania jako\u015bci\u0105 oraz jako\u015b\u0107 kszta\u0142cenia wy\u017cszego.<\/p>\n\n\n\n<p>Jest autork\u0105 licznych publikacji w mi\u0119dzynarodowych czasopismach recenzowanych, takich jak <em>Desalination Water Treatment<\/em>, <em>Journal of Texture Studies<\/em> czy <em>IEEE Sensors<\/em>, a tak\u017ce wsp\u00f3\u0142autork\u0105 patentu dotycz\u0105cego pomiaru parametr\u00f3w jako\u015bciowych wybranych napoj\u00f3w.<\/p>\n\n\n\n<p>Od grudnia 2021 roku pe\u0142ni funkcj\u0119 g\u0142\u00f3wnego badacza w projekcie <em>Education for Quality Improvement Project (Edu4QI)<\/em>, realizowanym w ramach grant\u00f3w finansowanych przez Islandi\u0119, Liechtenstein i Norwegi\u0119. Jej najnowsze badania koncentruj\u0105 si\u0119 na zagadnieniach zwi\u0105zanych z przyw\u00f3dztwem.<\/p>\n","protected":false},"excerpt":{"rendered":"<p>Ewa Marja\u0144ska jest adiunktem na Wydziale Zarz\u0105dzania i Ekonomii Politechniki Gda\u0144skiej. Uzyska\u0142a stopie\u0144 doktora w dziedzinie towaroznawstwa, a jej zainteresowania naukowe obejmuj\u0105 metody ilo\u015bciowego pomiaru jako\u015bci, w tym analiz\u0119 jako\u015bci \u017cywno\u015bci, systemy zarz\u0105dzania jako\u015bci\u0105 oraz jako\u015b\u0107 kszta\u0142cenia wy\u017cszego. Jest autork\u0105 licznych publikacji w mi\u0119dzynarodowych czasopismach recenzowanych, takich jak Desalination Water Treatment, Journal of Texture Studies [&hellip;]<\/p>\n","protected":false},"author":1,"featured_media":0,"parent":0,"menu_order":0,"comment_status":"closed","ping_status":"closed","template":"","meta":{"footnotes":""},"class_list":["post-337","page","type-page","status-publish","hentry"],"_links":{"self":[{"href":"https:\/\/managevirtually.sdu.edu.tr\/pl\/wp-json\/wp\/v2\/pages\/337"}],"collection":[{"href":"https:\/\/managevirtually.sdu.edu.tr\/pl\/wp-json\/wp\/v2\/pages"}],"about":[{"href":"https:\/\/managevirtually.sdu.edu.tr\/pl\/wp-json\/wp\/v2\/types\/page"}],"author":[{"embeddable":true,"href":"https:\/\/managevirtually.sdu.edu.tr\/pl\/wp-json\/wp\/v2\/users\/1"}],"replies":[{"embeddable":true,"href":"https:\/\/managevirtually.sdu.edu.tr\/pl\/wp-json\/wp\/v2\/comments?post=337"}],"version-history":[{"count":1,"href":"https:\/\/managevirtually.sdu.edu.tr\/pl\/wp-json\/wp\/v2\/pages\/337\/revisions"}],"predecessor-version":[{"id":486,"href":"https:\/\/managevirtually.sdu.edu.tr\/pl\/wp-json\/wp\/v2\/pages\/337\/revisions\/486"}],"wp:attachment":[{"href":"https:\/\/managevirtually.sdu.edu.tr\/pl\/wp-json\/wp\/v2\/media?parent=337"}],"curies":[{"name":"wp","href":"https:\/\/api.w.org\/{rel}","templated":true}]}}