{"id":333,"date":"2024-10-16T16:41:39","date_gmt":"2024-10-16T16:41:39","guid":{"rendered":"https:\/\/managevirtually.sdu.edu.tr\/?page_id=333"},"modified":"2024-12-22T21:06:49","modified_gmt":"2024-12-22T18:06:49","slug":"it-person3","status":"publish","type":"page","link":"https:\/\/managevirtually.sdu.edu.tr\/pl\/it-person3\/","title":{"rendered":"Prof. dr Francesco PEPE"},"content":{"rendered":"\n<figure class=\"wp-block-image aligncenter size-full\"><img loading=\"lazy\" decoding=\"async\" width=\"282\" height=\"372\" src=\"https:\/\/managevirtually.sdu.edu.tr\/pl\/wp-content\/uploads\/sites\/6\/2024\/10\/image-17.png\" alt=\"\" class=\"wp-image-334\" srcset=\"https:\/\/managevirtually.sdu.edu.tr\/pl\/wp-content\/uploads\/sites\/6\/2024\/10\/image-17.png 282w, https:\/\/managevirtually.sdu.edu.tr\/pl\/wp-content\/uploads\/sites\/6\/2024\/10\/image-17-227x300.png 227w\" sizes=\"(max-width: 282px) 100vw, 282px\" \/><\/figure>\n\n\n\n<p>Francesco Pepe jest profesorem zwyczajnym w dziedzinie zak\u0142ad\u00f3w chemicznych na Wydziale In\u017cynierii Uniwersyttu w Sannio. Wcze\u015bniej pe\u0142ni\u0142 funkcj\u0119 profesora nadzwyczajnego na tym samym uniwersytecie oraz na Uniwersytecie Bolo\u0144skim, a tak\u017ce pracownika naukowego na Universit\u00e0 della Campania Luigi Vanvitelli. W ramach swojej dzia\u0142alno\u015bci dydaktycznej prowadzi\u0142 r\u00f3\u017cne kursy in\u017cynierii chemicznej na Uniwersytecie w Sannio (Wydzia\u0142 In\u017cynierii), Uniwersytecie w Neapolu Federico II (Szko\u0142a In\u017cynierii), Uniwersytecie w Bolonii (Szko\u0142a Chemii Przemys\u0142owej i Szko\u0142a Biotechnologii) oraz Uniwersytecie w Perugii (Szko\u0142a In\u017cynierii).<\/p>\n\n\n\n<p>Jego dzia\u0142alno\u015b\u0107 naukowa koncentruje si\u0119 g\u0142\u00f3wnie na modelowaniu proces\u00f3w reaktywnych i transferu masy w kontek\u015bcie zastosowa\u0144 \u015brodowiskowych in\u017cynierii chemicznej. Dorobek naukowy obejmuje ponad 100 artyku\u0142\u00f3w opublikowanych w mi\u0119dzynarodowych czasopismach, kt\u00f3re by\u0142y cytowane ponad 2400 razy, przy indeksie H wynosz\u0105cym 33 (identyfikator Scopus\u00ae: 7103383183). Grupa badawcza, kt\u00f3r\u0105 koordynuje, wyr\u00f3\u017cnia si\u0119 intensywn\u0105 wsp\u00f3\u0142prac\u0105 mi\u0119dzynarodow\u0105, m.in. z Zhejiang Normal University (Chiny), Teesside University (Wielka Brytania), Cranfield University (Wielka Brytania) oraz Yasouj University (Iran). Francesco Pepe by\u0142 r\u00f3wnie\u017c profesorem wizytuj\u0105cym na wielu zagranicznych uniwersytetach, takich jak Zhejiang Normal University i Shanghai Jiao Tong University (Chiny), Universidad de Oviedo (Hiszpania) oraz Abo Akademi (Finlandia).<\/p>\n\n\n\n<p>Francesco Pepe dzia\u0142a r\u00f3wnie\u017c jako konsultant, wsp\u00f3\u0142pracuj\u0105c z podmiotami publicznymi, takimi jak rz\u0105d regionalny Kampanii, administracje prowincji Benevento i Avellino oraz prokuratura w Rzymie, a tak\u017ce z wieloma firmami prywatnymi.<\/p>\n","protected":false},"excerpt":{"rendered":"<p>Francesco Pepe jest profesorem zwyczajnym w dziedzinie zak\u0142ad\u00f3w chemicznych na Wydziale In\u017cynierii Uniwersyttu w Sannio. Wcze\u015bniej pe\u0142ni\u0142 funkcj\u0119 profesora nadzwyczajnego na tym samym uniwersytecie oraz na Uniwersytecie Bolo\u0144skim, a tak\u017ce pracownika naukowego na Universit\u00e0 della Campania Luigi Vanvitelli. W ramach swojej dzia\u0142alno\u015bci dydaktycznej prowadzi\u0142 r\u00f3\u017cne kursy in\u017cynierii chemicznej na Uniwersytecie w Sannio (Wydzia\u0142 In\u017cynierii), Uniwersytecie [&hellip;]<\/p>\n","protected":false},"author":1,"featured_media":0,"parent":0,"menu_order":0,"comment_status":"closed","ping_status":"closed","template":"","meta":{"footnotes":""},"class_list":["post-333","page","type-page","status-publish","hentry"],"_links":{"self":[{"href":"https:\/\/managevirtually.sdu.edu.tr\/pl\/wp-json\/wp\/v2\/pages\/333"}],"collection":[{"href":"https:\/\/managevirtually.sdu.edu.tr\/pl\/wp-json\/wp\/v2\/pages"}],"about":[{"href":"https:\/\/managevirtually.sdu.edu.tr\/pl\/wp-json\/wp\/v2\/types\/page"}],"author":[{"embeddable":true,"href":"https:\/\/managevirtually.sdu.edu.tr\/pl\/wp-json\/wp\/v2\/users\/1"}],"replies":[{"embeddable":true,"href":"https:\/\/managevirtually.sdu.edu.tr\/pl\/wp-json\/wp\/v2\/comments?post=333"}],"version-history":[{"count":1,"href":"https:\/\/managevirtually.sdu.edu.tr\/pl\/wp-json\/wp\/v2\/pages\/333\/revisions"}],"predecessor-version":[{"id":478,"href":"https:\/\/managevirtually.sdu.edu.tr\/pl\/wp-json\/wp\/v2\/pages\/333\/revisions\/478"}],"wp:attachment":[{"href":"https:\/\/managevirtually.sdu.edu.tr\/pl\/wp-json\/wp\/v2\/media?parent=333"}],"curies":[{"name":"wp","href":"https:\/\/api.w.org\/{rel}","templated":true}]}}