{"id":330,"date":"2024-10-16T16:40:59","date_gmt":"2024-10-16T16:40:59","guid":{"rendered":"https:\/\/managevirtually.sdu.edu.tr\/?page_id=330"},"modified":"2024-12-22T21:06:13","modified_gmt":"2024-12-22T18:06:13","slug":"it-person2","status":"publish","type":"page","link":"https:\/\/managevirtually.sdu.edu.tr\/pl\/it-person2\/","title":{"rendered":"Adiunkt dr Raffaela CIUFFREDA"},"content":{"rendered":"\n<figure class=\"wp-block-image aligncenter size-full\"><img loading=\"lazy\" decoding=\"async\" width=\"338\" height=\"386\" src=\"https:\/\/managevirtually.sdu.edu.tr\/pl\/wp-content\/uploads\/sites\/6\/2024\/10\/image-16.png\" alt=\"\" class=\"wp-image-331\" srcset=\"https:\/\/managevirtually.sdu.edu.tr\/pl\/wp-content\/uploads\/sites\/6\/2024\/10\/image-16.png 338w, https:\/\/managevirtually.sdu.edu.tr\/pl\/wp-content\/uploads\/sites\/6\/2024\/10\/image-16-263x300.png 263w\" sizes=\"(max-width: 338px) 100vw, 338px\" \/><\/figure>\n\n\n\n<p>Raffaela Ciuffreda jest adiunktem statystyki na Uniwersytecie Studi\u00f3w Mi\u0119dzynarodowych w Rzymie oraz pracownikiem naukowym w dziedzinie narz\u0119dzi statystycznych na Uniwersytecie w Sannio. Uzyska\u0142a tytu\u0142 doktora statystyki na Uniwersytecie w Sannio, a dzi\u0119ki wcze\u015bniejszym do\u015bwiadczeniom zdoby\u0142a dwa stypendia badawcze: pierwsze w zakresie \u201eNarz\u0119dzi statystycznych do podejmowania decyzji\u201d na Uniwersytecie w Sannio, a drugie w zakresie \u201eRozwoju liniowych i nieliniowych modeli statystycznych\u201d w CNR. By\u0142a studentk\u0105 wizytuj\u0105c\u0105 na Uniwersytecie w Hanoi w Wietnamie oraz na Uniwersytecie Technologicznym Zhongyuan w Chinach. Jest autork\u0105 artyku\u0142\u00f3w opublikowanych w mi\u0119dzynarodowych czasopismach.<\/p>\n","protected":false},"excerpt":{"rendered":"<p>Raffaela Ciuffreda jest adiunktem statystyki na Uniwersytecie Studi\u00f3w Mi\u0119dzynarodowych w Rzymie oraz pracownikiem naukowym w dziedzinie narz\u0119dzi statystycznych na Uniwersytecie w Sannio. Uzyska\u0142a tytu\u0142 doktora statystyki na Uniwersytecie w Sannio, a dzi\u0119ki wcze\u015bniejszym do\u015bwiadczeniom zdoby\u0142a dwa stypendia badawcze: pierwsze w zakresie \u201eNarz\u0119dzi statystycznych do podejmowania decyzji\u201d na Uniwersytecie w Sannio, a drugie w zakresie \u201eRozwoju [&hellip;]<\/p>\n","protected":false},"author":1,"featured_media":0,"parent":0,"menu_order":0,"comment_status":"closed","ping_status":"closed","template":"","meta":{"footnotes":""},"class_list":["post-330","page","type-page","status-publish","hentry"],"_links":{"self":[{"href":"https:\/\/managevirtually.sdu.edu.tr\/pl\/wp-json\/wp\/v2\/pages\/330"}],"collection":[{"href":"https:\/\/managevirtually.sdu.edu.tr\/pl\/wp-json\/wp\/v2\/pages"}],"about":[{"href":"https:\/\/managevirtually.sdu.edu.tr\/pl\/wp-json\/wp\/v2\/types\/page"}],"author":[{"embeddable":true,"href":"https:\/\/managevirtually.sdu.edu.tr\/pl\/wp-json\/wp\/v2\/users\/1"}],"replies":[{"embeddable":true,"href":"https:\/\/managevirtually.sdu.edu.tr\/pl\/wp-json\/wp\/v2\/comments?post=330"}],"version-history":[{"count":1,"href":"https:\/\/managevirtually.sdu.edu.tr\/pl\/wp-json\/wp\/v2\/pages\/330\/revisions"}],"predecessor-version":[{"id":477,"href":"https:\/\/managevirtually.sdu.edu.tr\/pl\/wp-json\/wp\/v2\/pages\/330\/revisions\/477"}],"wp:attachment":[{"href":"https:\/\/managevirtually.sdu.edu.tr\/pl\/wp-json\/wp\/v2\/media?parent=330"}],"curies":[{"name":"wp","href":"https:\/\/api.w.org\/{rel}","templated":true}]}}