{"id":327,"date":"2024-10-16T16:40:19","date_gmt":"2024-10-16T16:40:19","guid":{"rendered":"https:\/\/managevirtually.sdu.edu.tr\/?page_id=327"},"modified":"2024-12-22T21:05:31","modified_gmt":"2024-12-22T18:05:31","slug":"it-person1","status":"publish","type":"page","link":"https:\/\/managevirtually.sdu.edu.tr\/pl\/it-person1\/","title":{"rendered":"Prof. dr Biagio SIMONETTI"},"content":{"rendered":"\n<figure class=\"wp-block-image aligncenter size-full\"><img loading=\"lazy\" decoding=\"async\" width=\"203\" height=\"304\" src=\"https:\/\/managevirtually.sdu.edu.tr\/pl\/wp-content\/uploads\/sites\/6\/2024\/10\/image-15.png\" alt=\"\" class=\"wp-image-328\" srcset=\"https:\/\/managevirtually.sdu.edu.tr\/pl\/wp-content\/uploads\/sites\/6\/2024\/10\/image-15.png 203w, https:\/\/managevirtually.sdu.edu.tr\/pl\/wp-content\/uploads\/sites\/6\/2024\/10\/image-15-200x300.png 200w\" sizes=\"(max-width: 203px) 100vw, 203px\" \/><\/figure>\n\n\n\n<p>Biagio Simonetti uzyska\u0142 tytu\u0142 doktora w dziedzinie statystyki obliczeniowej. Obecnie zajmuje stanowisko profesora zwyczajnego w WSB Merito University w Gda\u0144sku (Polska) oraz profesora nadzwyczajnego statystyki na Universit\u00e0 degli Studi del Sannio (W\u0142ochy). Jego badania koncentruj\u0105 si\u0119 g\u0142\u00f3wnie na wielowymiarowych metodach statystycznych, ze szczeg\u00f3lnym uwzgl\u0119dnieniem analizy korespondencji, szczeg\u00f3lnie w kontek\u015bcie oceny satysfakcji klienta.<\/p>\n\n\n\n<p>Simonetti aktywnie anga\u017cuje si\u0119 w organizacj\u0119 i rozw\u00f3j programu kilku kluczowych konferencji po\u015bwi\u0119conych metodom wielowymiarowym i teorii decyzji. Jest autorem ponad 80 artyku\u0142\u00f3w naukowych, kt\u00f3re zosta\u0142y zaprezentowane na konferencjach i opublikowane w renomowanych czasopismach, takich jak <em>Journal of Multivariate Analysis<\/em>, <em>Journal of Applied Statistics<\/em>, <em>Communication in Statistics &#8211; Theory and Methods<\/em> oraz <em>Journal of Statistical Planning and Inference<\/em>.<\/p>\n\n\n\n<p>Opr\u00f3cz dzia\u0142alno\u015bci akademickiej Simonetti pe\u0142ni funkcj\u0119 delegata rektora ds. stosunk\u00f3w mi\u0119dzynarodowych na Universit\u00e0 degli Studi del Sannio. Jest tak\u017ce sekretarzem generalnym W\u0142oskiego Towarzystwa Nauk o Turystyce (SISTUR), gdzie koordynuje mi\u0119dzynarodowe projekty wspieraj\u0105ce edukacyjn\u0105 i kulturaln\u0105 wymian\u0119 niezb\u0119dn\u0105 dla rozwoju akademickiego i wsp\u00f3\u0142pracy mi\u0119dzynarodowej.<\/p>\n\n\n\n<p>Ponadto Simonetti pe\u0142ni funkcj\u0119 redaktora naczelnego czasopism <em>Quality &amp; Quantity Journal<\/em> oraz <em>Journal of Statistical Methods and Applications<\/em>. Jego zaanga\u017cowanie w te role redakcyjne podkre\u015bla jego do\u015bwiadczenie oraz wk\u0142ad w rozw\u00f3j bada\u0144 i stypendi\u00f3w w dziedzinie statystyki.<\/p>\n\n\n\n<p><\/p>\n","protected":false},"excerpt":{"rendered":"<p>Biagio Simonetti uzyska\u0142 tytu\u0142 doktora w dziedzinie statystyki obliczeniowej. Obecnie zajmuje stanowisko profesora zwyczajnego w WSB Merito University w Gda\u0144sku (Polska) oraz profesora nadzwyczajnego statystyki na Universit\u00e0 degli Studi del Sannio (W\u0142ochy). Jego badania koncentruj\u0105 si\u0119 g\u0142\u00f3wnie na wielowymiarowych metodach statystycznych, ze szczeg\u00f3lnym uwzgl\u0119dnieniem analizy korespondencji, szczeg\u00f3lnie w kontek\u015bcie oceny satysfakcji klienta. Simonetti aktywnie anga\u017cuje [&hellip;]<\/p>\n","protected":false},"author":1,"featured_media":0,"parent":0,"menu_order":0,"comment_status":"closed","ping_status":"closed","template":"","meta":{"footnotes":""},"class_list":["post-327","page","type-page","status-publish","hentry"],"_links":{"self":[{"href":"https:\/\/managevirtually.sdu.edu.tr\/pl\/wp-json\/wp\/v2\/pages\/327"}],"collection":[{"href":"https:\/\/managevirtually.sdu.edu.tr\/pl\/wp-json\/wp\/v2\/pages"}],"about":[{"href":"https:\/\/managevirtually.sdu.edu.tr\/pl\/wp-json\/wp\/v2\/types\/page"}],"author":[{"embeddable":true,"href":"https:\/\/managevirtually.sdu.edu.tr\/pl\/wp-json\/wp\/v2\/users\/1"}],"replies":[{"embeddable":true,"href":"https:\/\/managevirtually.sdu.edu.tr\/pl\/wp-json\/wp\/v2\/comments?post=327"}],"version-history":[{"count":1,"href":"https:\/\/managevirtually.sdu.edu.tr\/pl\/wp-json\/wp\/v2\/pages\/327\/revisions"}],"predecessor-version":[{"id":476,"href":"https:\/\/managevirtually.sdu.edu.tr\/pl\/wp-json\/wp\/v2\/pages\/327\/revisions\/476"}],"wp:attachment":[{"href":"https:\/\/managevirtually.sdu.edu.tr\/pl\/wp-json\/wp\/v2\/media?parent=327"}],"curies":[{"name":"wp","href":"https:\/\/api.w.org\/{rel}","templated":true}]}}