{"id":323,"date":"2024-10-16T16:35:31","date_gmt":"2024-10-16T16:35:31","guid":{"rendered":"https:\/\/managevirtually.sdu.edu.tr\/?page_id=323"},"modified":"2024-12-22T21:26:57","modified_gmt":"2024-12-22T18:26:57","slug":"pt-person5","status":"publish","type":"page","link":"https:\/\/managevirtually.sdu.edu.tr\/pl\/pt-person5\/","title":{"rendered":"Doktorantka T\u00e2nia Catarina Vila\u00e7a TEIXEIRA"},"content":{"rendered":"\n<figure class=\"wp-block-image aligncenter size-full\"><img loading=\"lazy\" decoding=\"async\" width=\"284\" height=\"266\" src=\"https:\/\/managevirtually.sdu.edu.tr\/pl\/wp-content\/uploads\/sites\/6\/2024\/10\/image-14.png\" alt=\"\" class=\"wp-image-324\"\/><\/figure>\n\n\n\n<p>T\u00e2nia Catarina Vila\u00e7a Teixeira jest doktorantk\u0105 w dziedzinie ekonomii i biznesu na Universidad Aut\u00f3noma de Madrid, z planowanym uko\u0144czeniem studi\u00f3w w 2024 roku. Uzyska\u0142a tytu\u0142 magistra audytu (2023) oraz licencjat z zarz\u0105dzania i rachunkowo\u015bci (2019) w Instituto Superior de Contabilidade e Administra\u00e7\u00e3o do Porto (ISCAP).<\/p>\n\n\n\n<p>Pe\u0142ni funkcj\u0119 starszego wyk\u0142adowcy w ISCAP, gdzie opublikowa\u0142a kilka artyku\u0142\u00f3w naukowych i aktywnie uczestniczy w wydarzeniach naukowych, seminariach oraz warsztatach. Bra\u0142a udzia\u0142 w organizacji wydarze\u0144, w tym dotycz\u0105cych cyberbezpiecze\u0144stwa, oraz nadzorowa\u0142a kilka prac magisterskich.<\/p>\n\n\n\n<p>Dodatkowo, T\u00e2nia Teixeira jest dyrektorem generalnym i wsp\u00f3\u0142za\u0142o\u017cycielem kilku firm, a tak\u017ce analitykiem w obszarach finans\u00f3w i podatk\u00f3w, \u0142\u0105cz\u0105c do\u015bwiadczenie akademickie z praktyk\u0105 biznesow\u0105.<\/p>\n","protected":false},"excerpt":{"rendered":"<p>T\u00e2nia Catarina Vila\u00e7a Teixeira jest doktorantk\u0105 w dziedzinie ekonomii i biznesu na Universidad Aut\u00f3noma de Madrid, z planowanym uko\u0144czeniem studi\u00f3w w 2024 roku. Uzyska\u0142a tytu\u0142 magistra audytu (2023) oraz licencjat z zarz\u0105dzania i rachunkowo\u015bci (2019) w Instituto Superior de Contabilidade e Administra\u00e7\u00e3o do Porto (ISCAP). Pe\u0142ni funkcj\u0119 starszego wyk\u0142adowcy w ISCAP, gdzie opublikowa\u0142a kilka artyku\u0142\u00f3w [&hellip;]<\/p>\n","protected":false},"author":1,"featured_media":0,"parent":0,"menu_order":0,"comment_status":"closed","ping_status":"closed","template":"","meta":{"footnotes":""},"class_list":["post-323","page","type-page","status-publish","hentry"],"_links":{"self":[{"href":"https:\/\/managevirtually.sdu.edu.tr\/pl\/wp-json\/wp\/v2\/pages\/323"}],"collection":[{"href":"https:\/\/managevirtually.sdu.edu.tr\/pl\/wp-json\/wp\/v2\/pages"}],"about":[{"href":"https:\/\/managevirtually.sdu.edu.tr\/pl\/wp-json\/wp\/v2\/types\/page"}],"author":[{"embeddable":true,"href":"https:\/\/managevirtually.sdu.edu.tr\/pl\/wp-json\/wp\/v2\/users\/1"}],"replies":[{"embeddable":true,"href":"https:\/\/managevirtually.sdu.edu.tr\/pl\/wp-json\/wp\/v2\/comments?post=323"}],"version-history":[{"count":1,"href":"https:\/\/managevirtually.sdu.edu.tr\/pl\/wp-json\/wp\/v2\/pages\/323\/revisions"}],"predecessor-version":[{"id":494,"href":"https:\/\/managevirtually.sdu.edu.tr\/pl\/wp-json\/wp\/v2\/pages\/323\/revisions\/494"}],"wp:attachment":[{"href":"https:\/\/managevirtually.sdu.edu.tr\/pl\/wp-json\/wp\/v2\/media?parent=323"}],"curies":[{"name":"wp","href":"https:\/\/api.w.org\/{rel}","templated":true}]}}