{"id":320,"date":"2024-10-16T16:34:54","date_gmt":"2024-10-16T16:34:54","guid":{"rendered":"https:\/\/managevirtually.sdu.edu.tr\/?page_id=320"},"modified":"2024-12-22T21:26:29","modified_gmt":"2024-12-22T18:26:29","slug":"pt-person4","status":"publish","type":"page","link":"https:\/\/managevirtually.sdu.edu.tr\/pl\/pt-person4\/","title":{"rendered":"Starszy wyk\u0142adowca Adalmiro \u00c1lvaro Malheiro de Castro Andrade Pereira"},"content":{"rendered":"\n<figure class=\"wp-block-image aligncenter size-full\"><img loading=\"lazy\" decoding=\"async\" width=\"324\" height=\"306\" src=\"https:\/\/managevirtually.sdu.edu.tr\/pl\/wp-content\/uploads\/sites\/6\/2024\/10\/image-13.png\" alt=\"\" class=\"wp-image-321\" srcset=\"https:\/\/managevirtually.sdu.edu.tr\/pl\/wp-content\/uploads\/sites\/6\/2024\/10\/image-13.png 324w, https:\/\/managevirtually.sdu.edu.tr\/pl\/wp-content\/uploads\/sites\/6\/2024\/10\/image-13-300x283.png 300w\" sizes=\"(max-width: 324px) 100vw, 324px\" \/><\/figure>\n\n\n\n<p>Adalmiro \u00c1lvaro Malheiro de Castro Andrade Pereira posiada doktorat z zarz\u0105dzania (2015) uzyskany na Universidade Portucalense, tytu\u0142 magistra finans\u00f3w (2002) z Uniwersytetu Ekonomicznego w Porto oraz licencjat z zarz\u0105dzania (1995) z Uniwersytetu Katolickiego w Porto.<\/p>\n\n\n\n<p>Obecnie jest starszym wyk\u0142adowc\u0105 w Instituto Superior de Contabilidade e Administra\u00e7\u00e3o do Porto (ISCAP). Opublikowa\u0142 kilka artyku\u0142\u00f3w naukowych i ksi\u0105\u017cek. Aktywnie uczestniczy w wydarzeniach naukowych, seminariach i warsztatach, organizuj\u0105c mi\u0119dzy innymi wydarzenia dotycz\u0105ce cyberbezpiecze\u0144stwa oraz wiele innych inicjatyw.<\/p>\n\n\n\n<p>Adalmiro Pereira nadzorowa\u0142 liczne prace magisterskie. Jest tak\u017ce dyrektorem generalnym i wsp\u00f3\u0142za\u0142o\u017cycielem kilku firm oraz analitykiem finansowym i podatkowym. Posiada certyfikacje ksi\u0119gowego i ekonomisty, co czyni go ekspertem \u0142\u0105cz\u0105cym wiedz\u0119 akademick\u0105 z praktycznym do\u015bwiadczeniem w biznesie.<\/p>\n","protected":false},"excerpt":{"rendered":"<p>Adalmiro \u00c1lvaro Malheiro de Castro Andrade Pereira posiada doktorat z zarz\u0105dzania (2015) uzyskany na Universidade Portucalense, tytu\u0142 magistra finans\u00f3w (2002) z Uniwersytetu Ekonomicznego w Porto oraz licencjat z zarz\u0105dzania (1995) z Uniwersytetu Katolickiego w Porto. Obecnie jest starszym wyk\u0142adowc\u0105 w Instituto Superior de Contabilidade e Administra\u00e7\u00e3o do Porto (ISCAP). Opublikowa\u0142 kilka artyku\u0142\u00f3w naukowych i ksi\u0105\u017cek. [&hellip;]<\/p>\n","protected":false},"author":1,"featured_media":0,"parent":0,"menu_order":0,"comment_status":"closed","ping_status":"closed","template":"","meta":{"footnotes":""},"class_list":["post-320","page","type-page","status-publish","hentry"],"_links":{"self":[{"href":"https:\/\/managevirtually.sdu.edu.tr\/pl\/wp-json\/wp\/v2\/pages\/320"}],"collection":[{"href":"https:\/\/managevirtually.sdu.edu.tr\/pl\/wp-json\/wp\/v2\/pages"}],"about":[{"href":"https:\/\/managevirtually.sdu.edu.tr\/pl\/wp-json\/wp\/v2\/types\/page"}],"author":[{"embeddable":true,"href":"https:\/\/managevirtually.sdu.edu.tr\/pl\/wp-json\/wp\/v2\/users\/1"}],"replies":[{"embeddable":true,"href":"https:\/\/managevirtually.sdu.edu.tr\/pl\/wp-json\/wp\/v2\/comments?post=320"}],"version-history":[{"count":1,"href":"https:\/\/managevirtually.sdu.edu.tr\/pl\/wp-json\/wp\/v2\/pages\/320\/revisions"}],"predecessor-version":[{"id":493,"href":"https:\/\/managevirtually.sdu.edu.tr\/pl\/wp-json\/wp\/v2\/pages\/320\/revisions\/493"}],"wp:attachment":[{"href":"https:\/\/managevirtually.sdu.edu.tr\/pl\/wp-json\/wp\/v2\/media?parent=320"}],"curies":[{"name":"wp","href":"https:\/\/api.w.org\/{rel}","templated":true}]}}