{"id":313,"date":"2024-10-16T16:32:37","date_gmt":"2024-10-16T16:32:37","guid":{"rendered":"https:\/\/managevirtually.sdu.edu.tr\/?page_id=313"},"modified":"2024-12-22T21:25:07","modified_gmt":"2024-12-22T18:25:07","slug":"pt-person2","status":"publish","type":"page","link":"https:\/\/managevirtually.sdu.edu.tr\/pl\/pt-person2\/","title":{"rendered":"Profesor nadzwyczajny Maria Am\u00e9lia CARVALHO"},"content":{"rendered":"\n<figure class=\"wp-block-image aligncenter size-full\"><img loading=\"lazy\" decoding=\"async\" width=\"241\" height=\"308\" src=\"https:\/\/managevirtually.sdu.edu.tr\/pl\/wp-content\/uploads\/sites\/6\/2024\/10\/image-11.png\" alt=\"\" class=\"wp-image-314\" srcset=\"https:\/\/managevirtually.sdu.edu.tr\/pl\/wp-content\/uploads\/sites\/6\/2024\/10\/image-11.png 241w, https:\/\/managevirtually.sdu.edu.tr\/pl\/wp-content\/uploads\/sites\/6\/2024\/10\/image-11-235x300.png 235w\" sizes=\"(max-width: 241px) 100vw, 241px\" \/><\/figure>\n\n\n\n<p>Maria Am\u00e9lia Carvalho posiada doktorat z zakresu studi\u00f3w biznesowych i zarz\u0105dzania, ze specjalizacj\u0105 w marketingu i strategii, uzyskany na Wydziale Ekonomii Uniwersytetu w Porto (FEP) w 2017 roku. Uko\u0144czy\u0142a r\u00f3wnie\u017c magisterium z ekonomii miejskiej i zarz\u0105dzania (2012) oraz studia licencjackie z ekonomii (2010) na tej samej uczelni.<\/p>\n\n\n\n<p>Obecnie pe\u0142ni funkcj\u0119 zaproszonego profesora nadzwyczajnego w Porto Accounting and Business School (ISCAP) oraz jest cz\u0142onkiem centrum badawczego CEOS.PP. Maria Am\u00e9lia Carvalho publikuje swoje prace w uznanych czasopismach naukowych, takich jak <em>Journal of Marketing Theory and Practice<\/em> oraz <em>Journal of Hospitality and Tourism Insights<\/em>.<\/p>\n\n\n\n<p>Jest redaktork\u0105 naukowych ksi\u0105\u017cek indeksowanych w bazie SCOPUS i pe\u0142ni funkcj\u0119 recenzenta w kilku czasopismach naukowych. Jej do\u015bwiadczenie i wk\u0142ad w rozw\u00f3j bada\u0144 naukowych przyczyniaj\u0105 si\u0119 do wzmocnienia pozycji ISCAP w mi\u0119dzynarodowym \u015brodowisku akademickim.<\/p>\n","protected":false},"excerpt":{"rendered":"<p>Maria Am\u00e9lia Carvalho posiada doktorat z zakresu studi\u00f3w biznesowych i zarz\u0105dzania, ze specjalizacj\u0105 w marketingu i strategii, uzyskany na Wydziale Ekonomii Uniwersytetu w Porto (FEP) w 2017 roku. Uko\u0144czy\u0142a r\u00f3wnie\u017c magisterium z ekonomii miejskiej i zarz\u0105dzania (2012) oraz studia licencjackie z ekonomii (2010) na tej samej uczelni. Obecnie pe\u0142ni funkcj\u0119 zaproszonego profesora nadzwyczajnego w Porto [&hellip;]<\/p>\n","protected":false},"author":1,"featured_media":0,"parent":0,"menu_order":0,"comment_status":"closed","ping_status":"closed","template":"","meta":{"footnotes":""},"class_list":["post-313","page","type-page","status-publish","hentry"],"_links":{"self":[{"href":"https:\/\/managevirtually.sdu.edu.tr\/pl\/wp-json\/wp\/v2\/pages\/313"}],"collection":[{"href":"https:\/\/managevirtually.sdu.edu.tr\/pl\/wp-json\/wp\/v2\/pages"}],"about":[{"href":"https:\/\/managevirtually.sdu.edu.tr\/pl\/wp-json\/wp\/v2\/types\/page"}],"author":[{"embeddable":true,"href":"https:\/\/managevirtually.sdu.edu.tr\/pl\/wp-json\/wp\/v2\/users\/1"}],"replies":[{"embeddable":true,"href":"https:\/\/managevirtually.sdu.edu.tr\/pl\/wp-json\/wp\/v2\/comments?post=313"}],"version-history":[{"count":1,"href":"https:\/\/managevirtually.sdu.edu.tr\/pl\/wp-json\/wp\/v2\/pages\/313\/revisions"}],"predecessor-version":[{"id":491,"href":"https:\/\/managevirtually.sdu.edu.tr\/pl\/wp-json\/wp\/v2\/pages\/313\/revisions\/491"}],"wp:attachment":[{"href":"https:\/\/managevirtually.sdu.edu.tr\/pl\/wp-json\/wp\/v2\/media?parent=313"}],"curies":[{"name":"wp","href":"https:\/\/api.w.org\/{rel}","templated":true}]}}