{"id":310,"date":"2024-10-16T16:31:53","date_gmt":"2024-10-16T16:31:53","guid":{"rendered":"https:\/\/managevirtually.sdu.edu.tr\/?page_id=310"},"modified":"2024-12-22T21:24:32","modified_gmt":"2024-12-22T18:24:32","slug":"pt-person1","status":"publish","type":"page","link":"https:\/\/managevirtually.sdu.edu.tr\/pl\/pt-person1\/","title":{"rendered":"Starszy wyk\u0142adowca  dr Maria Ant\u00f3nia Gon\u00e7alves RODRIGUES"},"content":{"rendered":"\n<figure class=\"wp-block-image aligncenter size-full\"><img loading=\"lazy\" decoding=\"async\" width=\"301\" height=\"301\" src=\"https:\/\/managevirtually.sdu.edu.tr\/pl\/wp-content\/uploads\/sites\/6\/2024\/10\/image-10.png\" alt=\"\" class=\"wp-image-311\" srcset=\"https:\/\/managevirtually.sdu.edu.tr\/pl\/wp-content\/uploads\/sites\/6\/2024\/10\/image-10.png 301w, https:\/\/managevirtually.sdu.edu.tr\/pl\/wp-content\/uploads\/sites\/6\/2024\/10\/image-10-150x150.png 150w\" sizes=\"(max-width: 301px) 100vw, 301px\" \/><\/figure>\n\n\n\n<p>Maria Ant\u00f3nia Gon\u00e7alves Rodrigues posiada doktorat z komunikacji i marketingu uzyskany na University of Vigo, tytu\u0142 magistra marketingu z University of Porto oraz dwa tytu\u0142y licencjata: z marketingu oraz handlu mi\u0119dzynarodowego, zdobyte w Porto Accounting and Business School (ISCAP) na Politechnice Porto.<\/p>\n\n\n\n<p>Jest starszym wyk\u0142adowc\u0105 w ISCAP, gdzie pe\u0142ni funkcj\u0119 cz\u0142onka rad naukowych i konsultacyjnych oraz dyrektora studi\u00f3w licencjackich z marketingu. Maria Ant\u00f3nia Gon\u00e7alves Rodrigues opublikowa\u0142a kilka artyku\u0142\u00f3w naukowych oraz trzy ksi\u0105\u017cki indeksowane w bazach SCOPUS i WoS.<\/p>\n\n\n\n<p>Jest laureatk\u0105 dw\u00f3ch nagr\u00f3d i prowadzi badania w dziedzinie nauk spo\u0142ecznych, ze szczeg\u00f3lnym uwzgl\u0119dnieniem biznesu, us\u0142ug, zachowa\u0144 konsument\u00f3w oraz marketingu. Nadzorowa\u0142a r\u00f3wnie\u017c liczne prace magisterskie i aktywnie uczestniczy w organizacji oraz realizacji wydarze\u0144 naukowych, seminari\u00f3w i warsztat\u00f3w.<\/p>\n","protected":false},"excerpt":{"rendered":"<p>Maria Ant\u00f3nia Gon\u00e7alves Rodrigues posiada doktorat z komunikacji i marketingu uzyskany na University of Vigo, tytu\u0142 magistra marketingu z University of Porto oraz dwa tytu\u0142y licencjata: z marketingu oraz handlu mi\u0119dzynarodowego, zdobyte w Porto Accounting and Business School (ISCAP) na Politechnice Porto. Jest starszym wyk\u0142adowc\u0105 w ISCAP, gdzie pe\u0142ni funkcj\u0119 cz\u0142onka rad naukowych i konsultacyjnych [&hellip;]<\/p>\n","protected":false},"author":1,"featured_media":0,"parent":0,"menu_order":0,"comment_status":"closed","ping_status":"closed","template":"","meta":{"footnotes":""},"class_list":["post-310","page","type-page","status-publish","hentry"],"_links":{"self":[{"href":"https:\/\/managevirtually.sdu.edu.tr\/pl\/wp-json\/wp\/v2\/pages\/310"}],"collection":[{"href":"https:\/\/managevirtually.sdu.edu.tr\/pl\/wp-json\/wp\/v2\/pages"}],"about":[{"href":"https:\/\/managevirtually.sdu.edu.tr\/pl\/wp-json\/wp\/v2\/types\/page"}],"author":[{"embeddable":true,"href":"https:\/\/managevirtually.sdu.edu.tr\/pl\/wp-json\/wp\/v2\/users\/1"}],"replies":[{"embeddable":true,"href":"https:\/\/managevirtually.sdu.edu.tr\/pl\/wp-json\/wp\/v2\/comments?post=310"}],"version-history":[{"count":1,"href":"https:\/\/managevirtually.sdu.edu.tr\/pl\/wp-json\/wp\/v2\/pages\/310\/revisions"}],"predecessor-version":[{"id":490,"href":"https:\/\/managevirtually.sdu.edu.tr\/pl\/wp-json\/wp\/v2\/pages\/310\/revisions\/490"}],"wp:attachment":[{"href":"https:\/\/managevirtually.sdu.edu.tr\/pl\/wp-json\/wp\/v2\/media?parent=310"}],"curies":[{"name":"wp","href":"https:\/\/api.w.org\/{rel}","templated":true}]}}