{"id":306,"date":"2024-10-16T16:28:23","date_gmt":"2024-10-16T16:28:23","guid":{"rendered":"https:\/\/managevirtually.sdu.edu.tr\/?page_id=306"},"modified":"2024-12-22T21:00:56","modified_gmt":"2024-12-22T18:00:56","slug":"tr-person9","status":"publish","type":"page","link":"https:\/\/managevirtually.sdu.edu.tr\/pl\/tr-person9\/","title":{"rendered":"Wyk\u0142adowca Ziya D\u0130RL\u0130K"},"content":{"rendered":"\n<figure class=\"wp-block-image aligncenter size-full\"><img loading=\"lazy\" decoding=\"async\" width=\"329\" height=\"219\" src=\"https:\/\/managevirtually.sdu.edu.tr\/pl\/wp-content\/uploads\/sites\/6\/2024\/10\/image-9.png\" alt=\"\" class=\"wp-image-307\" srcset=\"https:\/\/managevirtually.sdu.edu.tr\/pl\/wp-content\/uploads\/sites\/6\/2024\/10\/image-9.png 329w, https:\/\/managevirtually.sdu.edu.tr\/pl\/wp-content\/uploads\/sites\/6\/2024\/10\/image-9-300x200.png 300w\" sizes=\"(max-width: 329px) 100vw, 329px\" \/><\/figure>\n\n\n\n<p>Ziya Dirlik uko\u0144czy\u0142 Uniwersytet S\u00fcleyman Demirel w 2013 roku i obecnie kontynuuje studia doktoranckie na Wydziale In\u017cynierii Komputerowej tej samej uczelni. W latach 2014\u20132019 pracowa\u0142 jako programista na Uniwersytecie S\u00fcleyman Demirel.<\/p>\n\n\n\n<p>Od 2019 roku jest wyk\u0142adowc\u0105 na Uniwersytecie Nauk Stosowanych w Isparcie, gdzie prowadzi kursy z zakresu informatyki.<\/p>\n","protected":false},"excerpt":{"rendered":"<p>Ziya Dirlik uko\u0144czy\u0142 Uniwersytet S\u00fcleyman Demirel w 2013 roku i obecnie kontynuuje studia doktoranckie na Wydziale In\u017cynierii Komputerowej tej samej uczelni. W latach 2014\u20132019 pracowa\u0142 jako programista na Uniwersytecie S\u00fcleyman Demirel. Od 2019 roku jest wyk\u0142adowc\u0105 na Uniwersytecie Nauk Stosowanych w Isparcie, gdzie prowadzi kursy z zakresu informatyki.<\/p>\n","protected":false},"author":1,"featured_media":0,"parent":0,"menu_order":0,"comment_status":"closed","ping_status":"closed","template":"","meta":{"footnotes":""},"class_list":["post-306","page","type-page","status-publish","hentry"],"_links":{"self":[{"href":"https:\/\/managevirtually.sdu.edu.tr\/pl\/wp-json\/wp\/v2\/pages\/306"}],"collection":[{"href":"https:\/\/managevirtually.sdu.edu.tr\/pl\/wp-json\/wp\/v2\/pages"}],"about":[{"href":"https:\/\/managevirtually.sdu.edu.tr\/pl\/wp-json\/wp\/v2\/types\/page"}],"author":[{"embeddable":true,"href":"https:\/\/managevirtually.sdu.edu.tr\/pl\/wp-json\/wp\/v2\/users\/1"}],"replies":[{"embeddable":true,"href":"https:\/\/managevirtually.sdu.edu.tr\/pl\/wp-json\/wp\/v2\/comments?post=306"}],"version-history":[{"count":1,"href":"https:\/\/managevirtually.sdu.edu.tr\/pl\/wp-json\/wp\/v2\/pages\/306\/revisions"}],"predecessor-version":[{"id":473,"href":"https:\/\/managevirtually.sdu.edu.tr\/pl\/wp-json\/wp\/v2\/pages\/306\/revisions\/473"}],"wp:attachment":[{"href":"https:\/\/managevirtually.sdu.edu.tr\/pl\/wp-json\/wp\/v2\/media?parent=306"}],"curies":[{"name":"wp","href":"https:\/\/api.w.org\/{rel}","templated":true}]}}