{"id":303,"date":"2024-10-16T16:27:44","date_gmt":"2024-10-16T16:27:44","guid":{"rendered":"https:\/\/managevirtually.sdu.edu.tr\/?page_id=303"},"modified":"2024-12-22T21:00:24","modified_gmt":"2024-12-22T18:00:24","slug":"tr-person8","status":"publish","type":"page","link":"https:\/\/managevirtually.sdu.edu.tr\/pl\/tr-person8\/","title":{"rendered":"Asystent Mehmet MAZAK"},"content":{"rendered":"\n<figure class=\"wp-block-image aligncenter size-full\"><img loading=\"lazy\" decoding=\"async\" width=\"358\" height=\"239\" src=\"https:\/\/managevirtually.sdu.edu.tr\/pl\/wp-content\/uploads\/sites\/6\/2024\/10\/image-8.png\" alt=\"\" class=\"wp-image-304\" srcset=\"https:\/\/managevirtually.sdu.edu.tr\/pl\/wp-content\/uploads\/sites\/6\/2024\/10\/image-8.png 358w, https:\/\/managevirtually.sdu.edu.tr\/pl\/wp-content\/uploads\/sites\/6\/2024\/10\/image-8-300x200.png 300w\" sizes=\"(max-width: 358px) 100vw, 358px\" \/><\/figure>\n\n\n\n<p>Mehmet Mazak uzyska\u0142 tytu\u0142 licencjata w dziedzinie ekonomii na Uniwersytecie Ekonomii i Technologii TOBB w 2016 roku. Po zdobyciu do\u015bwiadczenia w zarz\u0105dzaniu projektami oraz doradztwie eksportowym w sektorze prywatnym, rozpocz\u0105\u0142 studia magisterskie z finans\u00f3w na Uniwersytecie S\u00fcleyman Demirel. W 2019 roku do\u0142\u0105czy\u0142 do Katedry Finans\u00f3w i Bankowo\u015bci jako asystent naukowy.<\/p>\n\n\n\n<p>Obecnie kontynuuje studia doktoranckie. Jego g\u0142\u00f3wne zainteresowania badawcze obejmuj\u0105 finanse ilo\u015bciowe, wycen\u0119 aktyw\u00f3w oraz zastosowanie algorytm\u00f3w uczenia maszynowego na rynkach finansowych.<\/p>\n","protected":false},"excerpt":{"rendered":"<p>Mehmet Mazak uzyska\u0142 tytu\u0142 licencjata w dziedzinie ekonomii na Uniwersytecie Ekonomii i Technologii TOBB w 2016 roku. Po zdobyciu do\u015bwiadczenia w zarz\u0105dzaniu projektami oraz doradztwie eksportowym w sektorze prywatnym, rozpocz\u0105\u0142 studia magisterskie z finans\u00f3w na Uniwersytecie S\u00fcleyman Demirel. W 2019 roku do\u0142\u0105czy\u0142 do Katedry Finans\u00f3w i Bankowo\u015bci jako asystent naukowy. Obecnie kontynuuje studia doktoranckie. Jego [&hellip;]<\/p>\n","protected":false},"author":1,"featured_media":0,"parent":0,"menu_order":0,"comment_status":"closed","ping_status":"closed","template":"","meta":{"footnotes":""},"class_list":["post-303","page","type-page","status-publish","hentry"],"_links":{"self":[{"href":"https:\/\/managevirtually.sdu.edu.tr\/pl\/wp-json\/wp\/v2\/pages\/303"}],"collection":[{"href":"https:\/\/managevirtually.sdu.edu.tr\/pl\/wp-json\/wp\/v2\/pages"}],"about":[{"href":"https:\/\/managevirtually.sdu.edu.tr\/pl\/wp-json\/wp\/v2\/types\/page"}],"author":[{"embeddable":true,"href":"https:\/\/managevirtually.sdu.edu.tr\/pl\/wp-json\/wp\/v2\/users\/1"}],"replies":[{"embeddable":true,"href":"https:\/\/managevirtually.sdu.edu.tr\/pl\/wp-json\/wp\/v2\/comments?post=303"}],"version-history":[{"count":1,"href":"https:\/\/managevirtually.sdu.edu.tr\/pl\/wp-json\/wp\/v2\/pages\/303\/revisions"}],"predecessor-version":[{"id":472,"href":"https:\/\/managevirtually.sdu.edu.tr\/pl\/wp-json\/wp\/v2\/pages\/303\/revisions\/472"}],"wp:attachment":[{"href":"https:\/\/managevirtually.sdu.edu.tr\/pl\/wp-json\/wp\/v2\/media?parent=303"}],"curies":[{"name":"wp","href":"https:\/\/api.w.org\/{rel}","templated":true}]}}