{"id":300,"date":"2024-10-16T16:27:02","date_gmt":"2024-10-16T16:27:02","guid":{"rendered":"https:\/\/managevirtually.sdu.edu.tr\/?page_id=300"},"modified":"2024-12-22T20:59:21","modified_gmt":"2024-12-22T17:59:21","slug":"tr-person7","status":"publish","type":"page","link":"https:\/\/managevirtually.sdu.edu.tr\/pl\/tr-person7\/","title":{"rendered":"Adiunkt dr Turgay AYDO\u011eAN"},"content":{"rendered":"\n<figure class=\"wp-block-image aligncenter size-full\"><img loading=\"lazy\" decoding=\"async\" width=\"388\" height=\"259\" src=\"https:\/\/managevirtually.sdu.edu.tr\/pl\/wp-content\/uploads\/sites\/6\/2024\/10\/image-7.png\" alt=\"\" class=\"wp-image-301\" srcset=\"https:\/\/managevirtually.sdu.edu.tr\/pl\/wp-content\/uploads\/sites\/6\/2024\/10\/image-7.png 388w, https:\/\/managevirtually.sdu.edu.tr\/pl\/wp-content\/uploads\/sites\/6\/2024\/10\/image-7-300x200.png 300w\" sizes=\"(max-width: 388px) 100vw, 388px\" \/><\/figure>\n\n\n\n<p>Turgay Aydo\u011fan uko\u0144czy\u0142 Wydzia\u0142 Elektroniki i Edukacji Komputerowej Uniwersytetu S\u00fcleyman Demirel w 2005 roku. Tytu\u0142 magistra uzyska\u0142 na Uniwersytecie S\u00fcleyman Demirel w 2008 roku, a tytu\u0142 doktora na Uniwersytecie Sakarya w 2016 roku.<\/p>\n\n\n\n<p>Od 2017 roku pracuje jako adiunkt w Katedrze In\u017cynierii Komputerowej na Wydziale In\u017cynierii i Nauk Przyrodniczych. Prowadzi wyk\u0142ady z zakresu j\u0119zyk\u00f3w programowania oraz programowania system\u00f3w wbudowanych.<\/p>\n","protected":false},"excerpt":{"rendered":"<p>Turgay Aydo\u011fan uko\u0144czy\u0142 Wydzia\u0142 Elektroniki i Edukacji Komputerowej Uniwersytetu S\u00fcleyman Demirel w 2005 roku. Tytu\u0142 magistra uzyska\u0142 na Uniwersytecie S\u00fcleyman Demirel w 2008 roku, a tytu\u0142 doktora na Uniwersytecie Sakarya w 2016 roku. Od 2017 roku pracuje jako adiunkt w Katedrze In\u017cynierii Komputerowej na Wydziale In\u017cynierii i Nauk Przyrodniczych. Prowadzi wyk\u0142ady z zakresu j\u0119zyk\u00f3w programowania [&hellip;]<\/p>\n","protected":false},"author":1,"featured_media":0,"parent":0,"menu_order":0,"comment_status":"closed","ping_status":"closed","template":"","meta":{"footnotes":""},"class_list":["post-300","page","type-page","status-publish","hentry"],"_links":{"self":[{"href":"https:\/\/managevirtually.sdu.edu.tr\/pl\/wp-json\/wp\/v2\/pages\/300"}],"collection":[{"href":"https:\/\/managevirtually.sdu.edu.tr\/pl\/wp-json\/wp\/v2\/pages"}],"about":[{"href":"https:\/\/managevirtually.sdu.edu.tr\/pl\/wp-json\/wp\/v2\/types\/page"}],"author":[{"embeddable":true,"href":"https:\/\/managevirtually.sdu.edu.tr\/pl\/wp-json\/wp\/v2\/users\/1"}],"replies":[{"embeddable":true,"href":"https:\/\/managevirtually.sdu.edu.tr\/pl\/wp-json\/wp\/v2\/comments?post=300"}],"version-history":[{"count":1,"href":"https:\/\/managevirtually.sdu.edu.tr\/pl\/wp-json\/wp\/v2\/pages\/300\/revisions"}],"predecessor-version":[{"id":471,"href":"https:\/\/managevirtually.sdu.edu.tr\/pl\/wp-json\/wp\/v2\/pages\/300\/revisions\/471"}],"wp:attachment":[{"href":"https:\/\/managevirtually.sdu.edu.tr\/pl\/wp-json\/wp\/v2\/media?parent=300"}],"curies":[{"name":"wp","href":"https:\/\/api.w.org\/{rel}","templated":true}]}}