{"id":297,"date":"2024-10-16T16:25:55","date_gmt":"2024-10-16T16:25:55","guid":{"rendered":"https:\/\/managevirtually.sdu.edu.tr\/?page_id=297"},"modified":"2024-12-22T20:58:29","modified_gmt":"2024-12-22T17:58:29","slug":"tr-person6","status":"publish","type":"page","link":"https:\/\/managevirtually.sdu.edu.tr\/pl\/tr-person6\/","title":{"rendered":"Prof. dr Ecir U\u011fur K\u00dc\u00c7\u00dcKS\u0130LLE"},"content":{"rendered":"\n<figure class=\"wp-block-image aligncenter size-full\"><img loading=\"lazy\" decoding=\"async\" width=\"346\" height=\"230\" src=\"https:\/\/managevirtually.sdu.edu.tr\/pl\/wp-content\/uploads\/sites\/6\/2024\/10\/image-6.png\" alt=\"\" class=\"wp-image-298\" srcset=\"https:\/\/managevirtually.sdu.edu.tr\/pl\/wp-content\/uploads\/sites\/6\/2024\/10\/image-6.png 346w, https:\/\/managevirtually.sdu.edu.tr\/pl\/wp-content\/uploads\/sites\/6\/2024\/10\/image-6-300x199.png 300w\" sizes=\"(max-width: 346px) 100vw, 346px\" \/><\/figure>\n\n\n\n<p>Ecir U\u011fur K\u00fc\u00e7\u00fcksille urodzi\u0142 si\u0119 w Isparcie w 1976 roku. Uko\u0144czy\u0142 studia licencjackie na Uniwersytecie Gazi oraz studia magisterskie i doktoranckie na Uniwersytecie S\u00fcleyman Demirel. Obecnie jest cz\u0142onkiem kadry akademickiej Uniwersytetu S\u00fcleyman Demirel, gdzie pracuje na Wydziale In\u017cynierii i Nauk Przyrodniczych, w Katedrze In\u017cynierii Komputerowej.<\/p>\n\n\n\n<p>Jego zainteresowania badawcze obejmuj\u0105 sztuczn\u0105 inteligencj\u0119, uczenie maszynowe, przetwarzanie j\u0119zyka naturalnego oraz cyberbezpiecze\u0144stwo.<\/p>\n","protected":false},"excerpt":{"rendered":"<p>Ecir U\u011fur K\u00fc\u00e7\u00fcksille urodzi\u0142 si\u0119 w Isparcie w 1976 roku. Uko\u0144czy\u0142 studia licencjackie na Uniwersytecie Gazi oraz studia magisterskie i doktoranckie na Uniwersytecie S\u00fcleyman Demirel. Obecnie jest cz\u0142onkiem kadry akademickiej Uniwersytetu S\u00fcleyman Demirel, gdzie pracuje na Wydziale In\u017cynierii i Nauk Przyrodniczych, w Katedrze In\u017cynierii Komputerowej. Jego zainteresowania badawcze obejmuj\u0105 sztuczn\u0105 inteligencj\u0119, uczenie maszynowe, przetwarzanie j\u0119zyka [&hellip;]<\/p>\n","protected":false},"author":1,"featured_media":0,"parent":0,"menu_order":0,"comment_status":"closed","ping_status":"closed","template":"","meta":{"footnotes":""},"class_list":["post-297","page","type-page","status-publish","hentry"],"_links":{"self":[{"href":"https:\/\/managevirtually.sdu.edu.tr\/pl\/wp-json\/wp\/v2\/pages\/297"}],"collection":[{"href":"https:\/\/managevirtually.sdu.edu.tr\/pl\/wp-json\/wp\/v2\/pages"}],"about":[{"href":"https:\/\/managevirtually.sdu.edu.tr\/pl\/wp-json\/wp\/v2\/types\/page"}],"author":[{"embeddable":true,"href":"https:\/\/managevirtually.sdu.edu.tr\/pl\/wp-json\/wp\/v2\/users\/1"}],"replies":[{"embeddable":true,"href":"https:\/\/managevirtually.sdu.edu.tr\/pl\/wp-json\/wp\/v2\/comments?post=297"}],"version-history":[{"count":1,"href":"https:\/\/managevirtually.sdu.edu.tr\/pl\/wp-json\/wp\/v2\/pages\/297\/revisions"}],"predecessor-version":[{"id":470,"href":"https:\/\/managevirtually.sdu.edu.tr\/pl\/wp-json\/wp\/v2\/pages\/297\/revisions\/470"}],"wp:attachment":[{"href":"https:\/\/managevirtually.sdu.edu.tr\/pl\/wp-json\/wp\/v2\/media?parent=297"}],"curies":[{"name":"wp","href":"https:\/\/api.w.org\/{rel}","templated":true}]}}