{"id":294,"date":"2024-10-16T16:25:10","date_gmt":"2024-10-16T16:25:10","guid":{"rendered":"https:\/\/managevirtually.sdu.edu.tr\/?page_id=294"},"modified":"2024-12-22T20:57:47","modified_gmt":"2024-12-22T17:57:47","slug":"tr-person5","status":"publish","type":"page","link":"https:\/\/managevirtually.sdu.edu.tr\/pl\/tr-person5\/","title":{"rendered":"Prof. dr G\u00fclay BULGAN"},"content":{"rendered":"\n<figure class=\"wp-block-image aligncenter size-full\"><img loading=\"lazy\" decoding=\"async\" width=\"369\" height=\"246\" src=\"https:\/\/managevirtually.sdu.edu.tr\/pl\/wp-content\/uploads\/sites\/6\/2024\/10\/image-5.png\" alt=\"\" class=\"wp-image-295\" srcset=\"https:\/\/managevirtually.sdu.edu.tr\/pl\/wp-content\/uploads\/sites\/6\/2024\/10\/image-5.png 369w, https:\/\/managevirtually.sdu.edu.tr\/pl\/wp-content\/uploads\/sites\/6\/2024\/10\/image-5-300x200.png 300w\" sizes=\"(max-width: 369px) 100vw, 369px\" \/><\/figure>\n\n\n\n<p>G\u00fclay Bulgan pracuje na Uniwersytecie S\u00fcleymana Demirela w Turcji od 2008 roku. Uzyska\u0142a tytu\u0142 licencjata w zakresie doradztwa turystycznego na Uniwersytecie Bal\u0131kesir w 2005 roku oraz tytu\u0142 magistra w zarz\u0105dzaniu turystyk\u0105 na Uniwersytecie Afyon Kocatepe w 2010 roku. W 2014 roku otrzyma\u0142a tytu\u0142 doktora w dziedzinie administracji biznesowej na Uniwersytecie S\u00fcleymana Demirela.<\/p>\n\n\n\n<p>Prof. Bulgan posiada do\u015bwiadczenie w realizacji projekt\u00f3w krajowych i mi\u0119dzynarodowych. Jej obszary zainteresowa\u0144 naukowych obejmuj\u0105 turystyk\u0119 os\u00f3b niepe\u0142nosprawnych, turystyk\u0119 alternatywn\u0105, zarz\u0105dzanie hotelami oraz ekonomi\u0119 turystyki.<\/p>\n","protected":false},"excerpt":{"rendered":"<p>G\u00fclay Bulgan pracuje na Uniwersytecie S\u00fcleymana Demirela w Turcji od 2008 roku. Uzyska\u0142a tytu\u0142 licencjata w zakresie doradztwa turystycznego na Uniwersytecie Bal\u0131kesir w 2005 roku oraz tytu\u0142 magistra w zarz\u0105dzaniu turystyk\u0105 na Uniwersytecie Afyon Kocatepe w 2010 roku. W 2014 roku otrzyma\u0142a tytu\u0142 doktora w dziedzinie administracji biznesowej na Uniwersytecie S\u00fcleymana Demirela. Prof. Bulgan posiada [&hellip;]<\/p>\n","protected":false},"author":1,"featured_media":0,"parent":0,"menu_order":0,"comment_status":"closed","ping_status":"closed","template":"","meta":{"footnotes":""},"class_list":["post-294","page","type-page","status-publish","hentry"],"_links":{"self":[{"href":"https:\/\/managevirtually.sdu.edu.tr\/pl\/wp-json\/wp\/v2\/pages\/294"}],"collection":[{"href":"https:\/\/managevirtually.sdu.edu.tr\/pl\/wp-json\/wp\/v2\/pages"}],"about":[{"href":"https:\/\/managevirtually.sdu.edu.tr\/pl\/wp-json\/wp\/v2\/types\/page"}],"author":[{"embeddable":true,"href":"https:\/\/managevirtually.sdu.edu.tr\/pl\/wp-json\/wp\/v2\/users\/1"}],"replies":[{"embeddable":true,"href":"https:\/\/managevirtually.sdu.edu.tr\/pl\/wp-json\/wp\/v2\/comments?post=294"}],"version-history":[{"count":1,"href":"https:\/\/managevirtually.sdu.edu.tr\/pl\/wp-json\/wp\/v2\/pages\/294\/revisions"}],"predecessor-version":[{"id":469,"href":"https:\/\/managevirtually.sdu.edu.tr\/pl\/wp-json\/wp\/v2\/pages\/294\/revisions\/469"}],"wp:attachment":[{"href":"https:\/\/managevirtually.sdu.edu.tr\/pl\/wp-json\/wp\/v2\/media?parent=294"}],"curies":[{"name":"wp","href":"https:\/\/api.w.org\/{rel}","templated":true}]}}