{"id":291,"date":"2024-10-16T16:24:35","date_gmt":"2024-10-16T16:24:35","guid":{"rendered":"https:\/\/managevirtually.sdu.edu.tr\/?page_id=291"},"modified":"2024-12-22T20:57:02","modified_gmt":"2024-12-22T17:57:02","slug":"tr-person4","status":"publish","type":"page","link":"https:\/\/managevirtually.sdu.edu.tr\/pl\/tr-person4\/","title":{"rendered":"Prof. dr Burcu ASLANTA\u015e ATE\u015e"},"content":{"rendered":"\n<figure class=\"wp-block-image aligncenter size-full\"><img loading=\"lazy\" decoding=\"async\" width=\"328\" height=\"219\" src=\"https:\/\/managevirtually.sdu.edu.tr\/pl\/wp-content\/uploads\/sites\/6\/2024\/10\/image-4.png\" alt=\"\" class=\"wp-image-292\" srcset=\"https:\/\/managevirtually.sdu.edu.tr\/pl\/wp-content\/uploads\/sites\/6\/2024\/10\/image-4.png 328w, https:\/\/managevirtually.sdu.edu.tr\/pl\/wp-content\/uploads\/sites\/6\/2024\/10\/image-4-300x200.png 300w\" sizes=\"(max-width: 328px) 100vw, 328px\" \/><\/figure>\n\n\n\n<p>Burcu Aslanta\u015f Ate\u015f uzyska\u0142a tytu\u0142 licencjata na Wydziale Administracji Biznesowej Uniwersytetu Anadolu w 2000 roku, tytu\u0142 magistra na Uniwersytecie Eski\u015fehir Osmangazi w 2003 roku oraz tytu\u0142 doktora na Wydziale Administracji Biznesowej Uniwersytetu S\u00fcleyman Demirel w 2011 roku. W 2017 roku otrzyma\u0142a tytu\u0142 profesora nadzwyczajnego w dziedzinie rachunkowo\u015bci, a od 2023 roku pracuje jako profesor na Uniwersytecie S\u00fcleyman Demirel.<\/p>\n\n\n\n<p>Prof. Aslanta\u015f Ate\u015f specjalizuje si\u0119 w systemach informacyjnych rachunkowo\u015bci, standardach sprawozdawczo\u015bci finansowej, analizie koszt\u00f3w, kosztach zdrowotnych, zr\u00f3wnowa\u017conym rozwoju, celach rozwojowych oraz dobrostanie. Prowadzi kursy licencjackie i magisterskie z tych obszar\u00f3w.<\/p>\n","protected":false},"excerpt":{"rendered":"<p>Burcu Aslanta\u015f Ate\u015f uzyska\u0142a tytu\u0142 licencjata na Wydziale Administracji Biznesowej Uniwersytetu Anadolu w 2000 roku, tytu\u0142 magistra na Uniwersytecie Eski\u015fehir Osmangazi w 2003 roku oraz tytu\u0142 doktora na Wydziale Administracji Biznesowej Uniwersytetu S\u00fcleyman Demirel w 2011 roku. W 2017 roku otrzyma\u0142a tytu\u0142 profesora nadzwyczajnego w dziedzinie rachunkowo\u015bci, a od 2023 roku pracuje jako profesor na [&hellip;]<\/p>\n","protected":false},"author":1,"featured_media":0,"parent":0,"menu_order":0,"comment_status":"closed","ping_status":"closed","template":"","meta":{"footnotes":""},"class_list":["post-291","page","type-page","status-publish","hentry"],"_links":{"self":[{"href":"https:\/\/managevirtually.sdu.edu.tr\/pl\/wp-json\/wp\/v2\/pages\/291"}],"collection":[{"href":"https:\/\/managevirtually.sdu.edu.tr\/pl\/wp-json\/wp\/v2\/pages"}],"about":[{"href":"https:\/\/managevirtually.sdu.edu.tr\/pl\/wp-json\/wp\/v2\/types\/page"}],"author":[{"embeddable":true,"href":"https:\/\/managevirtually.sdu.edu.tr\/pl\/wp-json\/wp\/v2\/users\/1"}],"replies":[{"embeddable":true,"href":"https:\/\/managevirtually.sdu.edu.tr\/pl\/wp-json\/wp\/v2\/comments?post=291"}],"version-history":[{"count":1,"href":"https:\/\/managevirtually.sdu.edu.tr\/pl\/wp-json\/wp\/v2\/pages\/291\/revisions"}],"predecessor-version":[{"id":468,"href":"https:\/\/managevirtually.sdu.edu.tr\/pl\/wp-json\/wp\/v2\/pages\/291\/revisions\/468"}],"wp:attachment":[{"href":"https:\/\/managevirtually.sdu.edu.tr\/pl\/wp-json\/wp\/v2\/media?parent=291"}],"curies":[{"name":"wp","href":"https:\/\/api.w.org\/{rel}","templated":true}]}}