{"id":288,"date":"2024-10-16T16:23:49","date_gmt":"2024-10-16T16:23:49","guid":{"rendered":"https:\/\/managevirtually.sdu.edu.tr\/?page_id=288"},"modified":"2024-12-22T20:56:23","modified_gmt":"2024-12-22T17:56:23","slug":"tr-person3","status":"publish","type":"page","link":"https:\/\/managevirtually.sdu.edu.tr\/pl\/tr-person3\/","title":{"rendered":"Prof. dr Didar B\u00dcY\u00dcKER \u0130\u015eLER"},"content":{"rendered":"\n<figure class=\"wp-block-image aligncenter size-full\"><img loading=\"lazy\" decoding=\"async\" width=\"327\" height=\"218\" src=\"https:\/\/managevirtually.sdu.edu.tr\/pl\/wp-content\/uploads\/sites\/6\/2024\/10\/image-3.png\" alt=\"\" class=\"wp-image-289\" srcset=\"https:\/\/managevirtually.sdu.edu.tr\/pl\/wp-content\/uploads\/sites\/6\/2024\/10\/image-3.png 327w, https:\/\/managevirtually.sdu.edu.tr\/pl\/wp-content\/uploads\/sites\/6\/2024\/10\/image-3-300x200.png 300w\" sizes=\"(max-width: 327px) 100vw, 327px\" \/><\/figure>\n\n\n\n<p>Didar B\u00fcy\u00fcker \u0130\u015fler uko\u0144czy\u0142a Wydzia\u0142 Administracji Biznesowej Uniwersytetu S\u00fcleymana Demirela w 2001 roku z najwy\u017csz\u0105 lokat\u0105. Stopie\u0144 doktora uzyska\u0142a na tym samym wydziale w 2009 roku, a od 2021 roku pracuje jako profesor w pe\u0142nym wymiarze godzin. Prowadzi wyk\u0142ady z zakresu marketingu cyfrowego, reklamy, bada\u0144 marketingowych oraz zachowa\u0144 konsumenckich na studiach licencjackich i podyplomowych.<\/p>\n\n\n\n<p>Prof. B\u00fcy\u00fcker \u0130\u015fler uczestniczy\u0142a jako badaczka w r\u00f3\u017cnych projektach krajowych oraz unijnych projektach m\u0142odzie\u017cowych. Jest autork\u0105 licznych artyku\u0142\u00f3w naukowych dotycz\u0105cych marketingu cyfrowego, zachowa\u0144 zakupowych konsument\u00f3w oraz relacji z klientami spo\u0142ecznymi. Specjalizuje si\u0119 r\u00f3wnie\u017c w wielowymiarowych metodach statystycznych, takich jak model r\u00f3wna\u0144 strukturalnych czy modele regresji wielokrotnej. Jest cz\u0142onkiem Stowarzyszenia Marketingu i Bada\u0144 Marketingowych.<\/p>\n\n\n\n<p><\/p>\n","protected":false},"excerpt":{"rendered":"<p>Didar B\u00fcy\u00fcker \u0130\u015fler uko\u0144czy\u0142a Wydzia\u0142 Administracji Biznesowej Uniwersytetu S\u00fcleymana Demirela w 2001 roku z najwy\u017csz\u0105 lokat\u0105. Stopie\u0144 doktora uzyska\u0142a na tym samym wydziale w 2009 roku, a od 2021 roku pracuje jako profesor w pe\u0142nym wymiarze godzin. Prowadzi wyk\u0142ady z zakresu marketingu cyfrowego, reklamy, bada\u0144 marketingowych oraz zachowa\u0144 konsumenckich na studiach licencjackich i podyplomowych. Prof. [&hellip;]<\/p>\n","protected":false},"author":1,"featured_media":0,"parent":0,"menu_order":0,"comment_status":"closed","ping_status":"closed","template":"","meta":{"footnotes":""},"class_list":["post-288","page","type-page","status-publish","hentry"],"_links":{"self":[{"href":"https:\/\/managevirtually.sdu.edu.tr\/pl\/wp-json\/wp\/v2\/pages\/288"}],"collection":[{"href":"https:\/\/managevirtually.sdu.edu.tr\/pl\/wp-json\/wp\/v2\/pages"}],"about":[{"href":"https:\/\/managevirtually.sdu.edu.tr\/pl\/wp-json\/wp\/v2\/types\/page"}],"author":[{"embeddable":true,"href":"https:\/\/managevirtually.sdu.edu.tr\/pl\/wp-json\/wp\/v2\/users\/1"}],"replies":[{"embeddable":true,"href":"https:\/\/managevirtually.sdu.edu.tr\/pl\/wp-json\/wp\/v2\/comments?post=288"}],"version-history":[{"count":1,"href":"https:\/\/managevirtually.sdu.edu.tr\/pl\/wp-json\/wp\/v2\/pages\/288\/revisions"}],"predecessor-version":[{"id":467,"href":"https:\/\/managevirtually.sdu.edu.tr\/pl\/wp-json\/wp\/v2\/pages\/288\/revisions\/467"}],"wp:attachment":[{"href":"https:\/\/managevirtually.sdu.edu.tr\/pl\/wp-json\/wp\/v2\/media?parent=288"}],"curies":[{"name":"wp","href":"https:\/\/api.w.org\/{rel}","templated":true}]}}