{"id":283,"date":"2024-10-16T16:22:44","date_gmt":"2024-10-16T16:22:44","guid":{"rendered":"https:\/\/managevirtually.sdu.edu.tr\/?page_id=283"},"modified":"2024-12-22T20:55:34","modified_gmt":"2024-12-22T17:55:34","slug":"tr-person2","status":"publish","type":"page","link":"https:\/\/managevirtually.sdu.edu.tr\/pl\/tr-person2\/","title":{"rendered":"Prof. dr Serpil SENAL"},"content":{"rendered":"\n<figure class=\"wp-block-image aligncenter size-full\"><img loading=\"lazy\" decoding=\"async\" width=\"337\" height=\"225\" src=\"https:\/\/managevirtually.sdu.edu.tr\/pl\/wp-content\/uploads\/sites\/6\/2024\/10\/image-2.png\" alt=\"\" class=\"wp-image-285\" srcset=\"https:\/\/managevirtually.sdu.edu.tr\/pl\/wp-content\/uploads\/sites\/6\/2024\/10\/image-2.png 337w, https:\/\/managevirtually.sdu.edu.tr\/pl\/wp-content\/uploads\/sites\/6\/2024\/10\/image-2-300x200.png 300w\" sizes=\"(max-width: 337px) 100vw, 337px\" \/><\/figure>\n\n\n\n<p>Serpil Senal uko\u0144czy\u0142a Uniwersytet S\u00fcleyman Demirel w 2003 roku, a w 2011 roku uzyska\u0142a stopie\u0144 doktora na Wydziale Administracji Biznesu Uniwersytetu S\u00fcleymana Demirela. W latach 2018\u20132024 pe\u0142ni\u0142a funkcj\u0119 kierownika Katedry Finans\u00f3w i Bankowo\u015bci na Wydziale Ekonomii i Nauk Administracyjnych, a od 2021 roku pracuje jako profesor zwyczajny na tym samym wydziale. Prowadzi wyk\u0142ady z zakresu analizy tabel finansowych, rachunkowo\u015bci zarz\u0105dczej oraz rachunku koszt\u00f3w na studiach licencjackich i podyplomowych.<\/p>\n\n\n\n<p>Prof. Senal posiada bogate do\u015bwiadczenie w realizacji projekt\u00f3w krajowych i mi\u0119dzynarodowych oraz jest autork\u0105 licznych artyku\u0142\u00f3w naukowych na temat audytu, rachunkowo\u015bci i mi\u0119dzynarodowych standard\u00f3w rachunkowo\u015bci. Jest cz\u0142onkiem Zwi\u0105zku Izb Bieg\u0142ych Rewident\u00f3w i Zaprzysi\u0119\u017conych Bieg\u0142ych Rewident\u00f3w Turcji.<\/p>\n","protected":false},"excerpt":{"rendered":"<p>Serpil Senal uko\u0144czy\u0142a Uniwersytet S\u00fcleyman Demirel w 2003 roku, a w 2011 roku uzyska\u0142a stopie\u0144 doktora na Wydziale Administracji Biznesu Uniwersytetu S\u00fcleymana Demirela. W latach 2018\u20132024 pe\u0142ni\u0142a funkcj\u0119 kierownika Katedry Finans\u00f3w i Bankowo\u015bci na Wydziale Ekonomii i Nauk Administracyjnych, a od 2021 roku pracuje jako profesor zwyczajny na tym samym wydziale. Prowadzi wyk\u0142ady z zakresu [&hellip;]<\/p>\n","protected":false},"author":1,"featured_media":0,"parent":0,"menu_order":0,"comment_status":"closed","ping_status":"closed","template":"","meta":{"footnotes":""},"class_list":["post-283","page","type-page","status-publish","hentry"],"_links":{"self":[{"href":"https:\/\/managevirtually.sdu.edu.tr\/pl\/wp-json\/wp\/v2\/pages\/283"}],"collection":[{"href":"https:\/\/managevirtually.sdu.edu.tr\/pl\/wp-json\/wp\/v2\/pages"}],"about":[{"href":"https:\/\/managevirtually.sdu.edu.tr\/pl\/wp-json\/wp\/v2\/types\/page"}],"author":[{"embeddable":true,"href":"https:\/\/managevirtually.sdu.edu.tr\/pl\/wp-json\/wp\/v2\/users\/1"}],"replies":[{"embeddable":true,"href":"https:\/\/managevirtually.sdu.edu.tr\/pl\/wp-json\/wp\/v2\/comments?post=283"}],"version-history":[{"count":1,"href":"https:\/\/managevirtually.sdu.edu.tr\/pl\/wp-json\/wp\/v2\/pages\/283\/revisions"}],"predecessor-version":[{"id":466,"href":"https:\/\/managevirtually.sdu.edu.tr\/pl\/wp-json\/wp\/v2\/pages\/283\/revisions\/466"}],"wp:attachment":[{"href":"https:\/\/managevirtually.sdu.edu.tr\/pl\/wp-json\/wp\/v2\/media?parent=283"}],"curies":[{"name":"wp","href":"https:\/\/api.w.org\/{rel}","templated":true}]}}