{"id":279,"date":"2024-10-16T16:20:36","date_gmt":"2024-10-16T16:20:36","guid":{"rendered":"https:\/\/managevirtually.sdu.edu.tr\/?page_id=279"},"modified":"2024-12-22T20:54:51","modified_gmt":"2024-12-22T17:54:51","slug":"tr-person1","status":"publish","type":"page","link":"https:\/\/managevirtually.sdu.edu.tr\/pl\/tr-person1\/","title":{"rendered":"Prof. dr Aygen OKSAY"},"content":{"rendered":"\n<figure class=\"wp-block-image aligncenter size-full\"><img loading=\"lazy\" decoding=\"async\" width=\"317\" height=\"210\" src=\"https:\/\/managevirtually.sdu.edu.tr\/pl\/wp-content\/uploads\/sites\/6\/2024\/10\/image.png\" alt=\"\" class=\"wp-image-280\" srcset=\"https:\/\/managevirtually.sdu.edu.tr\/pl\/wp-content\/uploads\/sites\/6\/2024\/10\/image.png 317w, https:\/\/managevirtually.sdu.edu.tr\/pl\/wp-content\/uploads\/sites\/6\/2024\/10\/image-300x199.png 300w\" sizes=\"(max-width: 317px) 100vw, 317px\" \/><\/figure>\n\n\n\n<p>Aygen Oksay uko\u0144czy\u0142a Uniwersytet Hacettepe w 2000 roku, a w 2011 roku uzyska\u0142a stopie\u0144 doktora na Wydziale Administracji Biznesowej Uniwersytetu S\u00fcleymana Demirela. W latach 2015\u20132023 pe\u0142ni\u0142a funkcj\u0119 prodziekana na Wydziale Ekonomii i Nauk Administracyjnych, a od 2023 roku pracuje jako profesor zwyczajny na tym samym wydziale. Prowadzi wyk\u0142ady z zakresu zachowa\u0144 organizacyjnych, public relations oraz zarz\u0105dzania zasobami ludzkimi na studiach licencjackich i podyplomowych.<\/p>\n\n\n\n<p>Prof. Oksay posiada bogate do\u015bwiadczenie w realizacji projekt\u00f3w krajowych i mi\u0119dzynarodowych oraz jest autork\u0105 artyku\u0142\u00f3w naukowych dotycz\u0105cych turystyki, zachowa\u0144 organizacyjnych i pracownik\u00f3w s\u0142u\u017cby zdrowia. Jest cz\u0142onkiem Tureckiej Akademii Zarz\u0105dzania.<\/p>\n","protected":false},"excerpt":{"rendered":"<p>Aygen Oksay uko\u0144czy\u0142a Uniwersytet Hacettepe w 2000 roku, a w 2011 roku uzyska\u0142a stopie\u0144 doktora na Wydziale Administracji Biznesowej Uniwersytetu S\u00fcleymana Demirela. W latach 2015\u20132023 pe\u0142ni\u0142a funkcj\u0119 prodziekana na Wydziale Ekonomii i Nauk Administracyjnych, a od 2023 roku pracuje jako profesor zwyczajny na tym samym wydziale. Prowadzi wyk\u0142ady z zakresu zachowa\u0144 organizacyjnych, public relations oraz [&hellip;]<\/p>\n","protected":false},"author":1,"featured_media":0,"parent":0,"menu_order":0,"comment_status":"closed","ping_status":"closed","template":"","meta":{"footnotes":""},"class_list":["post-279","page","type-page","status-publish","hentry"],"_links":{"self":[{"href":"https:\/\/managevirtually.sdu.edu.tr\/pl\/wp-json\/wp\/v2\/pages\/279"}],"collection":[{"href":"https:\/\/managevirtually.sdu.edu.tr\/pl\/wp-json\/wp\/v2\/pages"}],"about":[{"href":"https:\/\/managevirtually.sdu.edu.tr\/pl\/wp-json\/wp\/v2\/types\/page"}],"author":[{"embeddable":true,"href":"https:\/\/managevirtually.sdu.edu.tr\/pl\/wp-json\/wp\/v2\/users\/1"}],"replies":[{"embeddable":true,"href":"https:\/\/managevirtually.sdu.edu.tr\/pl\/wp-json\/wp\/v2\/comments?post=279"}],"version-history":[{"count":2,"href":"https:\/\/managevirtually.sdu.edu.tr\/pl\/wp-json\/wp\/v2\/pages\/279\/revisions"}],"predecessor-version":[{"id":465,"href":"https:\/\/managevirtually.sdu.edu.tr\/pl\/wp-json\/wp\/v2\/pages\/279\/revisions\/465"}],"wp:attachment":[{"href":"https:\/\/managevirtually.sdu.edu.tr\/pl\/wp-json\/wp\/v2\/media?parent=279"}],"curies":[{"name":"wp","href":"https:\/\/api.w.org\/{rel}","templated":true}]}}