{"id":267,"date":"2024-10-16T15:24:32","date_gmt":"2024-10-16T15:24:32","guid":{"rendered":"https:\/\/managevirtually.sdu.edu.tr\/?page_id=267"},"modified":"2024-12-22T21:31:45","modified_gmt":"2024-12-22T18:31:45","slug":"kick-off-meeting-opening","status":"publish","type":"page","link":"https:\/\/managevirtually.sdu.edu.tr\/pl\/kick-off-meeting-opening\/","title":{"rendered":"Spotkania projektowe \/ Spotkanie inauguracyjne"},"content":{"rendered":"\n<p>Projekt <em>\u201eZarz\u0105dzanie w wirtualnym \u015bwiecie\u201d<\/em> zosta\u0142 oficjalnie zainaugurowany podczas spotkania inauguracyjnego, kt\u00f3re odby\u0142o si\u0119 w dniach 11\u201312 czerwca 2024 r. w Isparcie w Turcji, pod przewodnictwem koordynatora \u2013 S\u00fcleyman Demirel University. W wydarzeniu wzi\u0119\u0142y udzia\u0142 instytucje partnerskie: University of Sannio (W\u0142ochy), Bucharest University of Economic Studies (BUES, Rumunia), Politechnika Gda\u0144ska (Polska) oraz Polytechnic of Porto (ISCAP, Portugalia).<\/p>\n\n\n\n<p>Spotkanie rozpocz\u0119\u0142o si\u0119 koktajlem inauguracyjnym w Adem Efe Conference Hall na Wydziale Nauk Ekonomicznych i Administracyjnych Uniwersytetu S\u00fcleymana Demirela. Uroczyste przem\u00f3wienie otwieraj\u0105ce wyg\u0142osi\u0142a koordynatorka projektu, prof. dr Aygen OKSAY, kt\u00f3ra om\u00f3wi\u0142a punkt wyj\u015bcia projektu oraz jego g\u0142\u00f3wne cele. W dalszej cz\u0119\u015bci dziekan Wydzia\u0142u Nauk Ekonomicznych i Administracyjnych, prof. dr Hakan Mehmet K\u0130R\u0130\u015e, oraz wicerektor, prof. dr Mehmet GEN\u00c7T\u00dcRK, podkre\u015blili znaczenie projekt\u00f3w dla uniwersytet\u00f3w oraz zapewnili o pe\u0142nym wsparciu kierownictwa dla realizacji dzia\u0142a\u0144 projektowych.<\/p>\n\n\n\n<p>Po zako\u0144czeniu cz\u0119\u015bci oficjalnej rozpocz\u0119\u0142y si\u0119 sesje projektowe, podczas kt\u00f3rych przedstawiono g\u0142\u00f3wne cele projektu, kamienie milowe oraz obowi\u0105zki partner\u00f3w. Wyja\u015bniono r\u00f3wnie\u017c daty zaplanowanych spotka\u0144 TPM (Transnational Project Meetings). Kluczowym elementem by\u0142o przedstawienie symulacji, kt\u00f3ra b\u0119dzie wykorzystywana jako narz\u0119dzie edukacyjne w trakcie realizacji projektu. Partnerzy om\u00f3wili szczeg\u00f3\u0142y i dokonali podzia\u0142u zada\u0144.<\/p>\n\n\n\n<p>Spotkanie inauguracyjne wyznaczy\u0142o fundamenty dla przysz\u0142ych dzia\u0142a\u0144 w ramach projektu, podkre\u015blaj\u0105c znaczenie wsp\u00f3\u0142pracy mi\u0119dzynarodowej w edukacji i zarz\u0105dzaniu.<\/p>\n\n\n\n<figure class=\"wp-block-image aligncenter size-large\"><img loading=\"lazy\" decoding=\"async\" width=\"1024\" height=\"683\" src=\"https:\/\/managevirtually.sdu.edu.tr\/pl\/wp-content\/uploads\/sites\/6\/2024\/10\/open1-1024x683.jpg\" alt=\"\" class=\"wp-image-268\" srcset=\"https:\/\/managevirtually.sdu.edu.tr\/pl\/wp-content\/uploads\/sites\/6\/2024\/10\/open1-1024x683.jpg 1024w, https:\/\/managevirtually.sdu.edu.tr\/pl\/wp-content\/uploads\/sites\/6\/2024\/10\/open1-300x200.jpg 300w, https:\/\/managevirtually.sdu.edu.tr\/pl\/wp-content\/uploads\/sites\/6\/2024\/10\/open1-768x512.jpg 768w, https:\/\/managevirtually.sdu.edu.tr\/pl\/wp-content\/uploads\/sites\/6\/2024\/10\/open1.jpg 1386w\" sizes=\"(max-width: 1024px) 100vw, 1024px\" \/><\/figure>\n\n\n\n<figure class=\"wp-block-image aligncenter size-large\"><img loading=\"lazy\" decoding=\"async\" width=\"1024\" height=\"683\" src=\"https:\/\/managevirtually.sdu.edu.tr\/pl\/wp-content\/uploads\/sites\/6\/2024\/10\/open2-1024x683.jpg\" alt=\"\" class=\"wp-image-269\" srcset=\"https:\/\/managevirtually.sdu.edu.tr\/pl\/wp-content\/uploads\/sites\/6\/2024\/10\/open2-1024x683.jpg 1024w, https:\/\/managevirtually.sdu.edu.tr\/pl\/wp-content\/uploads\/sites\/6\/2024\/10\/open2-300x200.jpg 300w, https:\/\/managevirtually.sdu.edu.tr\/pl\/wp-content\/uploads\/sites\/6\/2024\/10\/open2-768x512.jpg 768w, https:\/\/managevirtually.sdu.edu.tr\/pl\/wp-content\/uploads\/sites\/6\/2024\/10\/open2.jpg 1386w\" sizes=\"(max-width: 1024px) 100vw, 1024px\" \/><\/figure>\n\n\n\n<figure class=\"wp-block-image aligncenter size-large\"><img loading=\"lazy\" decoding=\"async\" width=\"1024\" height=\"683\" src=\"https:\/\/managevirtually.sdu.edu.tr\/pl\/wp-content\/uploads\/sites\/6\/2024\/10\/open3-1024x683.jpg\" alt=\"\" class=\"wp-image-270\" srcset=\"https:\/\/managevirtually.sdu.edu.tr\/pl\/wp-content\/uploads\/sites\/6\/2024\/10\/open3-1024x683.jpg 1024w, https:\/\/managevirtually.sdu.edu.tr\/pl\/wp-content\/uploads\/sites\/6\/2024\/10\/open3-300x200.jpg 300w, https:\/\/managevirtually.sdu.edu.tr\/pl\/wp-content\/uploads\/sites\/6\/2024\/10\/open3-768x512.jpg 768w, https:\/\/managevirtually.sdu.edu.tr\/pl\/wp-content\/uploads\/sites\/6\/2024\/10\/open3.jpg 1386w\" sizes=\"(max-width: 1024px) 100vw, 1024px\" \/><\/figure>\n\n\n\n<figure class=\"wp-block-image aligncenter size-large\"><img loading=\"lazy\" decoding=\"async\" width=\"1024\" height=\"683\" src=\"https:\/\/managevirtually.sdu.edu.tr\/pl\/wp-content\/uploads\/sites\/6\/2024\/10\/open4-1024x683.jpg\" alt=\"\" class=\"wp-image-271\" srcset=\"https:\/\/managevirtually.sdu.edu.tr\/pl\/wp-content\/uploads\/sites\/6\/2024\/10\/open4-1024x683.jpg 1024w, https:\/\/managevirtually.sdu.edu.tr\/pl\/wp-content\/uploads\/sites\/6\/2024\/10\/open4-300x200.jpg 300w, https:\/\/managevirtually.sdu.edu.tr\/pl\/wp-content\/uploads\/sites\/6\/2024\/10\/open4-768x512.jpg 768w, https:\/\/managevirtually.sdu.edu.tr\/pl\/wp-content\/uploads\/sites\/6\/2024\/10\/open4.jpg 1386w\" sizes=\"(max-width: 1024px) 100vw, 1024px\" \/><\/figure>\n\n\n\n<figure class=\"wp-block-image aligncenter size-large\"><img loading=\"lazy\" decoding=\"async\" width=\"1024\" height=\"607\" src=\"https:\/\/managevirtually.sdu.edu.tr\/pl\/wp-content\/uploads\/sites\/6\/2024\/10\/open5-1024x607.jpg\" alt=\"\" class=\"wp-image-272\" srcset=\"https:\/\/managevirtually.sdu.edu.tr\/pl\/wp-content\/uploads\/sites\/6\/2024\/10\/open5-1024x607.jpg 1024w, https:\/\/managevirtually.sdu.edu.tr\/pl\/wp-content\/uploads\/sites\/6\/2024\/10\/open5-300x178.jpg 300w, https:\/\/managevirtually.sdu.edu.tr\/pl\/wp-content\/uploads\/sites\/6\/2024\/10\/open5-768x455.jpg 768w, https:\/\/managevirtually.sdu.edu.tr\/pl\/wp-content\/uploads\/sites\/6\/2024\/10\/open5.jpg 1386w\" sizes=\"(max-width: 1024px) 100vw, 1024px\" \/><\/figure>\n\n\n\n<figure class=\"wp-block-image aligncenter size-large\"><img loading=\"lazy\" decoding=\"async\" width=\"1024\" height=\"584\" src=\"https:\/\/managevirtually.sdu.edu.tr\/pl\/wp-content\/uploads\/sites\/6\/2024\/10\/open6-1024x584.jpg\" alt=\"\" class=\"wp-image-273\" srcset=\"https:\/\/managevirtually.sdu.edu.tr\/pl\/wp-content\/uploads\/sites\/6\/2024\/10\/open6-1024x584.jpg 1024w, https:\/\/managevirtually.sdu.edu.tr\/pl\/wp-content\/uploads\/sites\/6\/2024\/10\/open6-300x171.jpg 300w, https:\/\/managevirtually.sdu.edu.tr\/pl\/wp-content\/uploads\/sites\/6\/2024\/10\/open6-768x438.jpg 768w, https:\/\/managevirtually.sdu.edu.tr\/pl\/wp-content\/uploads\/sites\/6\/2024\/10\/open6.jpg 1386w\" sizes=\"(max-width: 1024px) 100vw, 1024px\" \/><\/figure>\n\n\n\n<figure class=\"wp-block-image aligncenter size-large\"><img loading=\"lazy\" decoding=\"async\" width=\"1024\" height=\"683\" src=\"https:\/\/managevirtually.sdu.edu.tr\/pl\/wp-content\/uploads\/sites\/6\/2024\/10\/open7-1024x683.jpg\" alt=\"\" class=\"wp-image-274\" srcset=\"https:\/\/managevirtually.sdu.edu.tr\/pl\/wp-content\/uploads\/sites\/6\/2024\/10\/open7-1024x683.jpg 1024w, https:\/\/managevirtually.sdu.edu.tr\/pl\/wp-content\/uploads\/sites\/6\/2024\/10\/open7-300x200.jpg 300w, https:\/\/managevirtually.sdu.edu.tr\/pl\/wp-content\/uploads\/sites\/6\/2024\/10\/open7-768x512.jpg 768w, https:\/\/managevirtually.sdu.edu.tr\/pl\/wp-content\/uploads\/sites\/6\/2024\/10\/open7.jpg 1386w\" sizes=\"(max-width: 1024px) 100vw, 1024px\" \/><\/figure>\n","protected":false},"excerpt":{"rendered":"<p>Projekt \u201eZarz\u0105dzanie w wirtualnym \u015bwiecie\u201d zosta\u0142 oficjalnie zainaugurowany podczas spotkania inauguracyjnego, kt\u00f3re odby\u0142o si\u0119 w dniach 11\u201312 czerwca 2024 r. w Isparcie w Turcji, pod przewodnictwem koordynatora \u2013 S\u00fcleyman Demirel University. W wydarzeniu wzi\u0119\u0142y udzia\u0142 instytucje partnerskie: University of Sannio (W\u0142ochy), Bucharest University of Economic Studies (BUES, Rumunia), Politechnika Gda\u0144ska (Polska) oraz Polytechnic of Porto [&hellip;]<\/p>\n","protected":false},"author":1,"featured_media":0,"parent":0,"menu_order":0,"comment_status":"closed","ping_status":"closed","template":"","meta":{"footnotes":""},"class_list":["post-267","page","type-page","status-publish","hentry"],"_links":{"self":[{"href":"https:\/\/managevirtually.sdu.edu.tr\/pl\/wp-json\/wp\/v2\/pages\/267"}],"collection":[{"href":"https:\/\/managevirtually.sdu.edu.tr\/pl\/wp-json\/wp\/v2\/pages"}],"about":[{"href":"https:\/\/managevirtually.sdu.edu.tr\/pl\/wp-json\/wp\/v2\/types\/page"}],"author":[{"embeddable":true,"href":"https:\/\/managevirtually.sdu.edu.tr\/pl\/wp-json\/wp\/v2\/users\/1"}],"replies":[{"embeddable":true,"href":"https:\/\/managevirtually.sdu.edu.tr\/pl\/wp-json\/wp\/v2\/comments?post=267"}],"version-history":[{"count":1,"href":"https:\/\/managevirtually.sdu.edu.tr\/pl\/wp-json\/wp\/v2\/pages\/267\/revisions"}],"predecessor-version":[{"id":496,"href":"https:\/\/managevirtually.sdu.edu.tr\/pl\/wp-json\/wp\/v2\/pages\/267\/revisions\/496"}],"wp:attachment":[{"href":"https:\/\/managevirtually.sdu.edu.tr\/pl\/wp-json\/wp\/v2\/media?parent=267"}],"curies":[{"name":"wp","href":"https:\/\/api.w.org\/{rel}","templated":true}]}}