{"id":257,"date":"2024-10-16T15:09:18","date_gmt":"2024-10-16T15:09:18","guid":{"rendered":"https:\/\/managevirtually.sdu.edu.tr\/?page_id=257"},"modified":"2025-03-28T21:21:13","modified_gmt":"2025-03-28T18:21:13","slug":"about-us-pt","status":"publish","type":"page","link":"https:\/\/managevirtually.sdu.edu.tr\/pl\/about-us-pt\/","title":{"rendered":"O nas \/ Portugalia"},"content":{"rendered":"\n<p><strong>POLITECHNIKA PORTO (ISCAP)<span lang=\"PL\"><\/span><br><\/strong><\/p>\n\n\n\n<p>Politechnika Porto (P.Porto) to najwi\u0119ksza i jedna z najbardziej dynamicznych politechnik w Portugalii, zajmuj\u0105ca pierwsze miejsce w rankingu krajowych politechnik. Wraz z najwi\u0119kszymi uniwersytetami w kraju plasuje si\u0119 w g\u00f3rnym segmencie krajowego rankingu szkolnictwa wy\u017cszego. Politechnika Porto obejmuje 8 szk\u00f3\u0142 oraz ponad 20 jednostek badawczo-rozwojowych i zajmuje czo\u0142owe pozycje w mi\u0119dzynarodowych rankingach naukowych.<\/p>\n\n\n\n<p><strong>Porto Accounting and Business School (ISCAP)<\/strong>, b\u0119d\u0105ca cz\u0119\u015bci\u0105 Politechniki Porto, mie\u015bci si\u0119 w pobli\u017cu g\u0142\u00f3wnego kampusu. ISCAP kszta\u0142ci oko\u0142o 5000 student\u00f3w, oferuj\u0105c szeroki zakres program\u00f3w licencjackich i magisterskich w takich dziedzinach, jak:<\/p>\n\n\n\n<ul class=\"wp-block-list\">\n<li>ksi\u0119gowo\u015b\u0107,<\/li>\n\n\n\n<li>handel mi\u0119dzynarodowy,<\/li>\n\n\n\n<li>marketing,<\/li>\n\n\n\n<li>komunikacja biznesowa,<\/li>\n\n\n\n<li>zarz\u0105dzanie i pomoc administracyjna,<\/li>\n\n\n\n<li>t\u0142umaczenia,<\/li>\n\n\n\n<li>kreatywno\u015b\u0107 i innowacje biznesowe,<\/li>\n\n\n\n<li>zasoby ludzkie,<\/li>\n\n\n\n<li>bibliotekoznawstwo i nauki informacyjne.<\/li>\n<\/ul>\n\n\n\n<p>W ofercie program\u00f3w magisterskich znajduj\u0105 si\u0119 m.in.: ksi\u0119gowo\u015b\u0107 i finanse, audyt, zarz\u0105dzanie organizacj\u0105, marketing cyfrowy, logistyka, przedsi\u0119biorczo\u015b\u0107 i internacjonalizacja, a tak\u017ce studia mi\u0119dzykulturowe dla biznesu oraz specjalistyczne t\u0142umaczenia ustne i pisemne. W ostatnich latach ISCAP nawi\u0105za\u0142 wsp\u00f3\u0142prac\u0119 z mi\u0119dzynarodowymi partnerami, opracowuj\u0105c wsp\u00f3lne programy podw\u00f3jnych dyplom\u00f3w.<\/p>\n\n\n\n<p>ISCAP dysponuje nowoczesnymi i zaawansowanymi technologicznie laboratoriami, m.in. multimedialnymi, edukacyjnymi, symulacyjnymi i marketingowymi. Uczelnia konsekwentnie rozwija swoje mi\u0119dzynarodowe do\u015bwiadczenie, buduj\u0105c szerok\u0105 sie\u0107 partnerstw zar\u00f3wno w Europie, jak i w Brazylii oraz Stanach Zjednoczonych. ISCAP jest r\u00f3wnie\u017c aktywnym cz\u0142onkiem wielu mi\u0119dzynarodowych sieci, takich jak:<\/p>\n\n\n\n<ul class=\"wp-block-list\">\n<li><strong>AFECA<\/strong>,<\/li>\n\n\n\n<li><strong>CARPE<\/strong>,<\/li>\n\n\n\n<li><strong>EdiNeb<\/strong>,<\/li>\n\n\n\n<li><strong>Acinnet<\/strong> i inne.<\/li>\n<\/ul>\n\n\n\n<p>Politechnika Porto (ISCAP) to uczelnia \u0142\u0105cz\u0105ca nowoczesno\u015b\u0107, mi\u0119dzynarodow\u0105 wsp\u00f3\u0142prac\u0119 i praktyczne podej\u015bcie do kszta\u0142cenia, zapewniaj\u0105c swoim studentom i partnerom najwy\u017cszy poziom nauczania i bada\u0144.<\/p>\n\n\n\n<p><strong>Mi\u0119dzynarodowa wsp\u00f3\u0142praca i dzia\u0142alno\u015b\u0107 ISCAP<\/strong><\/p>\n\n\n\n<p>Porto Accounting and Business School (ISCAP) odgrywa aktywn\u0105 rol\u0119 w wielu mi\u0119dzynarodowych i europejskich projektach, w tym w ramach programu ERASMUS. Na przestrzeni lat znacz\u0105co wzros\u0142a liczba student\u00f3w wyje\u017cd\u017caj\u0105cych i przyje\u017cd\u017caj\u0105cych w ramach program\u00f3w Erasmus, wymian akademickich oraz jako tzw. free-mover. W trakcie organizowanych przez ISCAP Mi\u0119dzynarodowych Tygodni uczelnia go\u015bci wyk\u0142adowc\u00f3w oraz przedstawicieli swoich partner\u00f3w, co wspiera proces \u201eInternacjonalizacji w domu\u201d oraz budowanie trwa\u0142ych wi\u0119zi akademickich i naukowych mi\u0119dzy wyk\u0142adowcami i badaczami.<\/p>\n\n\n\n<p>W ISCAP priorytetowo traktuje si\u0119 zar\u00f3wno potrzeby akademickie, jak i osobiste student\u00f3w oraz wyk\u0142adowc\u00f3w zagranicznych. Uczelnia nieustannie d\u0105\u017cy do zapewnienia dynamicznego i stymuluj\u0105cego \u015brodowiska nauczania i uczenia si\u0119.<\/p>\n\n\n\n<p><strong>Powi\u0105zania z biznesem i edukacja praktyczna<\/strong><br>Nauki biznesowe stanowi\u0105 centralny element \u017cycia akademickiego i misji ISCAP. Ze wzgl\u0119du na struktur\u0119 gospodarcz\u0105 Portugalii, w kt\u00f3rej niemal 100% przedsi\u0119biorstw to ma\u0142e i \u015brednie firmy (M\u015aP), powi\u0105zania mi\u0119dzy szkolnictwem wy\u017cszym a struktur\u0105 biznesow\u0105 kraju maj\u0105 kluczowe znaczenie.<\/p>\n\n\n\n<p>Kadra dydaktyczna ISCAP jest \u015bci\u015ble zwi\u0105zana ze \u015bwiatem biznesu \u2013 wi\u0119kszo\u015b\u0107 wyk\u0142adowc\u00f3w posiada do\u015bwiadczenie praktyczne w przedsi\u0119biorstwach, a niekt\u00f3rzy nadal aktywnie wsp\u00f3\u0142pracuj\u0105 z biznesem. Dzi\u0119ki temu wyk\u0142adowcy przekazuj\u0105 swoim studentom wiedz\u0119 i praktyczne spojrzenie na temat zarz\u0105dzania, ksi\u0119gowo\u015bci oraz przedsi\u0119biorczo\u015bci, przygotowuj\u0105c ich do roli przysz\u0142ych ksi\u0119gowych, mened\u017cer\u00f3w i przedsi\u0119biorc\u00f3w.<\/p>\n\n\n\n<p><strong>Zesp\u00f3\u0142 ISCAP<\/strong><br>W sk\u0142ad zespo\u0142u ISCAP wchodz\u0105:<\/p>\n\n\n\n<ul class=\"wp-block-list\">\n<li><a href=\"https:\/\/managevirtually.sdu.edu.tr\/pl\/pt-person1\/\">Starszy wyk\u0142adowca Maria Ant\u00f3nia Gon\u00e7alves RODRIGUES<\/a><\/li>\n\n\n\n<li><a href=\"https:\/\/managevirtually.sdu.edu.tr\/pl\/pt-person2\/\">Adiunkt Maria Am\u00e9lia CARVALHO<\/a><\/li>\n\n\n\n<li><a href=\"https:\/\/managevirtually.sdu.edu.tr\/pl\/pt-person3\/\">Starszy wyk\u0142adowca Paula CARVALHO<\/a><\/li>\n\n\n\n<li><a href=\"https:\/\/managevirtually.sdu.edu.tr\/pl\/pt-person4\/\">Starszy wyk\u0142adowca Adalmiro \u00c1lvaro Malheiro de Castro Andrade Pereira<\/a><\/li>\n\n\n\n<li><a href=\"https:\/\/managevirtually.sdu.edu.tr\/pl\/pt-person5\/\">Doktorantka T\u00e2nia Catarina Vila\u00e7a TEIXEIRA<\/a><\/li>\n\n\n\n<li><a href=\"https:\/\/managevirtually.sdu.edu.tr\/pl\/pt-person6\/\">Senior Lecturer M\u00e1rio Joel Queir\u00f3s<\/a><\/li>\n<\/ul>\n","protected":false},"excerpt":{"rendered":"<p>POLITECHNIKA PORTO (ISCAP) Politechnika Porto (P.Porto) to najwi\u0119ksza i jedna z najbardziej dynamicznych politechnik w Portugalii, zajmuj\u0105ca pierwsze miejsce w rankingu krajowych politechnik. Wraz z najwi\u0119kszymi uniwersytetami w kraju plasuje si\u0119 w g\u00f3rnym segmencie krajowego rankingu szkolnictwa wy\u017cszego. Politechnika Porto obejmuje 8 szk\u00f3\u0142 oraz ponad 20 jednostek badawczo-rozwojowych i zajmuje czo\u0142owe pozycje w mi\u0119dzynarodowych rankingach [&hellip;]<\/p>\n","protected":false},"author":1,"featured_media":0,"parent":0,"menu_order":0,"comment_status":"closed","ping_status":"closed","template":"","meta":{"footnotes":""},"class_list":["post-257","page","type-page","status-publish","hentry"],"_links":{"self":[{"href":"https:\/\/managevirtually.sdu.edu.tr\/pl\/wp-json\/wp\/v2\/pages\/257"}],"collection":[{"href":"https:\/\/managevirtually.sdu.edu.tr\/pl\/wp-json\/wp\/v2\/pages"}],"about":[{"href":"https:\/\/managevirtually.sdu.edu.tr\/pl\/wp-json\/wp\/v2\/types\/page"}],"author":[{"embeddable":true,"href":"https:\/\/managevirtually.sdu.edu.tr\/pl\/wp-json\/wp\/v2\/users\/1"}],"replies":[{"embeddable":true,"href":"https:\/\/managevirtually.sdu.edu.tr\/pl\/wp-json\/wp\/v2\/comments?post=257"}],"version-history":[{"count":2,"href":"https:\/\/managevirtually.sdu.edu.tr\/pl\/wp-json\/wp\/v2\/pages\/257\/revisions"}],"predecessor-version":[{"id":555,"href":"https:\/\/managevirtually.sdu.edu.tr\/pl\/wp-json\/wp\/v2\/pages\/257\/revisions\/555"}],"wp:attachment":[{"href":"https:\/\/managevirtually.sdu.edu.tr\/pl\/wp-json\/wp\/v2\/media?parent=257"}],"curies":[{"name":"wp","href":"https:\/\/api.w.org\/{rel}","templated":true}]}}