{"id":255,"date":"2024-10-16T15:07:30","date_gmt":"2024-10-16T15:07:30","guid":{"rendered":"https:\/\/managevirtually.sdu.edu.tr\/?page_id=255"},"modified":"2024-12-22T21:37:56","modified_gmt":"2024-12-22T18:37:56","slug":"about-us-pl","status":"publish","type":"page","link":"https:\/\/managevirtually.sdu.edu.tr\/pl\/about-us-pl\/","title":{"rendered":"O nas \/ Polska"},"content":{"rendered":"\n<p><strong>POLITECHNIKA GDA\u0143SKA<span lang=\"PL\" style=\"font-size:12.0pt;font-family:&quot;Times New Roman&quot;,serif;mso-fareast-font-family:\n&quot;Times New Roman&quot;;mso-fareast-language:PL\"><\/span><br><\/strong><\/p>\n\n\n\n<p>Politechnika Gda\u0144ska (Gda\u0144sk Tech) jest jednym z wiod\u0105cych o\u015brodk\u00f3w badawczo-rozwojowych na Pomorzu i jednym z najlepszych uniwersytet\u00f3w technicznych w Polsce. Uczelnia sk\u0142ada si\u0119 z 8 wydzia\u0142\u00f3w, na kt\u00f3rych kszta\u0142ci si\u0119 oko\u0142o 15 tysi\u0119cy student\u00f3w. Wszystkie wydzia\u0142y posiadaj\u0105 pe\u0142ne prawa akademickie, z czego 4 (w tym Wydzia\u0142 Zarz\u0105dzania i Ekonomii) uzyska\u0142y kategori\u0119 naukow\u0105 A, a 2 \u2013 kategori\u0119 A+ w ostatniej ocenie parametrycznej.<\/p>\n\n\n\n<p>Politechnika Gda\u0144ska uzyska\u0142a najwy\u017csz\u0105 ocen\u0119 w\u015br\u00f3d polskich uczelni technicznych w tej ocenie, a Wydzia\u0142 Zarz\u0105dzania i Ekonomii, dzi\u0119ki wyr\u00f3\u017cniaj\u0105cym wynikom w parametryzacji kategorii I, zosta\u0142 nominowany jako jeden z czterech najlepszych wydzia\u0142\u00f3w w dziedzinie nauk ekonomicznych w Polsce do kategorii A+.<\/p>\n\n\n\n<p>Obecnie uczelnia kszta\u0142ci prawie 26 tysi\u0119cy student\u00f3w i zatrudnia 1200 pracownik\u00f3w naukowych. Oferuje 33 kierunki studi\u00f3w licencjackich i 29 magisterskich, w tym 4 mi\u0119dzywydzia\u0142owe oraz 2 unikalne mi\u0119dzyuczelniane \u2013 in\u017cynieri\u0119 mechaniczno-medyczn\u0105 oraz chemi\u0119 budowlan\u0105. 15 kierunk\u00f3w prowadzonych jest w j\u0119zyku angielskim.<\/p>\n\n\n\n<p>Politechnika Gda\u0144ska posiada ponad 420 um\u00f3w bilateralnych w ramach programu Erasmus oraz blisko 80 um\u00f3w og\u00f3lnych o wsp\u00f3\u0142pracy mi\u0119dzynarodowej. Realizuje r\u00f3wnie\u017c programy podw\u00f3jnego dyplomu z uczelniami z Danii, Francji, Niemiec, Szwecji i W\u0142och.<\/p>\n\n\n\n<p>Uczelnia aktywnie wsp\u00f3\u0142pracuje z biznesem, b\u0119d\u0105c cz\u0142onkiem licznych klastr\u00f3w, takich jak:<\/p>\n\n\n\n<ul class=\"wp-block-list\">\n<li><strong>Pomorski Klaster Bio-Eko-Chemiczny<\/strong>,<\/li>\n\n\n\n<li><strong>Polski Klaster Morski<\/strong>,<\/li>\n\n\n\n<li><strong>Klima Pomerania<\/strong>,<\/li>\n\n\n\n<li><strong>Interizon \u2013 Pomorski Klaster ICT<\/strong>, kt\u00f3ry jest jednym z najlepiej rozwini\u0119tych klastr\u00f3w w Polsce, nagrodzonym tytu\u0142em Kluczowego Klastra Regionu Pomorskiego w konkursie organizowanym przez Zarz\u0105d Regionu.<\/li>\n<\/ul>\n\n\n\n<p>Politechnika Gda\u0144ska \u0142\u0105czy tradycj\u0119 z nowoczesno\u015bci\u0105, oferuj\u0105c swoim studentom i pracownikom najwy\u017cszy poziom edukacji, bada\u0144 oraz wsp\u00f3\u0142pracy mi\u0119dzynarodowej.<\/p>\n\n\n\n<p><strong>Politechnika Gda\u0144ska \u2013 Wydzia\u0142 Zarz\u0105dzania i Ekonomii<\/strong><\/p>\n\n\n\n<p>W ci\u0105gu ostatnich 15 lat Politechnika Gda\u0144ska podpisa\u0142a oko\u0142o 900 um\u00f3w na realizacj\u0119 projekt\u00f3w w takich obszarach jak krajowe programy badawcze, fundusze strukturalne, mi\u0119dzynarodowe projekty badawcze i programy ramowe, a tak\u017ce mi\u0119dzynarodowe projekty edukacyjne.<\/p>\n\n\n\n<p><strong>Historia Wydzia\u0142u Zarz\u0105dzania i Ekonomii<\/strong><br>Wydzia\u0142 Zarz\u0105dzania i Ekonomii powsta\u0142 w 1993 roku w wyniku po\u0142\u0105czenia Katedry Organizacji i Projektowania System\u00f3w Produkcyjnych Wydzia\u0142u Technologii Maszyn i Organizacji Produkcji z mi\u0119dzywydzia\u0142owym Instytutem Ekonomiczno-Humanistycznym. Po\u0142\u0105czenie to pozwoli\u0142o zintegrowa\u0107 umiej\u0119tno\u015bci i do\u015bwiadczenie nauczycieli akademickich z nowoczesn\u0105 wiedz\u0105 in\u017cyniersk\u0105, ekonomiczn\u0105, humanistyczn\u0105 i mened\u017cersk\u0105.<\/p>\n\n\n\n<p>Kluczowym zasobem Wydzia\u0142u s\u0105 ludzie \u2013 116 nauczycieli akademickich, z czego 95 pracuje na stanowiskach naukowo-dydaktycznych, a 21 na stanowiskach dydaktycznych. Pracownicy administracyjni i obs\u0142ugi wspieraj\u0105 dzia\u0142alno\u015b\u0107 nauczycieli, tworz\u0105c solidne zaplecze do realizacji projekt\u00f3w badawczych i dydaktycznych.<\/p>\n\n\n\n<p><strong>Oferta edukacyjna<\/strong><br>Obecnie Wydzia\u0142 prowadzi 5 kierunk\u00f3w studi\u00f3w:<\/p>\n\n\n\n<ul class=\"wp-block-list\">\n<li><strong>Analityka Ekonomiczna<\/strong>,<\/li>\n\n\n\n<li><strong>Ekonomia<\/strong>,<\/li>\n\n\n\n<li><strong>Zarz\u0105dzanie<\/strong>,<\/li>\n\n\n\n<li><strong>In\u017cynieria Zarz\u0105dzania<\/strong>,<\/li>\n\n\n\n<li><strong>In\u017cynieria Danych<\/strong> (we wsp\u00f3\u0142pracy z Wydzia\u0142em Elektroniki, Telekomunikacji i Informatyki).<\/li>\n<\/ul>\n\n\n\n<p>Na studiach kszta\u0142ci si\u0119 blisko 2000 student\u00f3w. Dodatkowo Wydzia\u0142 oferuje szerok\u0105 gam\u0119 kurs\u00f3w podyplomowych \u2013 organizowanych w blisko 30 edycjach rocznie \u2013 kt\u00f3re ciesz\u0105 si\u0119 popularno\u015bci\u0105 jako spos\u00f3b na uzupe\u0142nienie wiedzy i rozw\u00f3j kompetencji zawodowych.<\/p>\n\n\n\n<p><strong>Cz\u0142onkostwo w presti\u017cowych organizacjach<\/strong><br>Politechnika Gda\u0144ska, jako jedna z nielicznych polskich uczelni, nale\u017cy do presti\u017cowej <strong>Europejskiej Fundacji Rozwoju Zarz\u0105dzania (EFMD)<\/strong>, zrzeszaj\u0105cej najlepsze szko\u0142y biznesu i wydzia\u0142y zarz\u0105dzania. W 2017 roku Wydzia\u0142 Zarz\u0105dzania i Ekonomii do\u0142\u0105czy\u0142 r\u00f3wnie\u017c do <strong>CEEMAN<\/strong> \u2013 Mi\u0119dzynarodowego Stowarzyszenia Rozwoju Zarz\u0105dzania w Dynamicznych Spo\u0142ecze\u0144stwach.<\/p>\n\n\n\n<p>Programy edukacyjne Wydzia\u0142u s\u0105 wysoko oceniane w mi\u0119dzynarodowych rankingach, takich jak <strong>EDUNIVERSAL<\/strong> oraz <strong>U-Multirank<\/strong>, co potwierdza ich wysok\u0105 jako\u015b\u0107 i uznanie na arenie mi\u0119dzynarodowej.<\/p>\n\n\n\n<p><strong>Wsp\u00f3\u0142praca i zesp\u00f3\u0142 Wydzia\u0142u Zarz\u0105dzania i Ekonomii<\/strong><\/p>\n\n\n\n<p>Wydzia\u0142 Zarz\u0105dzania i Ekonomii Politechniki Gda\u0144skiej aktywnie rozwija wsp\u00f3\u0142prac\u0119 z samorz\u0105dem lokalnym oraz otoczeniem biznesowym. G\u0142\u00f3wnym celem tych dzia\u0142a\u0144 jest zaanga\u017cowanie interesariuszy w projektowanie zmian oraz tworzenie nowoczesnych rozwi\u0105za\u0144 odpowiadaj\u0105cych na potrzeby regionu. Istotnym elementem tej wsp\u00f3\u0142pracy jest tak\u017ce poszerzanie i udoskonalanie oferty stypendi\u00f3w dla student\u00f3w, co wspiera ich rozw\u00f3j akademicki i zawodowy.<\/p>\n\n\n\n<p><strong>Zesp\u00f3\u0142<\/strong><br>W sk\u0142ad zespo\u0142u Wydzia\u0142u Zarz\u0105dzania i Ekonomii wchodz\u0105:<\/p>\n\n\n\n<ul class=\"wp-block-list\">\n<li><a href=\"https:\/\/managevirtually.sdu.edu.tr\/pl\/pl-person1\/\">Adiunkt dr in\u017c. Ewa MARJA\u0143SKA<\/a><\/li>\n\n\n\n<li><a href=\"https:\/\/managevirtually.sdu.edu.tr\/pl\/pl-person2\/\">Adiunkt dr in\u017c. Anna Maria TrZASKOWSKA<\/a><\/li>\n\n\n\n<li><a href=\"https:\/\/managevirtually.sdu.edu.tr\/pl\/pl-person3\/\">Prof. dr Anna Maria LIS<\/a><\/li>\n\n\n\n<li><a href=\"https:\/\/managevirtually.sdu.edu.tr\/pl\/pl-person4\/\">Adiunktem Jaros\u0142aw Zi\u0119tarski<\/a><\/li>\n<\/ul>\n\n\n\n<p>Dzi\u0119ki zaanga\u017cowanemu zespo\u0142owi oraz wsp\u00f3\u0142pracy z interesariuszami, Wydzia\u0142 przyczynia si\u0119 do kszta\u0142towania innowacyjnych inicjatyw i wspierania rozwoju spo\u0142eczno-gospodarczego regionu.<\/p>\n\n\n\n<p><\/p>\n\n\n\n<p><\/p>\n","protected":false},"excerpt":{"rendered":"<p>POLITECHNIKA GDA\u0143SKA Politechnika Gda\u0144ska (Gda\u0144sk Tech) jest jednym z wiod\u0105cych o\u015brodk\u00f3w badawczo-rozwojowych na Pomorzu i jednym z najlepszych uniwersytet\u00f3w technicznych w Polsce. Uczelnia sk\u0142ada si\u0119 z 8 wydzia\u0142\u00f3w, na kt\u00f3rych kszta\u0142ci si\u0119 oko\u0142o 15 tysi\u0119cy student\u00f3w. Wszystkie wydzia\u0142y posiadaj\u0105 pe\u0142ne prawa akademickie, z czego 4 (w tym Wydzia\u0142 Zarz\u0105dzania i Ekonomii) uzyska\u0142y kategori\u0119 naukow\u0105 A, [&hellip;]<\/p>\n","protected":false},"author":1,"featured_media":0,"parent":0,"menu_order":0,"comment_status":"closed","ping_status":"closed","template":"","meta":{"footnotes":""},"class_list":["post-255","page","type-page","status-publish","hentry"],"_links":{"self":[{"href":"https:\/\/managevirtually.sdu.edu.tr\/pl\/wp-json\/wp\/v2\/pages\/255"}],"collection":[{"href":"https:\/\/managevirtually.sdu.edu.tr\/pl\/wp-json\/wp\/v2\/pages"}],"about":[{"href":"https:\/\/managevirtually.sdu.edu.tr\/pl\/wp-json\/wp\/v2\/types\/page"}],"author":[{"embeddable":true,"href":"https:\/\/managevirtually.sdu.edu.tr\/pl\/wp-json\/wp\/v2\/users\/1"}],"replies":[{"embeddable":true,"href":"https:\/\/managevirtually.sdu.edu.tr\/pl\/wp-json\/wp\/v2\/comments?post=255"}],"version-history":[{"count":2,"href":"https:\/\/managevirtually.sdu.edu.tr\/pl\/wp-json\/wp\/v2\/pages\/255\/revisions"}],"predecessor-version":[{"id":499,"href":"https:\/\/managevirtually.sdu.edu.tr\/pl\/wp-json\/wp\/v2\/pages\/255\/revisions\/499"}],"wp:attachment":[{"href":"https:\/\/managevirtually.sdu.edu.tr\/pl\/wp-json\/wp\/v2\/media?parent=255"}],"curies":[{"name":"wp","href":"https:\/\/api.w.org\/{rel}","templated":true}]}}