{"id":253,"date":"2024-10-16T15:06:36","date_gmt":"2024-10-16T15:06:36","guid":{"rendered":"https:\/\/managevirtually.sdu.edu.tr\/?page_id=253"},"modified":"2024-12-22T21:09:42","modified_gmt":"2024-12-22T18:09:42","slug":"about-us-ro","status":"publish","type":"page","link":"https:\/\/managevirtually.sdu.edu.tr\/pl\/about-us-ro\/","title":{"rendered":"O nas \/ Rumunia"},"content":{"rendered":"\n<p><strong>UNIWERSYTET STUDI\u00d3W EKONOMICZNYCH W BUKARESZCIE (ASE)<\/strong><\/p>\n\n\n\n<p>Uniwersytet Studi\u00f3w Ekonomicznych w Bukareszcie (ASE) to publiczna uczelnia wy\u017csza i najwa\u017cniejszy o\u015brodek akademicki w Rumunii w dziedzinie ekonomii i biznesu. ASE sk\u0142ada si\u0119 z 13 wydzia\u0142\u00f3w, kt\u00f3re oferuj\u0105 szeroki wachlarz specjalizacji, w tym rachunkowo\u015b\u0107, cybernetyk\u0119, marketing, zarz\u0105dzanie, finanse, biznes mi\u0119dzynarodowy, ekonomi\u0119, ekonomi\u0119 rolno-spo\u017cywcz\u0105 i \u015brodowiskow\u0105, ekonomi\u0119 teoretyczn\u0105, administracj\u0119 publiczn\u0105, biznes i turystyk\u0119 oraz prawo.<\/p>\n\n\n\n<p>Uniwersytet realizuje 25 program\u00f3w licencjackich, 78 program\u00f3w magisterskich, 2 mi\u0119dzynarodowe programy MBA oraz 10 szk\u00f3\u0142 doktoranckich. Ponad 30 program\u00f3w prowadzonych jest w j\u0119zyku angielskim, francuskim lub niemieckim, co sprzyja rozwojowi mi\u0119dzynarodowego \u015brodowiska akademickiego. Obecnie ASE kszta\u0142ci ponad 23 000 student\u00f3w, z kt\u00f3rych 3,5% to osoby mi\u0119dzynarodowe, a 10% kadry akademickiej stanowi\u0105 specjali\u015bci z zagranicy.<\/p>\n\n\n\n<p>W rankingu <strong>THE 2023<\/strong> ASE utrzyma\u0142 pozycj\u0119 lidera w Rumunii, zajmuj\u0105c miejsce w przedziale 501\u2013600 na \u015bwiecie. Uczelnia jest uznawana za jedn\u0105 z najbardziej innowacyjnych na \u015bwiecie, osi\u0105gaj\u0105c wysokie wyniki w zakresie przedsi\u0119biorczo\u015bci i zastosowa\u0144 przemys\u0142owych. ASE aktywnie anga\u017cuje si\u0119 w dzia\u0142ania na rzecz zr\u00f3wnowa\u017conego rozwoju i spo\u0142ecze\u0144stwa, co potwierdzaj\u0105 wysokie miejsca w rankingach dotycz\u0105cych Cel\u00f3w Zr\u00f3wnowa\u017conego Rozwoju ONZ (SDG), takich jak:<\/p>\n\n\n\n<ul class=\"wp-block-list\">\n<li><strong>SDG 5 \u2013 R\u00f3wno\u015b\u0107 p\u0142ci<\/strong> (miejsce 101\u2013200),<\/li>\n\n\n\n<li><strong>SDG 9 \u2013 Przemys\u0142, innowacje i infrastruktura<\/strong>,<\/li>\n\n\n\n<li><strong>SDG 1 \u2013 Brak ub\u00f3stwa<\/strong>,<\/li>\n\n\n\n<li><strong>SDG 8 \u2013 Godna praca i wzrost gospodarczy<\/strong> (miejsce 201\u2013300 dla ka\u017cdego z nich).<\/li>\n<\/ul>\n\n\n\n<p>ASE to uczelnia, kt\u00f3ra \u0142\u0105czy tradycj\u0119 z nowoczesno\u015bci\u0105, przyczyniaj\u0105c si\u0119 do rozwoju lokalnego i globalnego.<\/p>\n\n\n\n<p>ASE jest proaktywnym uniwersytetem, uznanym na arenie mi\u0119dzynarodowej, promuj\u0105cym warto\u015bci europejskie poprzez edukacj\u0119, badania, innowacje i zaanga\u017cowanie na rzecz spo\u0142ecze\u0144stwa. Jego kluczowe cele obejmuj\u0105:<\/p>\n\n\n\n<ul class=\"wp-block-list\">\n<li>rozwijanie trwa\u0142ych partnerstw mi\u0119dzynarodowych w dziedzinie edukacji, bada\u0144 i innowacji,<\/li>\n\n\n\n<li>rozwijanie spo\u0142eczno\u015bci akademickiej, kt\u00f3ra podziela otwart\u0105 kultur\u0119 organizacyjn\u0105, zorientowan\u0105 na wyniki i promuj\u0105c\u0105 uniwersalne warto\u015bci ludzkie.<\/li>\n<\/ul>\n\n\n\n<p><strong>Zesp\u00f3\u0142 ASE<\/strong><\/p>\n\n\n\n<p>Zesp\u00f3\u0142 ASE sk\u0142ada si\u0119 z nast\u0119puj\u0105cych os\u00f3b:<\/p>\n\n\n\n<ul class=\"wp-block-list\">\n<li><a href=\"https:\/\/managevirtually.sdu.edu.tr\/pl\/ro-person1\/\">Prof. dr Erika MARIN<\/a><\/li>\n\n\n\n<li><a href=\"https:\/\/managevirtually.sdu.edu.tr\/pl\/ro-person2\/\">Prof. dr Iulia JIANU<\/a><\/li>\n\n\n\n<li><a href=\"https:\/\/managevirtually.sdu.edu.tr\/pl\/ro-person3\/\">Prof. dr Ionel JIANU<\/a><\/li>\n\n\n\n<li><a href=\"https:\/\/managevirtually.sdu.edu.tr\/pl\/ro-person4\/\">Prof. dr Eduard CEPTUREANU<\/a><\/li>\n\n\n\n<li><a href=\"https:\/\/managevirtually.sdu.edu.tr\/pl\/ro-person5\/\">Teodora Monica Fulga<\/a><\/li>\n<\/ul>\n","protected":false},"excerpt":{"rendered":"<p>UNIWERSYTET STUDI\u00d3W EKONOMICZNYCH W BUKARESZCIE (ASE) Uniwersytet Studi\u00f3w Ekonomicznych w Bukareszcie (ASE) to publiczna uczelnia wy\u017csza i najwa\u017cniejszy o\u015brodek akademicki w Rumunii w dziedzinie ekonomii i biznesu. ASE sk\u0142ada si\u0119 z 13 wydzia\u0142\u00f3w, kt\u00f3re oferuj\u0105 szeroki wachlarz specjalizacji, w tym rachunkowo\u015b\u0107, cybernetyk\u0119, marketing, zarz\u0105dzanie, finanse, biznes mi\u0119dzynarodowy, ekonomi\u0119, ekonomi\u0119 rolno-spo\u017cywcz\u0105 i \u015brodowiskow\u0105, ekonomi\u0119 teoretyczn\u0105, administracj\u0119 [&hellip;]<\/p>\n","protected":false},"author":1,"featured_media":0,"parent":0,"menu_order":0,"comment_status":"closed","ping_status":"closed","template":"","meta":{"footnotes":""},"class_list":["post-253","page","type-page","status-publish","hentry"],"_links":{"self":[{"href":"https:\/\/managevirtually.sdu.edu.tr\/pl\/wp-json\/wp\/v2\/pages\/253"}],"collection":[{"href":"https:\/\/managevirtually.sdu.edu.tr\/pl\/wp-json\/wp\/v2\/pages"}],"about":[{"href":"https:\/\/managevirtually.sdu.edu.tr\/pl\/wp-json\/wp\/v2\/types\/page"}],"author":[{"embeddable":true,"href":"https:\/\/managevirtually.sdu.edu.tr\/pl\/wp-json\/wp\/v2\/users\/1"}],"replies":[{"embeddable":true,"href":"https:\/\/managevirtually.sdu.edu.tr\/pl\/wp-json\/wp\/v2\/comments?post=253"}],"version-history":[{"count":1,"href":"https:\/\/managevirtually.sdu.edu.tr\/pl\/wp-json\/wp\/v2\/pages\/253\/revisions"}],"predecessor-version":[{"id":479,"href":"https:\/\/managevirtually.sdu.edu.tr\/pl\/wp-json\/wp\/v2\/pages\/253\/revisions\/479"}],"wp:attachment":[{"href":"https:\/\/managevirtually.sdu.edu.tr\/pl\/wp-json\/wp\/v2\/media?parent=253"}],"curies":[{"name":"wp","href":"https:\/\/api.w.org\/{rel}","templated":true}]}}