{"id":250,"date":"2024-10-16T15:04:38","date_gmt":"2024-10-16T15:04:38","guid":{"rendered":"https:\/\/managevirtually.sdu.edu.tr\/?page_id=250"},"modified":"2024-12-22T21:03:54","modified_gmt":"2024-12-22T18:03:54","slug":"about-us-it","status":"publish","type":"page","link":"https:\/\/managevirtually.sdu.edu.tr\/pl\/about-us-it\/","title":{"rendered":"O nas \/ W\u0142ochy"},"content":{"rendered":"\n<p><strong>Uniwersytet w Sannio (UNISANNIO)<span lang=\"PL\"><\/span><br><\/strong><br>Uniwersytet w Sannio (w\u0142oski: Universit\u00e0 degli Studi del Sannio, UNISANNIO) to uniwersytet po\u0142o\u017cony w Benevento, w po\u0142udniowych W\u0142oszech. Za\u0142o\u017cony w 1998 roku (wcze\u015bniej by\u0142 cz\u0119\u015bci\u0105 Uniwersytetu w Salerno), Uniwersytet w Sannio jest zorganizowany w trzy wydzia\u0142y, z prawie 6000 student\u00f3w, i oferuje kursy na poziomie licencjackim i podyplomowym w dziedzinach prawa, statystyki, \u015brodowiska, geologii, biologii, biotechnologii, in\u017cynierii l\u0105dowej, in\u017cynierii komputerowej, in\u017cynierii energetycznej, in\u017cynierii elektronicznej, ekonomii i organizacji biznesu.<\/p>\n\n\n\n<p>Uniwersytet w Sannio jest podzielony na trzy wydzia\u0142y:<\/p>\n\n\n\n<ul class=\"wp-block-list\">\n<li><strong>Wydzia\u0142 Prawa, Ekonomii, Zarz\u0105dzania i Metod Ilo\u015bciowych (DEMM):<\/strong><br>Obejmuje studia pierwszego stopnia z zakresu nauk aktuarialnych i statystycznych, ekonomii i finans\u00f3w oraz bankowo\u015bci; kurs specjalistyczny z zakresu nauk aktuarialnych i statystycznych oraz ekonomii i zarz\u0105dzania; kurs magisterski z zakresu prawoznawstwa.<\/li>\n\n\n\n<li><strong>Wydzia\u0142 In\u017cynierii (DING):<\/strong><br>Obejmuje studia pierwszego stopnia w zakresie in\u017cynierii informacyjnej, in\u017cynierii elektronicznej, in\u017cynierii l\u0105dowej, in\u017cynierii energetycznej; kursy specjalistyczne w zakresie in\u017cynierii informacyjnej, in\u017cynierii elektronicznej, in\u017cynierii l\u0105dowej, in\u017cynierii energetycznej.<\/li>\n\n\n\n<li><strong>Wydzia\u0142 Nauk \u015acis\u0142ych (DST):<\/strong><br>Obejmuje studia pierwszego stopnia na kierunkach biologia, geologia i biotechnologia oraz kursy specjalistyczne na kierunkach biologia w genetyce i geologii.<\/li>\n<\/ul>\n\n\n\n<p>Cz\u0142onkowie zespo\u0142u Uniwersytetu w Sannio:<\/p>\n\n\n\n<ul class=\"wp-block-list\">\n<li><a href=\"https:\/\/managevirtually.sdu.edu.tr\/pl\/it-person1\/\">Prof. dr Biagio SIMONETTI<\/a><\/li>\n\n\n\n<li><a href=\"https:\/\/managevirtually.sdu.edu.tr\/pl\/it-person2\/\">Adiunkt Raffaela CIUFFREDA<\/a><\/li>\n\n\n\n<li><a href=\"https:\/\/managevirtually.sdu.edu.tr\/pl\/it-person3\/\">Prof. dr Francesco PEPE<\/a><\/li>\n<\/ul>\n","protected":false},"excerpt":{"rendered":"<p>Uniwersytet w Sannio (UNISANNIO)Uniwersytet w Sannio (w\u0142oski: Universit\u00e0 degli Studi del Sannio, UNISANNIO) to uniwersytet po\u0142o\u017cony w Benevento, w po\u0142udniowych W\u0142oszech. Za\u0142o\u017cony w 1998 roku (wcze\u015bniej by\u0142 cz\u0119\u015bci\u0105 Uniwersytetu w Salerno), Uniwersytet w Sannio jest zorganizowany w trzy wydzia\u0142y, z prawie 6000 student\u00f3w, i oferuje kursy na poziomie licencjackim i podyplomowym w dziedzinach prawa, statystyki, [&hellip;]<\/p>\n","protected":false},"author":1,"featured_media":0,"parent":0,"menu_order":0,"comment_status":"closed","ping_status":"closed","template":"","meta":{"footnotes":""},"class_list":["post-250","page","type-page","status-publish","hentry"],"_links":{"self":[{"href":"https:\/\/managevirtually.sdu.edu.tr\/pl\/wp-json\/wp\/v2\/pages\/250"}],"collection":[{"href":"https:\/\/managevirtually.sdu.edu.tr\/pl\/wp-json\/wp\/v2\/pages"}],"about":[{"href":"https:\/\/managevirtually.sdu.edu.tr\/pl\/wp-json\/wp\/v2\/types\/page"}],"author":[{"embeddable":true,"href":"https:\/\/managevirtually.sdu.edu.tr\/pl\/wp-json\/wp\/v2\/users\/1"}],"replies":[{"embeddable":true,"href":"https:\/\/managevirtually.sdu.edu.tr\/pl\/wp-json\/wp\/v2\/comments?post=250"}],"version-history":[{"count":1,"href":"https:\/\/managevirtually.sdu.edu.tr\/pl\/wp-json\/wp\/v2\/pages\/250\/revisions"}],"predecessor-version":[{"id":475,"href":"https:\/\/managevirtually.sdu.edu.tr\/pl\/wp-json\/wp\/v2\/pages\/250\/revisions\/475"}],"wp:attachment":[{"href":"https:\/\/managevirtually.sdu.edu.tr\/pl\/wp-json\/wp\/v2\/media?parent=250"}],"curies":[{"name":"wp","href":"https:\/\/api.w.org\/{rel}","templated":true}]}}