{"id":247,"date":"2024-10-16T14:55:22","date_gmt":"2024-10-16T14:55:22","guid":{"rendered":"https:\/\/managevirtually.sdu.edu.tr\/?page_id=247"},"modified":"2024-12-22T21:01:52","modified_gmt":"2024-12-22T18:01:52","slug":"about-us-tr","status":"publish","type":"page","link":"https:\/\/managevirtually.sdu.edu.tr\/pl\/about-us-tr\/","title":{"rendered":"O nas \/ Turcji"},"content":{"rendered":"\n<p><strong>Uniwersytet S\u00fcleyman Demirel (SDU)<br><\/strong><\/p>\n\n\n\n<p>Uniwersytet S\u00fcleyman Demirel (SDU) zosta\u0142 oficjalnie za\u0142o\u017cony w 1992 roku i znajduje si\u0119 w Isparta, w Turcji. Jest jednym z wiod\u0105cych uniwersytet\u00f3w w kraju w dziedzinach akademickich, naukowych i technologicznych. Od momentu powstania SDU dynamicznie rozwija si\u0119 zar\u00f3wno pod wzgl\u0119dem jako\u015bci, jak i liczby realizowanych inicjatyw.<\/p>\n\n\n\n<p>Misj\u0105 SDU jest inspirowanie i wyznaczanie kierunk\u00f3w poprzez tworzenie wiedzy, sztuki, technologii i us\u0142ug na skal\u0119 globaln\u0105. Zgodnie ze swoim mottem \u201einspiruj\u0105cy uniwersytet\u201d d\u0105\u017cy do przewodzenia we wszystkich dziedzinach nauki i edukacji.<\/p>\n\n\n\n<p>Na 2024 rok Uniwersytet S\u00fcleyman Demirel posiada:<\/p>\n\n\n\n<ul class=\"wp-block-list\">\n<li>14 wydzia\u0142\u00f3w,<\/li>\n\n\n\n<li>7 szk\u00f3\u0142 zawodowych,<\/li>\n\n\n\n<li>6 instytut\u00f3w,<\/li>\n\n\n\n<li>48 o\u015brodk\u00f3w badawczych.<\/li>\n<\/ul>\n\n\n\n<p>SDU kszta\u0142ci ponad 50 000 student\u00f3w i zatrudnia 1829 pracownik\u00f3w akademickich oraz 2802 pracownik\u00f3w administracyjnych. Uniwersytet wspiera rozw\u00f3j nauki i wsp\u00f3\u0142pracy mi\u0119dzynarodowej poprzez: <strong>Dzia\u0142 Koordynacji Projekt\u00f3w Naukowo-Badawczych<\/strong>, odpowiedzialny za zarz\u0105dzanie projektami realizowanymi na uczelni, <strong>Dzia\u0142 Projekt\u00f3w Unii Europejskiej<\/strong>, kt\u00f3ry koordynuje projekty Erasmus+ i inne inicjatywy unijne. Dzi\u0119ki silnej bazie naukowo-badawczej SDU odgrywa kluczow\u0105 rol\u0119 w realizacji mi\u0119dzynarodowych projekt\u00f3w, takich jak \u201eZarz\u0105dzanie w wirtualnym \u015bwiecie\u201d.<\/p>\n\n\n\n<p>Centrum Karier wspiera student\u00f3w w znalezieniu odpowiedniej dla siebie \u015bcie\u017cki kariery. Uniwersytet posiada r\u00f3wnie\u017c Biuro Transferu Technologii, kt\u00f3re prowadzi zaj\u0119cia z przedsi\u0119biorczo\u015bci dla firm rozpoczynaj\u0105cych dzia\u0142alno\u015b\u0107. Jednym z wa\u017cnych aspekt\u00f3w Uniwersytetu S\u00fcleyman Demirel jest jego wk\u0142ad w prze\u0142omowe osi\u0105gni\u0119cia naukowe w wielu dziedzinach, takich jak procesy Erasmus i Bologna, protoko\u0142y wsp\u00f3\u0142pracy mi\u0119dzy uniwersytetami oraz interdyscyplinarne mi\u0119dzynarodowe projekty badawcze. Uniwersytet podejmuje tak\u017ce istotne kroki w kierunku internacjonalizacji, przyjmuj\u0105c zagranicznych student\u00f3w z wielu kraj\u00f3w i realizuj\u0105c liczne trwaj\u0105ce projekty.<\/p>\n\n\n\n<p><strong>Cz\u0142onkowie zespo\u0142u SD\u00dc:<\/strong><\/p>\n\n\n\n<ul class=\"wp-block-list\">\n<li><a href=\"https:\/\/managevirtually.sdu.edu.tr\/pl\/tr-person1\/\">Prof. dr Aygen OKSAY<\/a><\/li>\n\n\n\n<li><a href=\"https:\/\/managevirtually.sdu.edu.tr\/pl\/tr-person2\/\">Prof. dr Serpil SENAL<\/a><\/li>\n\n\n\n<li><a href=\"https:\/\/managevirtually.sdu.edu.tr\/pl\/tr-person3\/\">Prof. dr Burcu ASLANTA\u015e ATE\u015e<\/a><\/li>\n\n\n\n<li><a href=\"https:\/\/managevirtually.sdu.edu.tr\/pl\/tr-person4\/\">Prof. dr Didar B\u00dcY\u00dcKER \u0130\u015eLER<\/a><\/li>\n\n\n\n<li><a href=\"https:\/\/managevirtually.sdu.edu.tr\/pl\/tr-person5\/\">Prof. dr G\u00fclay BULGAN<\/a><\/li>\n\n\n\n<li><a href=\"https:\/\/managevirtually.sdu.edu.tr\/pl\/tr-person6\/\">Prof. dr Ecir U\u011fur K\u00dc\u00c7\u00dcKS\u0130LLE<\/a><\/li>\n\n\n\n<li><a href=\"https:\/\/managevirtually.sdu.edu.tr\/pl\/tr-person7\/\">Adiunkt. dr Turgay AYDO\u011eAN<\/a><\/li>\n\n\n\n<li><a href=\"https:\/\/managevirtually.sdu.edu.tr\/pl\/tr-person8\/\">Asystent  Mehmet MAZAK<\/a><\/li>\n\n\n\n<li><a href=\"https:\/\/managevirtually.sdu.edu.tr\/pl\/tr-person9\/\">Wyk\u0142adowca Ziya D\u0130RL\u0130K<\/a><\/li>\n<\/ul>\n","protected":false},"excerpt":{"rendered":"<p>Uniwersytet S\u00fcleyman Demirel (SDU) Uniwersytet S\u00fcleyman Demirel (SDU) zosta\u0142 oficjalnie za\u0142o\u017cony w 1992 roku i znajduje si\u0119 w Isparta, w Turcji. Jest jednym z wiod\u0105cych uniwersytet\u00f3w w kraju w dziedzinach akademickich, naukowych i technologicznych. Od momentu powstania SDU dynamicznie rozwija si\u0119 zar\u00f3wno pod wzgl\u0119dem jako\u015bci, jak i liczby realizowanych inicjatyw. Misj\u0105 SDU jest inspirowanie i [&hellip;]<\/p>\n","protected":false},"author":1,"featured_media":0,"parent":0,"menu_order":0,"comment_status":"closed","ping_status":"closed","template":"","meta":{"footnotes":""},"class_list":["post-247","page","type-page","status-publish","hentry"],"_links":{"self":[{"href":"https:\/\/managevirtually.sdu.edu.tr\/pl\/wp-json\/wp\/v2\/pages\/247"}],"collection":[{"href":"https:\/\/managevirtually.sdu.edu.tr\/pl\/wp-json\/wp\/v2\/pages"}],"about":[{"href":"https:\/\/managevirtually.sdu.edu.tr\/pl\/wp-json\/wp\/v2\/types\/page"}],"author":[{"embeddable":true,"href":"https:\/\/managevirtually.sdu.edu.tr\/pl\/wp-json\/wp\/v2\/users\/1"}],"replies":[{"embeddable":true,"href":"https:\/\/managevirtually.sdu.edu.tr\/pl\/wp-json\/wp\/v2\/comments?post=247"}],"version-history":[{"count":3,"href":"https:\/\/managevirtually.sdu.edu.tr\/pl\/wp-json\/wp\/v2\/pages\/247\/revisions"}],"predecessor-version":[{"id":474,"href":"https:\/\/managevirtually.sdu.edu.tr\/pl\/wp-json\/wp\/v2\/pages\/247\/revisions\/474"}],"wp:attachment":[{"href":"https:\/\/managevirtually.sdu.edu.tr\/pl\/wp-json\/wp\/v2\/media?parent=247"}],"curies":[{"name":"wp","href":"https:\/\/api.w.org\/{rel}","templated":true}]}}