{"id":146,"date":"2024-09-18T10:08:16","date_gmt":"2024-09-18T10:08:16","guid":{"rendered":"https:\/\/managevirtually.sdu.edu.tr\/?page_id=146"},"modified":"2024-12-22T20:46:29","modified_gmt":"2024-12-22T17:46:29","slug":"about-us","status":"publish","type":"page","link":"https:\/\/managevirtually.sdu.edu.tr\/pl\/about-us\/","title":{"rendered":"O nas"},"content":{"rendered":"\n<p><strong>\u201eZarz\u0105dzanie w wirtualnym \u015bwiecie\u201d<\/strong> to projekt wsp\u00f3\u0142pracy partnerskiej w szkolnictwie wy\u017cszym realizowany w ramach programu Erasmus+ (KA220-HED), finansowany przez Tureck\u0105 Agencj\u0119 Narodow\u0105. Jest to 2-letni projekt koordynowany przez Uniwersytet S\u00fcleyman Demirel w Turcji. Partnerami projektu s\u0105 uniwersytety z W\u0142och, Rumunii, Polski i Portugalii.<\/p>\n\n\n\n<p>Nowe pokolenie chce wyj\u015b\u0107 poza klasyczne podej\u015bcie do uczenia si\u0119. Dzi\u0119ki technologii dost\u0119p do informacji jest obecnie bardzo \u0142atwy i szybki. Kluczowe staje si\u0119 jednak zapewnienie dost\u0119pu do w\u0142a\u015bciwych informacji we w\u0142a\u015bciwym czasie. Innymi s\u0142owy, informacje s\u0105 u\u017cyteczne tylko wtedy, gdy s\u0105 wykorzystywane w odpowiednim momencie. Uniwersytety powinny uczy\u0107 swoich student\u00f3w, jak dociera\u0107 do w\u0142a\u015bciwych informacji, kiedy s\u0105 one potrzebne, oraz jak efektywnie z nich korzysta\u0107.<\/p>\n\n\n\n<p>Wraz z globalizacj\u0105 i rozwojem technologii \u015bwiat staje si\u0119 coraz mniejszy, co oznacza, \u017ce znacznie \u0142atwiej jest dotrze\u0107 na drugi koniec globu bez konieczno\u015bci podr\u00f3\u017cowania. Firmy mog\u0105 zatrudnia\u0107 pracownik\u00f3w z jednego kraju, wytwarza\u0107 swoje produkty w innym i sprzedawa\u0107 je na kolejnych rynkach, poza krajem macierzystym. W zwi\u0105zku z tym potrzebni s\u0105 globalni absolwenci, a nie lokalni, kt\u00f3rzy wiedz\u0105, jak funkcjonowa\u0107 w globalnym \u015brodowisku. Cel ten zostanie osi\u0105gni\u0119ty w ramach projektu.<\/p>\n\n\n\n<p>W ramach projektu zostanie stworzona platforma wykorzystuj\u0105ca metod\u0119 symulacji, na kt\u00f3rej studenci Wydzia\u0142u Ekonomii i Nauk Administracyjnych z r\u00f3\u017cnych kraj\u00f3w b\u0119d\u0105 spotyka\u0107 si\u0119 wirtualnie i pracowa\u0107, pe\u0142ni\u0105c r\u00f3\u017cne role w wirtualnej organizacji.<\/p>\n\n\n\n<p>G\u0142\u00f3wnym celem projektu jest rozwijanie umiej\u0119tno\u015bci mened\u017cerskich student\u00f3w, zwi\u0119kszanie ich pewno\u015bci siebie, samokompetencji, umiej\u0119tno\u015bci podejmowania decyzji, przedsi\u0119biorczo\u015bci, komunikacji oraz kompetencji j\u0119zykowych. Dodatkowym celem jest przygotowanie student\u00f3w do my\u015blenia i dzia\u0142ania w globalnym \u015brodowisku.<\/p>\n\n\n\n<p>Dzi\u0119ki symulacji uczestnicy b\u0119d\u0105 mogli zmierzy\u0107 si\u0119 z rzeczywistymi problemami biznesowymi i uczy\u0107 si\u0119, jak je rozwi\u0105zywa\u0107. Symulacyjne do\u015bwiadczenia pozwol\u0105 studentom na nauk\u0119 poprzez pope\u0142nianie b\u0142\u0119d\u00f3w oraz przygotuj\u0105 ich do podejmowania \u015bwiadomych dzia\u0142a\u0144 w rzeczywistym \u015bwiecie biznesu po rozpocz\u0119ciu pracy zawodowej. Symulacja umo\u017cliwi studentom analiz\u0119 wynik\u00f3w ich decyzji, daj\u0105c jednocze\u015bnie szans\u0119 na ich modyfikacj\u0119 i por\u00f3wnanie r\u00f3\u017cnych strategii dzia\u0142ania. W ramach tego projektu wzrosn\u0105 umiej\u0119tno\u015bci i kompetencje cyfrowe uczestnik\u00f3w. Studenci zapoznaj\u0105 si\u0119 ze wszystkimi funkcjami organizacji oraz sposobami ich zarz\u0105dzania, zrozumiej\u0105 powi\u0105zania mi\u0119dzy poszczeg\u00f3lnymi funkcjami, naucz\u0105 si\u0119 efektywnej pracy zespo\u0142owej, zwi\u0119ksz\u0105 znajomo\u015b\u0107 j\u0119zyka angielskiego i poznaj\u0105 kluczowe koncepcje oraz terminologi\u0119 z zakresu zarz\u0105dzania.<\/p>\n\n\n\n<p>Dzi\u0119ki symulacji uczestnicy lepiej zrozumiej\u0105 zasady zarz\u0105dzania organizacj\u0105, rozwin\u0105 umiej\u0119tno\u015bci komunikacyjne, zdob\u0119d\u0105 cenne do\u015bwiadczenie, pewno\u015b\u0107 siebie oraz odwag\u0119 w podejmowaniu decyzji. Symulacja wyposa\u017cy ich w niezb\u0119dne kompetencje potrzebne na globalnym rynku pracy.<\/p>\n\n\n\n<p><strong>Partnerzy projektu:<\/strong><\/p>\n\n\n\n<p><a href=\"https:\/\/managevirtually.sdu.edu.tr\/pl\/about-us-tr\/\">1 -Uniwersytet S\u00fcleyman Demirel, Turcja \u2013 koordynator<\/a><\/p>\n\n\n\n<p><a href=\"https:\/\/managevirtually.sdu.edu.tr\/pl\/about-us-it\">2-Uniwersytet Sannio, W\u0142ochy<\/a><\/p>\n\n\n\n<p><a href=\"https:\/\/managevirtually.sdu.edu.tr\/pl\/about-us-ro\">3- Bucharest University of Economic Studies (AES), Rumunia<\/a><\/p>\n\n\n\n<p><a href=\"https:\/\/managevirtually.sdu.edu.tr\/pl\/about-us-pl\">4- Politechnika Gda\u0144ska, Polska<\/a><\/p>\n\n\n\n<p><a href=\"https:\/\/managevirtually.sdu.edu.tr\/pl\/about-us-pt\">5- Politechnika w Porto (ISCAP), Portugalia<\/a><\/p>\n","protected":false},"excerpt":{"rendered":"<p>\u201eZarz\u0105dzanie w wirtualnym \u015bwiecie\u201d to projekt wsp\u00f3\u0142pracy partnerskiej w szkolnictwie wy\u017cszym realizowany w ramach programu Erasmus+ (KA220-HED), finansowany przez Tureck\u0105 Agencj\u0119 Narodow\u0105. Jest to 2-letni projekt koordynowany przez Uniwersytet S\u00fcleyman Demirel w Turcji. Partnerami projektu s\u0105 uniwersytety z W\u0142och, Rumunii, Polski i Portugalii. Nowe pokolenie chce wyj\u015b\u0107 poza klasyczne podej\u015bcie do uczenia si\u0119. Dzi\u0119ki technologii [&hellip;]<\/p>\n","protected":false},"author":1,"featured_media":0,"parent":0,"menu_order":0,"comment_status":"closed","ping_status":"open","template":"","meta":{"footnotes":""},"class_list":["post-146","page","type-page","status-publish","hentry"],"_links":{"self":[{"href":"https:\/\/managevirtually.sdu.edu.tr\/pl\/wp-json\/wp\/v2\/pages\/146"}],"collection":[{"href":"https:\/\/managevirtually.sdu.edu.tr\/pl\/wp-json\/wp\/v2\/pages"}],"about":[{"href":"https:\/\/managevirtually.sdu.edu.tr\/pl\/wp-json\/wp\/v2\/types\/page"}],"author":[{"embeddable":true,"href":"https:\/\/managevirtually.sdu.edu.tr\/pl\/wp-json\/wp\/v2\/users\/1"}],"replies":[{"embeddable":true,"href":"https:\/\/managevirtually.sdu.edu.tr\/pl\/wp-json\/wp\/v2\/comments?post=146"}],"version-history":[{"count":1,"href":"https:\/\/managevirtually.sdu.edu.tr\/pl\/wp-json\/wp\/v2\/pages\/146\/revisions"}],"predecessor-version":[{"id":461,"href":"https:\/\/managevirtually.sdu.edu.tr\/pl\/wp-json\/wp\/v2\/pages\/146\/revisions\/461"}],"wp:attachment":[{"href":"https:\/\/managevirtually.sdu.edu.tr\/pl\/wp-json\/wp\/v2\/media?parent=146"}],"curies":[{"name":"wp","href":"https:\/\/api.w.org\/{rel}","templated":true}]}}