{"id":818,"date":"2025-11-25T10:37:29","date_gmt":"2025-11-25T10:37:29","guid":{"rendered":"https:\/\/managevirtually.sdu.edu.tr\/?page_id=813"},"modified":"2025-11-25T13:59:26","modified_gmt":"2025-11-25T10:59:26","slug":"workshop","status":"publish","type":"page","link":"https:\/\/managevirtually.sdu.edu.tr\/it\/workshop\/","title":{"rendered":"Incontri di Progetto \/ Workshop"},"content":{"rendered":"\n<p>Il progetto &#8220;Management in a Virtual World&#8221;, coordinato dall\u2019Universit\u00e0 S\u00fcleyman Demirel e sostenuto dall\u2019Agenzia Nazionale Turca, ha organizzato un workshop il 19 novembre 2025. L\u2019incontro, tenutosi presso la Facolt\u00e0 di Economia e Scienze Amministrative dell\u2019Universit\u00e0 S\u00fcleyman Demirel, \u00e8 iniziato con un ricevimento di apertura. A questo ricevimento, cui hanno partecipato il Rettore dell\u2019Universit\u00e0 S\u00fcleyman Demirel, Prof. Mehmet SALTAN, il Preside della Facolt\u00e0 di Economia e Scienze Amministrative, Prof. Hakan Mehmet K\u0130R\u0130\u015e, i partner del progetto e numerosi accademici del settore, si sono svolti scambi interculturali. Dopo il cocktail, \u00e8 iniziato il workshop in modalit\u00e0 ibrida.<\/p>\n\n\n\n<figure class=\"wp-block-image aligncenter size-full\"><img decoding=\"async\" src=\"https:\/\/managevirtually.sdu.edu.tr\/it\/wp-content\/uploads\/sites\/5\/2025\/11\/image-3.png\" alt=\"\" class=\"wp-image-814\"\/><\/figure>\n\n\n\n<p>La coordinatrice del progetto, Prof.ssa Aygen OKSAY, che ha dato avvio all\u2019evento, ha innanzitutto fornito una panoramica del percorso del progetto durato 24 mesi ai partecipanti sia online che in presenza. La Prof.ssa Oksay ha spiegato che, nell\u2019ambito del progetto e con il supporto del T\u00dcB\u0130TAK 1001, \u00e8 stata sviluppata una simulazione aziendale. Questa simulazione, tradotta in inglese e condivisa con le universit\u00e0 partner, \u00e8 stata progettata per offrire agli studenti esperienza nei processi gestionali. La parola \u00e8 stata poi passata alla Prof.ssa Serpil \u015eENAL per la presentazione della simulazione. La Prof.ssa \u015eENAL ha mostrato il software di simulazione utilizzato come tecnica didattica nel progetto, attraverso un\u2019applicazione pratica con uno scenario di esempio, fornendo ai partecipanti informazioni dettagliate sul software.<\/p>\n\n\n\n<figure class=\"wp-block-image aligncenter size-full\"><img loading=\"lazy\" decoding=\"async\" width=\"605\" height=\"403\" src=\"https:\/\/managevirtually.sdu.edu.tr\/it\/wp-content\/uploads\/sites\/5\/2025\/11\/image-4.png\" alt=\"\" class=\"wp-image-820\" srcset=\"https:\/\/managevirtually.sdu.edu.tr\/it\/wp-content\/uploads\/sites\/5\/2025\/11\/image-4.png 605w, https:\/\/managevirtually.sdu.edu.tr\/it\/wp-content\/uploads\/sites\/5\/2025\/11\/image-4-300x200.png 300w\" sizes=\"(max-width: 605px) 100vw, 605px\" \/><\/figure>\n\n\n\n<p>Dopo la presentazione del software, la Prof.ssa OKSAY ha condiviso i risultati del progetto. Al termine del workshop si \u00e8 svolta una cerimonia di premiazione. Agli studenti che, durante il progetto, hanno analizzato scenari, redatto report e preso decisioni per i propri team utilizzando il software di simulazione, sono stati rivolti ringraziamenti per il loro contributo ed \u00e8 stata consegnata una medaglia. A tutti i partecipanti sono stati distribuiti attestati di partecipazione e l\u2019incontro si \u00e8 concluso.<\/p>\n\n\n\n<figure class=\"wp-block-image aligncenter size-full\"><img loading=\"lazy\" decoding=\"async\" width=\"605\" height=\"454\" src=\"https:\/\/managevirtually.sdu.edu.tr\/it\/wp-content\/uploads\/sites\/5\/2025\/11\/image-5.png\" alt=\"\" class=\"wp-image-821\" srcset=\"https:\/\/managevirtually.sdu.edu.tr\/it\/wp-content\/uploads\/sites\/5\/2025\/11\/image-5.png 605w, https:\/\/managevirtually.sdu.edu.tr\/it\/wp-content\/uploads\/sites\/5\/2025\/11\/image-5-300x225.png 300w\" sizes=\"(max-width: 605px) 100vw, 605px\" \/><\/figure>\n","protected":false},"excerpt":{"rendered":"<p>Il progetto &#8220;Management in a Virtual World&#8221;, coordinato dall\u2019Universit\u00e0 S\u00fcleyman Demirel e sostenuto dall\u2019Agenzia Nazionale Turca, ha organizzato un workshop il 19 novembre 2025. L\u2019incontro, tenutosi presso la Facolt\u00e0 di Economia e Scienze Amministrative dell\u2019Universit\u00e0 S\u00fcleyman Demirel, \u00e8 iniziato con un ricevimento di apertura. A questo ricevimento, cui hanno partecipato il Rettore dell\u2019Universit\u00e0 S\u00fcleyman Demirel, [&hellip;]<\/p>\n","protected":false},"author":1,"featured_media":0,"parent":0,"menu_order":0,"comment_status":"closed","ping_status":"closed","template":"","meta":{"footnotes":""},"class_list":["post-818","page","type-page","status-publish","hentry"],"_links":{"self":[{"href":"https:\/\/managevirtually.sdu.edu.tr\/it\/wp-json\/wp\/v2\/pages\/818"}],"collection":[{"href":"https:\/\/managevirtually.sdu.edu.tr\/it\/wp-json\/wp\/v2\/pages"}],"about":[{"href":"https:\/\/managevirtually.sdu.edu.tr\/it\/wp-json\/wp\/v2\/types\/page"}],"author":[{"embeddable":true,"href":"https:\/\/managevirtually.sdu.edu.tr\/it\/wp-json\/wp\/v2\/users\/1"}],"replies":[{"embeddable":true,"href":"https:\/\/managevirtually.sdu.edu.tr\/it\/wp-json\/wp\/v2\/comments?post=818"}],"version-history":[{"count":1,"href":"https:\/\/managevirtually.sdu.edu.tr\/it\/wp-json\/wp\/v2\/pages\/818\/revisions"}],"predecessor-version":[{"id":824,"href":"https:\/\/managevirtually.sdu.edu.tr\/it\/wp-json\/wp\/v2\/pages\/818\/revisions\/824"}],"wp:attachment":[{"href":"https:\/\/managevirtually.sdu.edu.tr\/it\/wp-json\/wp\/v2\/media?parent=818"}],"curies":[{"name":"wp","href":"https:\/\/api.w.org\/{rel}","templated":true}]}}