{"id":719,"date":"2025-10-15T11:10:37","date_gmt":"2025-10-15T11:10:37","guid":{"rendered":"https:\/\/managevirtually.sdu.edu.tr\/?page_id=719"},"modified":"2025-11-10T14:20:29","modified_gmt":"2025-11-10T11:20:29","slug":"conf-pl","status":"publish","type":"page","link":"https:\/\/managevirtually.sdu.edu.tr\/it\/conf-pl\/","title":{"rendered":"Conferenze-Evento &#8211; Polonia"},"content":{"rendered":"\n<p class=\"has-white-color has-text-color has-background has-link-color has-extra-small-font-size wp-elements-354ef902735e62421c674b7e0e8aa03d\" style=\"background-color:#1a3b49\"><a name=\"conf1\">Conferenze-Evento 1<\/a><\/p>\n\n\n\n<p>Il 30 maggio alle 18:00 si \u00e8 tenuto un incontro online con la Dott.ssa Dorota Kropelnicka (Direttrice Qualit\u00e0 e Sviluppo e Membro del Consiglio di Amministrazione) di Pronet Color\u00ae\ufe0f, un&#8217;azienda di produzione e servizi che opera nel settore delle vernici e dei rivestimenti. Durante l&#8217;incontro, tra le altre cose, sono state affrontate questioni finanziarie e contabili utili agli studenti durante le simulazioni.<br>L&#8217;evento \u00e8 organizzato nell&#8217;ambito del progetto &#8220;Management in a Virtual World&#8221;, implementato presso la Facolt\u00e0 di Management ed Economia dell&#8217;Universit\u00e0 Tecnologica di Danzica nell&#8217;ambito del programma Erasmus+.<br>Lo slogan della serie: Acquisisci conoscenze direttamente dagli esperti che creano successo nel loro settore ogni giorno.<\/p>\n\n\n\n<figure class=\"wp-block-gallery has-nested-images columns-default is-cropped wp-block-gallery-1 is-layout-flex wp-block-gallery-is-layout-flex\">\n<figure class=\"wp-block-image size-large\"><img decoding=\"async\" data-id=\"660\" src=\"https:\/\/managevirtually.sdu.edu.tr\/wp-content\/uploads\/2025\/06\/WhatsApp-Image-2025-06-10-at-09.22.48-1-1024x575.jpeg\" alt=\"\" class=\"wp-image-660\"\/><\/figure>\n\n\n\n<figure class=\"wp-block-image size-large\"><img decoding=\"async\" data-id=\"659\" src=\"https:\/\/managevirtually.sdu.edu.tr\/wp-content\/uploads\/2025\/06\/WhatsApp-Image-2025-06-10-at-09.22.48-2-1024x575.jpeg\" alt=\"\" class=\"wp-image-659\"\/><\/figure>\n\n\n\n<figure class=\"wp-block-image size-large\"><img decoding=\"async\" data-id=\"658\" src=\"https:\/\/managevirtually.sdu.edu.tr\/wp-content\/uploads\/2025\/06\/WhatsApp-Image-2025-06-10-at-09.22.48-3-1024x572.jpeg\" alt=\"\" class=\"wp-image-658\"\/><\/figure>\n\n\n\n<figure class=\"wp-block-image size-large\"><img decoding=\"async\" data-id=\"657\" src=\"https:\/\/managevirtually.sdu.edu.tr\/wp-content\/uploads\/2025\/06\/WhatsApp-Image-2025-06-10-at-09.22.48-1024x554.jpeg\" alt=\"\" class=\"wp-image-657\"\/><\/figure>\n<\/figure>\n\n\n\n<hr class=\"wp-block-separator has-alpha-channel-opacity\"\/>\n\n\n\n<p class=\"has-white-color has-text-color has-background has-link-color has-extra-small-font-size wp-elements-78d3dffc4865b2dda657bb89b1c7563f\" style=\"background-color:#1a3b49\"><a name=\"conf2\">Conferenze-Evento 2<\/a><\/p>\n\n\n\n<figure class=\"wp-block-image aligncenter size-large\"><img decoding=\"async\" src=\"https:\/\/managevirtually.sdu.edu.tr\/wp-content\/uploads\/2025\/06\/WhatsApp-Image-2025-06-12-at-21.02.43-724x1024.jpeg\" alt=\"\" class=\"wp-image-673\"\/><\/figure>\n\n\n\n<p>Riepilogo dell&#8217;incontro: Sessione con Edi Pyrek<br>Data: 12 giugno 2025<br>Ora: 17:00 (online)<br>Siamo lieti di annunciare che il 12 giugno 2025, alle ore 17:00, si \u00e8 svolto un altro stimolante incontro con un rappresentante aziendale tramite una piattaforma online. Il nostro ospite \u00e8 stato Edi Pyrek, mentore, scrittore, docente, viaggiatore ed esperto di comunicazione strategica.<br>Durante la sessione, il Sig. Pyrek ha condiviso spunti tratti dalla sua poliedrica esperienza professionale. Attualmente ricopre il ruolo di Visionary Officer presso la GAIA Foundation e l&#8217;iMind Institute.<br>\u00c8 co-fondatore dell&#8217;iMind Institute, un centro di ricerca privato dedicato allo sviluppo del potenziale umano. Inoltre, \u00e8 uno dei co-creatori, insieme a David Hanson, della GAIA Foundation, la Global Alliance for Intelligent and Compassionate Artificial Intelligence. La fondazione si dedica alla promozione dello sviluppo di un&#8217;intelligenza artificiale etica e responsabile in tutto il mondo. Maggiori informazioni sulla Fondazione GAIA sono disponibili all&#8217;indirizzo https:\/\/globalai.life.<br>Panoramica dell&#8217;evento: Quo Vadis Homo?<br>Esplorare il futuro dell&#8217;umanit\u00e0 nell&#8217;era dell&#8217;intelligenza artificiale generativa e del progresso esponenziale<br>La sessione con Edi Pyrek ha offerto un&#8217;esplorazione stimolante del ruolo mutevole dell&#8217;umanit\u00e0 in un mondo guidato da una rapida trasformazione tecnologica. \u00c8 stato un incontro unico con una mente che guarda avanti ai suoi tempi.<br>Tra le domande chiave affrontate durante l&#8217;intervento:<br>\ud83d\udc49 Dalla rivoluzione agraria all&#8217;intelligenza artificiale generativa: come si \u00e8 evoluto il ruolo dell&#8217;umanit\u00e0 nel mondo sotto l&#8217;influenza del cambiamento tecnologico?<br>\ud83d\udc49 Siamo pronti per un adattamento consapevole a queste realt\u00e0 emergenti?<br>\ud83d\udc49 Come possono le neuroscienze, l&#8217;intelligenza artificiale e gli stati di flusso essere integrati in una visione per il futuro di individui, organizzazioni e societ\u00e0? \ud83e\udde0 Edi Pyrek ha presentato il suo concetto originale di sviluppo esponenziale e ha invitato i partecipanti a riflettere profondamente: dove stiamo andando come esseri umani? E abbiamo la capacit\u00e0 di influenzare questa direzione?<br>\ud83d\udd38 La sessione \u00e8 stata pensata per coloro che desiderano comprendere il mondo in modo pi\u00f9 profondo e che desiderano partecipare alla co-creazione del suo futuro.<\/p>\n\n\n\n<hr class=\"wp-block-separator has-alpha-channel-opacity\"\/>\n\n\n\n<p class=\"has-white-color has-text-color has-background has-link-color has-extra-small-font-size wp-elements-b9bb60c45401059a665dea0f051c8bc4\" style=\"background-color:#1a3b49\"><a name=\"conf3\">Conferenze-Evento 3<\/a><\/p>\n\n\n\n<p>La presentazione intitolata &#8220;Il ruolo delle startup nell&#8217;ecosistema dell&#8217;innovazione&#8221; ha presentato l&#8217;ecosistema dell&#8217;innovazione dal punto di vista di una startup, definendo anche gli attori pi\u00f9 importanti di questo ecosistema. Il modello CPS (cliente-problema-soluzione) \u00e8 stato discusso in dettaglio come un modo pratico per muovere i primi passi verso la creazione di una startup. Durante la presentazione, sono stati elencati i principali errori commessi dagli ideatori nella fase iniziale dell&#8217;attivit\u00e0 di una startup. D&#8217;altra parte, i partecipanti hanno acquisito familiarit\u00e0 con consigli e suggerimenti pratici sul funzionamento delle startup. Inoltre, la presentazione ha incluso informazioni sui vantaggi e gli svantaggi del finanziamento di una startup tramite investimenti (capitale di rischio) e fondi pubblici (sovvenzioni, sovvenzioni).<\/p>\n\n\n\n<figure class=\"wp-block-image aligncenter size-large is-resized\"><img loading=\"lazy\" decoding=\"async\" width=\"724\" height=\"1024\" src=\"https:\/\/managevirtually.sdu.edu.tr\/it\/wp-content\/uploads\/sites\/5\/2025\/10\/WhatsApp-Image-2025-10-16-at-12.15.57-724x1024.jpeg\" alt=\"\" class=\"wp-image-747\" style=\"width:673px;height:auto\" srcset=\"https:\/\/managevirtually.sdu.edu.tr\/it\/wp-content\/uploads\/sites\/5\/2025\/10\/WhatsApp-Image-2025-10-16-at-12.15.57-724x1024.jpeg 724w, https:\/\/managevirtually.sdu.edu.tr\/it\/wp-content\/uploads\/sites\/5\/2025\/10\/WhatsApp-Image-2025-10-16-at-12.15.57-212x300.jpeg 212w, https:\/\/managevirtually.sdu.edu.tr\/it\/wp-content\/uploads\/sites\/5\/2025\/10\/WhatsApp-Image-2025-10-16-at-12.15.57-768x1086.jpeg 768w, https:\/\/managevirtually.sdu.edu.tr\/it\/wp-content\/uploads\/sites\/5\/2025\/10\/WhatsApp-Image-2025-10-16-at-12.15.57-1086x1536.jpeg 1086w, https:\/\/managevirtually.sdu.edu.tr\/it\/wp-content\/uploads\/sites\/5\/2025\/10\/WhatsApp-Image-2025-10-16-at-12.15.57.jpeg 1131w\" sizes=\"(max-width: 724px) 100vw, 724px\" \/><\/figure>\n\n\n\n<figure class=\"wp-block-image aligncenter size-large is-resized\"><img loading=\"lazy\" decoding=\"async\" width=\"791\" height=\"1024\" src=\"https:\/\/managevirtually.sdu.edu.tr\/it\/wp-content\/uploads\/sites\/5\/2025\/10\/WhatsApp-Image-2025-10-16-at-12.15.57-1-791x1024.jpeg\" alt=\"\" class=\"wp-image-748\" style=\"width:528px;height:auto\" srcset=\"https:\/\/managevirtually.sdu.edu.tr\/it\/wp-content\/uploads\/sites\/5\/2025\/10\/WhatsApp-Image-2025-10-16-at-12.15.57-1-791x1024.jpeg 791w, https:\/\/managevirtually.sdu.edu.tr\/it\/wp-content\/uploads\/sites\/5\/2025\/10\/WhatsApp-Image-2025-10-16-at-12.15.57-1-232x300.jpeg 232w, https:\/\/managevirtually.sdu.edu.tr\/it\/wp-content\/uploads\/sites\/5\/2025\/10\/WhatsApp-Image-2025-10-16-at-12.15.57-1-768x995.jpeg 768w, https:\/\/managevirtually.sdu.edu.tr\/it\/wp-content\/uploads\/sites\/5\/2025\/10\/WhatsApp-Image-2025-10-16-at-12.15.57-1.jpeg 946w\" sizes=\"(max-width: 791px) 100vw, 791px\" \/><\/figure>\n\n\n\n<figure class=\"wp-block-image aligncenter size-large is-resized\"><img loading=\"lazy\" decoding=\"async\" width=\"612\" height=\"1024\" src=\"https:\/\/managevirtually.sdu.edu.tr\/it\/wp-content\/uploads\/sites\/5\/2025\/10\/WhatsApp-Image-2025-10-16-at-12.15.57-2-612x1024.jpeg\" alt=\"\" class=\"wp-image-749\" style=\"width:540px;height:auto\" srcset=\"https:\/\/managevirtually.sdu.edu.tr\/it\/wp-content\/uploads\/sites\/5\/2025\/10\/WhatsApp-Image-2025-10-16-at-12.15.57-2-612x1024.jpeg 612w, https:\/\/managevirtually.sdu.edu.tr\/it\/wp-content\/uploads\/sites\/5\/2025\/10\/WhatsApp-Image-2025-10-16-at-12.15.57-2-179x300.jpeg 179w, https:\/\/managevirtually.sdu.edu.tr\/it\/wp-content\/uploads\/sites\/5\/2025\/10\/WhatsApp-Image-2025-10-16-at-12.15.57-2.jpeg 702w\" sizes=\"(max-width: 612px) 100vw, 612px\" \/><\/figure>\n\n\n\n<hr class=\"wp-block-separator has-alpha-channel-opacity\"\/>\n\n\n\n<p><\/p>\n\n\n\n<p class=\"has-white-color has-text-color has-background has-link-color has-extra-small-font-size wp-elements-d83c4e4fce06516d9d536d56c25fda90\" style=\"background-color:#1a3b49\"><a name=\"conf4\">Conferenze-Evento 4<\/a><\/p>\n\n\n\n<p>Nell&#8217;ambito della presentazione intitolata &#8220;Gestione del cambiamento ingegneristico nel contesto del miglioramento della qualit\u00e0 e dell&#8217;efficienza dei processi&#8221;, \u00e8 stata discussa la specificit\u00e0 del processo ingegneristico di gestione del cambiamento. Durante la presentazione, sono state illustrate le principali caratteristiche del processo e i fattori determinanti della sua implementazione nelle aziende manifatturiere. Il pubblico ha avuto l&#8217;opportunit\u00e0 di familiarizzare con i concetti di gestione del cambiamento e di gestione del cambiamento ingegneristico. Durante la presentazione, sono state evidenziate le differenze tra i processi menzionati e si \u00e8 sottolineato il ruolo della comunicazione nei team di progetto. L&#8217;intera presentazione \u00e8 stata supportata da un caso di studio, che ha evidenziato i vantaggi per l&#8217;azienda manifatturiera esaminata.<\/p>\n\n\n\n<figure class=\"wp-block-image aligncenter size-large\"><img loading=\"lazy\" decoding=\"async\" width=\"724\" height=\"1024\" src=\"https:\/\/managevirtually.sdu.edu.tr\/it\/wp-content\/uploads\/sites\/5\/2025\/10\/Plakat_Jakub_Tryczak-1-724x1024.png\" alt=\"\" class=\"wp-image-741\" srcset=\"https:\/\/managevirtually.sdu.edu.tr\/it\/wp-content\/uploads\/sites\/5\/2025\/10\/Plakat_Jakub_Tryczak-1-724x1024.png 724w, https:\/\/managevirtually.sdu.edu.tr\/it\/wp-content\/uploads\/sites\/5\/2025\/10\/Plakat_Jakub_Tryczak-1-212x300.png 212w, https:\/\/managevirtually.sdu.edu.tr\/it\/wp-content\/uploads\/sites\/5\/2025\/10\/Plakat_Jakub_Tryczak-1-768x1086.png 768w, https:\/\/managevirtually.sdu.edu.tr\/it\/wp-content\/uploads\/sites\/5\/2025\/10\/Plakat_Jakub_Tryczak-1-1086x1536.png 1086w, https:\/\/managevirtually.sdu.edu.tr\/it\/wp-content\/uploads\/sites\/5\/2025\/10\/Plakat_Jakub_Tryczak-1-1448x2048.png 1448w, https:\/\/managevirtually.sdu.edu.tr\/it\/wp-content\/uploads\/sites\/5\/2025\/10\/Plakat_Jakub_Tryczak-1.png 1587w\" sizes=\"(max-width: 724px) 100vw, 724px\" \/><\/figure>\n\n\n\n<figure class=\"wp-block-image size-large\"><img loading=\"lazy\" decoding=\"async\" width=\"1024\" height=\"515\" src=\"https:\/\/managevirtually.sdu.edu.tr\/it\/wp-content\/uploads\/sites\/5\/2025\/10\/Zrzut-ekranu-2025-06-26-170705-1-1024x515.png\" alt=\"\" class=\"wp-image-742\" srcset=\"https:\/\/managevirtually.sdu.edu.tr\/it\/wp-content\/uploads\/sites\/5\/2025\/10\/Zrzut-ekranu-2025-06-26-170705-1-1024x515.png 1024w, https:\/\/managevirtually.sdu.edu.tr\/it\/wp-content\/uploads\/sites\/5\/2025\/10\/Zrzut-ekranu-2025-06-26-170705-1-300x151.png 300w, https:\/\/managevirtually.sdu.edu.tr\/it\/wp-content\/uploads\/sites\/5\/2025\/10\/Zrzut-ekranu-2025-06-26-170705-1-768x386.png 768w, https:\/\/managevirtually.sdu.edu.tr\/it\/wp-content\/uploads\/sites\/5\/2025\/10\/Zrzut-ekranu-2025-06-26-170705-1-1536x772.png 1536w, https:\/\/managevirtually.sdu.edu.tr\/it\/wp-content\/uploads\/sites\/5\/2025\/10\/Zrzut-ekranu-2025-06-26-170705-1.png 1864w\" sizes=\"(max-width: 1024px) 100vw, 1024px\" \/><\/figure>\n\n\n\n<figure class=\"wp-block-image size-large\"><img loading=\"lazy\" decoding=\"async\" width=\"1024\" height=\"530\" src=\"https:\/\/managevirtually.sdu.edu.tr\/it\/wp-content\/uploads\/sites\/5\/2025\/10\/Zrzut-ekranu-2025-06-26-172130-1-1024x530.png\" alt=\"\" class=\"wp-image-743\" srcset=\"https:\/\/managevirtually.sdu.edu.tr\/it\/wp-content\/uploads\/sites\/5\/2025\/10\/Zrzut-ekranu-2025-06-26-172130-1-1024x530.png 1024w, https:\/\/managevirtually.sdu.edu.tr\/it\/wp-content\/uploads\/sites\/5\/2025\/10\/Zrzut-ekranu-2025-06-26-172130-1-300x155.png 300w, https:\/\/managevirtually.sdu.edu.tr\/it\/wp-content\/uploads\/sites\/5\/2025\/10\/Zrzut-ekranu-2025-06-26-172130-1-768x397.png 768w, https:\/\/managevirtually.sdu.edu.tr\/it\/wp-content\/uploads\/sites\/5\/2025\/10\/Zrzut-ekranu-2025-06-26-172130-1-1536x795.png 1536w, https:\/\/managevirtually.sdu.edu.tr\/it\/wp-content\/uploads\/sites\/5\/2025\/10\/Zrzut-ekranu-2025-06-26-172130-1.png 1894w\" sizes=\"(max-width: 1024px) 100vw, 1024px\" \/><\/figure>\n","protected":false},"excerpt":{"rendered":"<p>Conferenze-Evento 1 Il 30 maggio alle 18:00 si \u00e8 tenuto un incontro online con la Dott.ssa Dorota Kropelnicka (Direttrice Qualit\u00e0 e Sviluppo e Membro del Consiglio di Amministrazione) di Pronet Color\u00ae\ufe0f, un&#8217;azienda di produzione e servizi che opera nel settore delle vernici e dei rivestimenti. Durante l&#8217;incontro, tra le altre cose, sono state affrontate questioni [&hellip;]<\/p>\n","protected":false},"author":1,"featured_media":0,"parent":0,"menu_order":0,"comment_status":"closed","ping_status":"closed","template":"","meta":{"footnotes":""},"class_list":["post-719","page","type-page","status-publish","hentry"],"_links":{"self":[{"href":"https:\/\/managevirtually.sdu.edu.tr\/it\/wp-json\/wp\/v2\/pages\/719"}],"collection":[{"href":"https:\/\/managevirtually.sdu.edu.tr\/it\/wp-json\/wp\/v2\/pages"}],"about":[{"href":"https:\/\/managevirtually.sdu.edu.tr\/it\/wp-json\/wp\/v2\/types\/page"}],"author":[{"embeddable":true,"href":"https:\/\/managevirtually.sdu.edu.tr\/it\/wp-json\/wp\/v2\/users\/1"}],"replies":[{"embeddable":true,"href":"https:\/\/managevirtually.sdu.edu.tr\/it\/wp-json\/wp\/v2\/comments?post=719"}],"version-history":[{"count":5,"href":"https:\/\/managevirtually.sdu.edu.tr\/it\/wp-json\/wp\/v2\/pages\/719\/revisions"}],"predecessor-version":[{"id":810,"href":"https:\/\/managevirtually.sdu.edu.tr\/it\/wp-json\/wp\/v2\/pages\/719\/revisions\/810"}],"wp:attachment":[{"href":"https:\/\/managevirtually.sdu.edu.tr\/it\/wp-json\/wp\/v2\/media?parent=719"}],"curies":[{"name":"wp","href":"https:\/\/api.w.org\/{rel}","templated":true}]}}