{"id":701,"date":"2025-10-14T11:50:28","date_gmt":"2025-10-14T11:50:28","guid":{"rendered":"https:\/\/managevirtually.sdu.edu.tr\/?page_id=701"},"modified":"2025-12-29T12:44:59","modified_gmt":"2025-12-29T09:44:59","slug":"conf-tr","status":"publish","type":"page","link":"https:\/\/managevirtually.sdu.edu.tr\/it\/conf-tr\/","title":{"rendered":"Conferenze-Evento &#8211; Turchia"},"content":{"rendered":"\n<h2 class=\"wp-block-heading has-white-color has-text-color has-background has-link-color has-extra-small-font-size wp-elements-ecf0d73ca7f303590200cb0f7e83d551\" style=\"background-color:#1a3b49\"><a name=\"conf1\">Conferenze-Evento 1<\/a><\/h2>\n\n\n\n<p class=\"has-text-align-left\">Nell&#8217;ambito del nostro progetto dell&#8217;Unione Europea, abbiamo tenuto una conferenza produttiva con la nostra classe di simulazione luned\u00ec 26 maggio 2025. Sinem G\u00fcm\u00fc\u015f, Responsabile delle Operazioni di Commercio Estero di Nazar Tekstil, ha illustrato ai nostri studenti il \u200b\u200bsettore tessile e la posizione del nostro Paese in questo settore, i suoi vantaggi e svantaggi. Nel prosieguo della conferenza, ha illustrato gli scenari che abbiamo condiviso con gli studenti nella nostra classe di simulazione in linea con le attivit\u00e0 aziendali. Ha svolto un&#8217;applicazione di esempio illustrando le sue esperienze in analisi e selezione del mercato, calcolo pratico dei costi, tipologia di prestito, rischio di cambio, pianificazione e logistica. Ha poi risposto alle domande degli studenti.<\/p>\n\n\n\n<figure class=\"wp-block-gallery has-nested-images columns-default is-cropped wp-block-gallery-1 is-layout-flex wp-block-gallery-is-layout-flex\">\n<figure class=\"wp-block-image size-large\"><img decoding=\"async\" data-id=\"647\" src=\"https:\/\/managevirtually.sdu.edu.tr\/wp-content\/uploads\/2025\/05\/WhatsApp-Image-2025-05-28-at-13.46.52-1-1024x768.jpeg\" alt=\"\" class=\"wp-image-647\"\/><\/figure>\n\n\n\n<figure class=\"wp-block-image size-large\"><img decoding=\"async\" data-id=\"648\" src=\"https:\/\/managevirtually.sdu.edu.tr\/wp-content\/uploads\/2025\/05\/WhatsApp-Image-2025-05-28-at-13.46.52-1024x768.jpeg\" alt=\"\" class=\"wp-image-648\"\/><\/figure>\n<\/figure>\n\n\n\n<figure class=\"wp-block-gallery has-nested-images columns-default is-cropped wp-block-gallery-2 is-layout-flex wp-block-gallery-is-layout-flex\">\n<figure class=\"wp-block-image size-large\"><img decoding=\"async\" data-id=\"650\" src=\"https:\/\/managevirtually.sdu.edu.tr\/wp-content\/uploads\/2025\/05\/WhatsApp-Image-2025-05-28-at-13.48.08-768x1024.jpeg\" alt=\"\" class=\"wp-image-650\"\/><\/figure>\n\n\n\n<figure class=\"wp-block-image size-large\"><img decoding=\"async\" data-id=\"649\" src=\"https:\/\/managevirtually.sdu.edu.tr\/wp-content\/uploads\/2025\/05\/WhatsApp-Image-2025-05-28-at-13.46.52-2-768x1024.jpeg\" alt=\"\" class=\"wp-image-649\"\/><\/figure>\n<\/figure>\n\n\n\n<hr class=\"wp-block-separator has-alpha-channel-opacity\"\/>\n\n\n\n<h2 class=\"wp-block-heading has-white-color has-text-color has-background has-link-color has-extra-small-font-size wp-elements-b7e17a283070d3e4b040ca0dc08f0345\" style=\"background-color:#1a3b49\"><a name=\"conf2\">Conferenze-Evento 2<\/a><\/h2>\n\n\n\n<p>Abbiamo tenuto la nostra seconda conferenza con la nostra classe di simulazione il 2 giugno 2025. Sinem Kargal\u0131 e \u015eeng\u00fcl Eren di G\u00fclbirlik Rosense hanno partecipato alla conferenza in qualit\u00e0 di relatrici. Sono state fornite informazioni generali sulla nascita e il funzionamento del marchio Rosense. Sono state condivise informazioni dettagliate sul posizionamento del marchio, sulle strategie di crescita, sugli obiettivi di vendita e marketing nei mercati nazionali e internazionali. \u00c8 stata discussa la struttura competitiva del marchio nei mercati regionali, nazionali e internazionali e sono state condivise le sue esperienze fino ad oggi. Al termine della conferenza, \u00e8 stato possibile rispondere alle domande degli studenti.<\/p>\n\n\n\n<figure class=\"wp-block-image aligncenter size-large\"><img decoding=\"async\" src=\"https:\/\/managevirtually.sdu.edu.tr\/wp-content\/uploads\/2025\/06\/WhatsApp-Image-2025-06-11-at-13.24.31-768x1024.jpeg\" alt=\"\" class=\"wp-image-669\"\/><\/figure>\n\n\n\n<figure class=\"wp-block-image size-large\"><img decoding=\"async\" src=\"https:\/\/managevirtually.sdu.edu.tr\/wp-content\/uploads\/2025\/06\/WhatsApp-Image-2025-06-11-at-13.24.01-1024x768.jpeg\" alt=\"\" class=\"wp-image-670\"\/><\/figure>\n\n\n\n<figure class=\"wp-block-image size-large\"><img decoding=\"async\" src=\"https:\/\/managevirtually.sdu.edu.tr\/wp-content\/uploads\/2025\/06\/WhatsApp-Image-2025-06-11-at-13.26.05-1-1024x768.jpeg\" alt=\"\" class=\"wp-image-665\"\/><\/figure>\n\n\n\n<hr class=\"wp-block-separator has-alpha-channel-opacity\"\/>\n\n\n\n<p class=\"has-white-color has-text-color has-background has-link-color has-extra-small-font-size wp-elements-b9bb60c45401059a665dea0f051c8bc4\" style=\"background-color:#1a3b49\"><a name=\"conf3\">Conferenze-Evento 3<\/a><\/p>\n\n\n\n<p>Nell&#8217;ultimo evento del nostro progetto &#8220;Management in a Virtual World&#8221;, gioved\u00ec 26 giugno 2025 abbiamo riunito gli imprenditori di una nuova azienda tessile, Cielo Venti, con i nostri studenti. G\u00fcl Ery\u0131lmaz, uno degli imprenditori di Cielo Venti, ha condiviso con gli studenti la storia della fondazione, la visione e la missione del marchio. Le strategie di ingresso sul mercato, le capacit\u00e0 competitive e gli obiettivi futuri del marchio sono stati spiegati in dettaglio e sono stati mostrati agli studenti campioni di prodotto. Gli studenti hanno mostrato grande interesse per questa nuova iniziativa e hanno rivolto le loro domande agli imprenditori di Cielo Venti al termine della conferenza. Dopo la sessione di domande e risposte, sono stati consegnati attestati di apprezzamento agli imprenditori di Cielo Venti.<\/p>\n\n\n\n<figure class=\"wp-block-image size-large\"><img loading=\"lazy\" decoding=\"async\" width=\"1013\" height=\"1024\" src=\"https:\/\/managevirtually.sdu.edu.tr\/it\/wp-content\/uploads\/sites\/5\/2025\/10\/image-1-1013x1024.png\" alt=\"\" class=\"wp-image-752\" srcset=\"https:\/\/managevirtually.sdu.edu.tr\/it\/wp-content\/uploads\/sites\/5\/2025\/10\/image-1-1013x1024.png 1013w, https:\/\/managevirtually.sdu.edu.tr\/it\/wp-content\/uploads\/sites\/5\/2025\/10\/image-1-297x300.png 297w, https:\/\/managevirtually.sdu.edu.tr\/it\/wp-content\/uploads\/sites\/5\/2025\/10\/image-1-768x776.png 768w, https:\/\/managevirtually.sdu.edu.tr\/it\/wp-content\/uploads\/sites\/5\/2025\/10\/image-1.png 1126w\" sizes=\"(max-width: 1013px) 100vw, 1013px\" \/><\/figure>\n\n\n\n<figure class=\"wp-block-image aligncenter size-large\"><img loading=\"lazy\" decoding=\"async\" width=\"768\" height=\"1024\" src=\"https:\/\/managevirtually.sdu.edu.tr\/it\/wp-content\/uploads\/sites\/5\/2025\/10\/WhatsApp-Image-2025-06-30-at-13.04.01-768x1024.jpeg\" alt=\"\" class=\"wp-image-753\" srcset=\"https:\/\/managevirtually.sdu.edu.tr\/it\/wp-content\/uploads\/sites\/5\/2025\/10\/WhatsApp-Image-2025-06-30-at-13.04.01-768x1024.jpeg 768w, https:\/\/managevirtually.sdu.edu.tr\/it\/wp-content\/uploads\/sites\/5\/2025\/10\/WhatsApp-Image-2025-06-30-at-13.04.01-225x300.jpeg 225w, https:\/\/managevirtually.sdu.edu.tr\/it\/wp-content\/uploads\/sites\/5\/2025\/10\/WhatsApp-Image-2025-06-30-at-13.04.01-1152x1536.jpeg 1152w, https:\/\/managevirtually.sdu.edu.tr\/it\/wp-content\/uploads\/sites\/5\/2025\/10\/WhatsApp-Image-2025-06-30-at-13.04.01.jpeg 1536w\" sizes=\"(max-width: 768px) 100vw, 768px\" \/><\/figure>\n\n\n\n<figure class=\"wp-block-image aligncenter size-large\"><img loading=\"lazy\" decoding=\"async\" width=\"768\" height=\"1024\" src=\"https:\/\/managevirtually.sdu.edu.tr\/it\/wp-content\/uploads\/sites\/5\/2025\/10\/WhatsApp-Image-2025-06-30-at-13.04.12-768x1024.jpeg\" alt=\"\" class=\"wp-image-754\" srcset=\"https:\/\/managevirtually.sdu.edu.tr\/it\/wp-content\/uploads\/sites\/5\/2025\/10\/WhatsApp-Image-2025-06-30-at-13.04.12-768x1024.jpeg 768w, https:\/\/managevirtually.sdu.edu.tr\/it\/wp-content\/uploads\/sites\/5\/2025\/10\/WhatsApp-Image-2025-06-30-at-13.04.12-225x300.jpeg 225w, https:\/\/managevirtually.sdu.edu.tr\/it\/wp-content\/uploads\/sites\/5\/2025\/10\/WhatsApp-Image-2025-06-30-at-13.04.12-1152x1536.jpeg 1152w, https:\/\/managevirtually.sdu.edu.tr\/it\/wp-content\/uploads\/sites\/5\/2025\/10\/WhatsApp-Image-2025-06-30-at-13.04.12.jpeg 1536w\" sizes=\"(max-width: 768px) 100vw, 768px\" \/><\/figure>\n\n\n\n<hr class=\"wp-block-separator has-alpha-channel-opacity\"\/>\n\n\n\n<p class=\"has-white-color has-text-color has-background has-link-color has-extra-small-font-size wp-elements-d83c4e4fce06516d9d536d56c25fda90\" style=\"background-color:#1a3b49\"><a name=\"conf4\">Conferenze-Evento 4<\/a><\/p>\n\n\n\n<p>Il Direttore del Gruppo di Sviluppo Aziendale di Kanat Boya, Murat Demirhindi, ha illustrato ai nostri studenti della classe di simulazione le attivit\u00e0 di ricerca e sviluppo, i processi delle materie prime e le fasi di ingresso nel mercato.<br><\/p>\n\n\n\n<figure class=\"wp-block-image size-large\"><img loading=\"lazy\" decoding=\"async\" width=\"1024\" height=\"768\" src=\"https:\/\/managevirtually.sdu.edu.tr\/it\/wp-content\/uploads\/sites\/5\/2025\/12\/WhatsApp-Image-2025-12-04-at-14.23.44-1024x768.jpeg\" alt=\"\" class=\"wp-image-827\" srcset=\"https:\/\/managevirtually.sdu.edu.tr\/it\/wp-content\/uploads\/sites\/5\/2025\/12\/WhatsApp-Image-2025-12-04-at-14.23.44-1024x768.jpeg 1024w, https:\/\/managevirtually.sdu.edu.tr\/it\/wp-content\/uploads\/sites\/5\/2025\/12\/WhatsApp-Image-2025-12-04-at-14.23.44-300x225.jpeg 300w, https:\/\/managevirtually.sdu.edu.tr\/it\/wp-content\/uploads\/sites\/5\/2025\/12\/WhatsApp-Image-2025-12-04-at-14.23.44-768x576.jpeg 768w, https:\/\/managevirtually.sdu.edu.tr\/it\/wp-content\/uploads\/sites\/5\/2025\/12\/WhatsApp-Image-2025-12-04-at-14.23.44-1536x1152.jpeg 1536w, https:\/\/managevirtually.sdu.edu.tr\/it\/wp-content\/uploads\/sites\/5\/2025\/12\/WhatsApp-Image-2025-12-04-at-14.23.44.jpeg 1600w\" sizes=\"(max-width: 1024px) 100vw, 1024px\" \/><\/figure>\n\n\n\n<figure class=\"wp-block-image aligncenter size-large\"><img loading=\"lazy\" decoding=\"async\" width=\"768\" height=\"1024\" src=\"https:\/\/managevirtually.sdu.edu.tr\/it\/wp-content\/uploads\/sites\/5\/2025\/12\/WhatsApp-Image-2025-12-04-at-14.23.27-768x1024.jpeg\" alt=\"\" class=\"wp-image-828\" srcset=\"https:\/\/managevirtually.sdu.edu.tr\/it\/wp-content\/uploads\/sites\/5\/2025\/12\/WhatsApp-Image-2025-12-04-at-14.23.27-768x1024.jpeg 768w, https:\/\/managevirtually.sdu.edu.tr\/it\/wp-content\/uploads\/sites\/5\/2025\/12\/WhatsApp-Image-2025-12-04-at-14.23.27-225x300.jpeg 225w, https:\/\/managevirtually.sdu.edu.tr\/it\/wp-content\/uploads\/sites\/5\/2025\/12\/WhatsApp-Image-2025-12-04-at-14.23.27-1152x1536.jpeg 1152w, https:\/\/managevirtually.sdu.edu.tr\/it\/wp-content\/uploads\/sites\/5\/2025\/12\/WhatsApp-Image-2025-12-04-at-14.23.27.jpeg 1536w\" sizes=\"(max-width: 768px) 100vw, 768px\" \/><\/figure>\n\n\n\n<figure class=\"wp-block-image aligncenter size-large\"><img loading=\"lazy\" decoding=\"async\" width=\"768\" height=\"1024\" src=\"https:\/\/managevirtually.sdu.edu.tr\/it\/wp-content\/uploads\/sites\/5\/2025\/12\/WhatsApp-Image-2025-12-04-at-14.23.17-768x1024.jpeg\" alt=\"\" class=\"wp-image-829\" srcset=\"https:\/\/managevirtually.sdu.edu.tr\/it\/wp-content\/uploads\/sites\/5\/2025\/12\/WhatsApp-Image-2025-12-04-at-14.23.17-768x1024.jpeg 768w, https:\/\/managevirtually.sdu.edu.tr\/it\/wp-content\/uploads\/sites\/5\/2025\/12\/WhatsApp-Image-2025-12-04-at-14.23.17-225x300.jpeg 225w, https:\/\/managevirtually.sdu.edu.tr\/it\/wp-content\/uploads\/sites\/5\/2025\/12\/WhatsApp-Image-2025-12-04-at-14.23.17-1152x1536.jpeg 1152w, https:\/\/managevirtually.sdu.edu.tr\/it\/wp-content\/uploads\/sites\/5\/2025\/12\/WhatsApp-Image-2025-12-04-at-14.23.17.jpeg 1200w\" sizes=\"(max-width: 768px) 100vw, 768px\" \/><\/figure>\n\n\n\n<hr class=\"wp-block-separator has-alpha-channel-opacity\"\/>\n\n\n\n<p><\/p>\n\n\n\n<p><\/p>\n","protected":false},"excerpt":{"rendered":"<p>Conferenze-Evento 1 Nell&#8217;ambito del nostro progetto dell&#8217;Unione Europea, abbiamo tenuto una conferenza produttiva con la nostra classe di simulazione luned\u00ec 26 maggio 2025. Sinem G\u00fcm\u00fc\u015f, Responsabile delle Operazioni di Commercio Estero di Nazar Tekstil, ha illustrato ai nostri studenti il \u200b\u200bsettore tessile e la posizione del nostro Paese in questo settore, i suoi vantaggi e [&hellip;]<\/p>\n","protected":false},"author":1,"featured_media":0,"parent":0,"menu_order":0,"comment_status":"closed","ping_status":"closed","template":"","meta":{"footnotes":""},"class_list":["post-701","page","type-page","status-publish","hentry"],"_links":{"self":[{"href":"https:\/\/managevirtually.sdu.edu.tr\/it\/wp-json\/wp\/v2\/pages\/701"}],"collection":[{"href":"https:\/\/managevirtually.sdu.edu.tr\/it\/wp-json\/wp\/v2\/pages"}],"about":[{"href":"https:\/\/managevirtually.sdu.edu.tr\/it\/wp-json\/wp\/v2\/types\/page"}],"author":[{"embeddable":true,"href":"https:\/\/managevirtually.sdu.edu.tr\/it\/wp-json\/wp\/v2\/users\/1"}],"replies":[{"embeddable":true,"href":"https:\/\/managevirtually.sdu.edu.tr\/it\/wp-json\/wp\/v2\/comments?post=701"}],"version-history":[{"count":5,"href":"https:\/\/managevirtually.sdu.edu.tr\/it\/wp-json\/wp\/v2\/pages\/701\/revisions"}],"predecessor-version":[{"id":830,"href":"https:\/\/managevirtually.sdu.edu.tr\/it\/wp-json\/wp\/v2\/pages\/701\/revisions\/830"}],"wp:attachment":[{"href":"https:\/\/managevirtually.sdu.edu.tr\/it\/wp-json\/wp\/v2\/media?parent=701"}],"curies":[{"name":"wp","href":"https:\/\/api.w.org\/{rel}","templated":true}]}}