{"id":568,"date":"2025-04-13T14:41:50","date_gmt":"2025-04-13T11:41:50","guid":{"rendered":"https:\/\/managevirtually.sdu.edu.tr\/it\/?page_id=568"},"modified":"2025-04-13T14:42:29","modified_gmt":"2025-04-13T11:42:29","slug":"tpm3","status":"publish","type":"page","link":"https:\/\/managevirtually.sdu.edu.tr\/it\/tpm3\/","title":{"rendered":"Incontri di Progetto \/ 3. Transnational Project Meeting"},"content":{"rendered":"\n<p>Il 3\u00b0 Transnational meeting del nostro progetto si \u00e8 svolto l\u20191 e 2 aprile 2025 con la partecipazione di tutti i partner ed \u00e8 stato ospitato dalla Gda\u0144sk University of Technology (Gda\u0144sk Tech). Hanno partecipato i partner provenienti da Romania, Italia, Turchia, Portogallo e Polonia. Sono state riesaminate le decisioni prese durante il 2\u00b0 Transnational meeting del Progetto, tenutosi a Bucarest. I risultati dei Test di Valutazione realizzati sono stati condivisi e discussi per ciascun paese. Inoltre, \u00e8 stata coordinata e supervisionata l\u2019attivit\u00e0 dei gruppi di studenti formati.<br>Nel secondo giorno dell\u2019incontro, \u00e8 stato organizzato un tour del campus per rafforzare la comunicazione tra i partner e conoscere meglio la Gda\u0144sk University of Technology (Gda\u0144sk Tech). Inoltre, \u00e8 stata valutata l\u2019applicazione dello Scenario 1 sulla simulazione realizzata da tutti i partner del progetto, risolvendo i problemi emersi. \u00c8 stata discussa la data del 4\u00b0 Incontro Transnazionale del Progetto, che si terr\u00e0 in Portogallo, e l\u2019incontro si \u00e8 concluso con l\u2019assegnazione dei compiti a tutti i partner.<\/p>\n\n\n\n<figure class=\"wp-block-gallery has-nested-images columns-default is-cropped wp-block-gallery-1 is-layout-flex wp-block-gallery-is-layout-flex\">\n<figure class=\"wp-block-image size-large\"><img decoding=\"async\" data-id=\"584\" src=\"https:\/\/managevirtually.sdu.edu.tr\/wp-content\/uploads\/2025\/04\/WhatsApp-Image-2025-04-08-at-13.19.35-1-1-1024x768.jpeg\" alt=\"\" class=\"wp-image-584\"\/><\/figure>\n\n\n\n<figure class=\"wp-block-image size-large\"><img decoding=\"async\" data-id=\"583\" src=\"https:\/\/managevirtually.sdu.edu.tr\/wp-content\/uploads\/2025\/04\/WhatsApp-Image-2025-04-08-at-13.19.35-5-1024x768.jpeg\" alt=\"\" class=\"wp-image-583\"\/><\/figure>\n<\/figure>\n\n\n\n<figure class=\"wp-block-gallery has-nested-images columns-default is-cropped wp-block-gallery-2 is-layout-flex wp-block-gallery-is-layout-flex\">\n<figure class=\"wp-block-image size-large\"><img decoding=\"async\" data-id=\"570\" src=\"https:\/\/managevirtually.sdu.edu.tr\/wp-content\/uploads\/2025\/04\/WhatsApp-Image-2025-04-08-at-13.19.35-2-768x1024.jpeg\" alt=\"\" class=\"wp-image-570\"\/><\/figure>\n\n\n\n<figure class=\"wp-block-image size-large\"><img decoding=\"async\" data-id=\"571\" src=\"https:\/\/managevirtually.sdu.edu.tr\/wp-content\/uploads\/2025\/04\/WhatsApp-Image-2025-04-08-at-13.19.35-3-768x1024.jpeg\" alt=\"\" class=\"wp-image-571\"\/><\/figure>\n\n\n\n<figure class=\"wp-block-image size-large\"><img decoding=\"async\" data-id=\"567\" src=\"https:\/\/managevirtually.sdu.edu.tr\/wp-content\/uploads\/2025\/04\/WhatsApp-Image-2025-04-08-at-13.19.35-4-768x1024.jpeg\" alt=\"\" class=\"wp-image-567\"\/><\/figure>\n\n\n\n<figure class=\"wp-block-image size-large\"><img decoding=\"async\" data-id=\"566\" src=\"https:\/\/managevirtually.sdu.edu.tr\/wp-content\/uploads\/2025\/04\/WhatsApp-Image-2025-04-08-at-13.19.36-1-768x1024.jpeg\" alt=\"\" class=\"wp-image-566\"\/><\/figure>\n\n\n\n<figure class=\"wp-block-image size-large\"><img decoding=\"async\" data-id=\"572\" src=\"https:\/\/managevirtually.sdu.edu.tr\/wp-content\/uploads\/2025\/04\/WhatsApp-Image-2025-04-08-at-13.19.36-2-768x1024.jpeg\" alt=\"\" class=\"wp-image-572\"\/><\/figure>\n\n\n\n<figure class=\"wp-block-image size-large\"><img decoding=\"async\" data-id=\"574\" src=\"https:\/\/managevirtually.sdu.edu.tr\/wp-content\/uploads\/2025\/04\/WhatsApp-Image-2025-04-08-at-13.19.36-3-768x1024.jpeg\" alt=\"\" class=\"wp-image-574\"\/><\/figure>\n\n\n\n<figure class=\"wp-block-image size-large\"><img decoding=\"async\" data-id=\"573\" src=\"https:\/\/managevirtually.sdu.edu.tr\/wp-content\/uploads\/2025\/04\/WhatsApp-Image-2025-04-08-at-13.19.36-4-768x1024.jpeg\" alt=\"\" class=\"wp-image-573\"\/><\/figure>\n\n\n\n<figure class=\"wp-block-image size-large\"><img decoding=\"async\" data-id=\"575\" src=\"https:\/\/managevirtually.sdu.edu.tr\/wp-content\/uploads\/2025\/04\/WhatsApp-Image-2025-04-08-at-13.19.36-768x1024.jpeg\" alt=\"\" class=\"wp-image-575\"\/><\/figure>\n\n\n\n<figure class=\"wp-block-image size-large\"><img decoding=\"async\" data-id=\"576\" src=\"https:\/\/managevirtually.sdu.edu.tr\/wp-content\/uploads\/2025\/04\/WhatsApp-Image-2025-04-08-at-13.20.02-768x1024.jpeg\" alt=\"\" class=\"wp-image-576\"\/><\/figure>\n\n\n\n<figure class=\"wp-block-image size-large\"><img decoding=\"async\" data-id=\"577\" src=\"https:\/\/managevirtually.sdu.edu.tr\/wp-content\/uploads\/2025\/04\/WhatsApp-Image-2025-04-08-at-13.20.33-1-768x1024.jpeg\" alt=\"\" class=\"wp-image-577\"\/><\/figure>\n\n\n\n<figure class=\"wp-block-image size-large\"><img decoding=\"async\" data-id=\"578\" src=\"https:\/\/managevirtually.sdu.edu.tr\/wp-content\/uploads\/2025\/04\/WhatsApp-Image-2025-04-08-at-13.20.33-2-768x1024.jpeg\" alt=\"\" class=\"wp-image-578\"\/><\/figure>\n\n\n\n<figure class=\"wp-block-image size-large\"><img decoding=\"async\" data-id=\"580\" src=\"https:\/\/managevirtually.sdu.edu.tr\/wp-content\/uploads\/2025\/04\/WhatsApp-Image-2025-04-08-at-13.20.33-768x1024.jpeg\" alt=\"\" class=\"wp-image-580\"\/><\/figure>\n\n\n\n<figure class=\"wp-block-image size-large\"><img decoding=\"async\" data-id=\"579\" src=\"https:\/\/managevirtually.sdu.edu.tr\/wp-content\/uploads\/2025\/04\/WhatsApp-Image-2025-04-08-at-13.20.33-3-768x1024.jpeg\" alt=\"\" class=\"wp-image-579\"\/><\/figure>\n\n\n\n<figure class=\"wp-block-image size-large\"><img decoding=\"async\" data-id=\"581\" src=\"https:\/\/managevirtually.sdu.edu.tr\/wp-content\/uploads\/2025\/04\/WhatsApp-Image-2025-04-08-at-13.20.34-1-768x1024.jpeg\" alt=\"\" class=\"wp-image-581\"\/><\/figure>\n\n\n\n<figure class=\"wp-block-image size-large\"><img decoding=\"async\" data-id=\"582\" src=\"https:\/\/managevirtually.sdu.edu.tr\/wp-content\/uploads\/2025\/04\/WhatsApp-Image-2025-04-08-at-13.20.34-768x1024.jpeg\" alt=\"\" class=\"wp-image-582\"\/><\/figure>\n<\/figure>\n\n\n\n<p><\/p>\n","protected":false},"excerpt":{"rendered":"<p>Il 3\u00b0 Transnational meeting del nostro progetto si \u00e8 svolto l\u20191 e 2 aprile 2025 con la partecipazione di tutti i partner ed \u00e8 stato ospitato dalla Gda\u0144sk University of Technology (Gda\u0144sk Tech). Hanno partecipato i partner provenienti da Romania, Italia, Turchia, Portogallo e Polonia. Sono state riesaminate le decisioni prese durante il 2\u00b0 Transnational [&hellip;]<\/p>\n","protected":false},"author":1,"featured_media":0,"parent":0,"menu_order":0,"comment_status":"closed","ping_status":"closed","template":"","meta":{"footnotes":""},"class_list":["post-568","page","type-page","status-publish","hentry"],"_links":{"self":[{"href":"https:\/\/managevirtually.sdu.edu.tr\/it\/wp-json\/wp\/v2\/pages\/568"}],"collection":[{"href":"https:\/\/managevirtually.sdu.edu.tr\/it\/wp-json\/wp\/v2\/pages"}],"about":[{"href":"https:\/\/managevirtually.sdu.edu.tr\/it\/wp-json\/wp\/v2\/types\/page"}],"author":[{"embeddable":true,"href":"https:\/\/managevirtually.sdu.edu.tr\/it\/wp-json\/wp\/v2\/users\/1"}],"replies":[{"embeddable":true,"href":"https:\/\/managevirtually.sdu.edu.tr\/it\/wp-json\/wp\/v2\/comments?post=568"}],"version-history":[{"count":2,"href":"https:\/\/managevirtually.sdu.edu.tr\/it\/wp-json\/wp\/v2\/pages\/568\/revisions"}],"predecessor-version":[{"id":571,"href":"https:\/\/managevirtually.sdu.edu.tr\/it\/wp-json\/wp\/v2\/pages\/568\/revisions\/571"}],"wp:attachment":[{"href":"https:\/\/managevirtually.sdu.edu.tr\/it\/wp-json\/wp\/v2\/media?parent=568"}],"curies":[{"name":"wp","href":"https:\/\/api.w.org\/{rel}","templated":true}]}}