{"id":489,"date":"2025-01-15T20:42:41","date_gmt":"2025-01-15T17:42:41","guid":{"rendered":"https:\/\/managevirtually.sdu.edu.tr\/it\/?page_id=489"},"modified":"2025-03-28T21:19:57","modified_gmt":"2025-03-28T18:19:57","slug":"pt-person6","status":"publish","type":"page","link":"https:\/\/managevirtually.sdu.edu.tr\/it\/pt-person6\/","title":{"rendered":"Senior Lecturer M\u00e1rio Joel Queir\u00f3s"},"content":{"rendered":"\n<figure class=\"wp-block-image aligncenter size-full\"><img loading=\"lazy\" decoding=\"async\" width=\"295\" height=\"295\" src=\"https:\/\/managevirtually.sdu.edu.tr\/it\/wp-content\/uploads\/sites\/5\/2025\/03\/image.png\" alt=\"\" class=\"wp-image-565\" srcset=\"https:\/\/managevirtually.sdu.edu.tr\/it\/wp-content\/uploads\/sites\/5\/2025\/03\/image.png 295w, https:\/\/managevirtually.sdu.edu.tr\/it\/wp-content\/uploads\/sites\/5\/2025\/03\/image-150x150.png 150w\" sizes=\"(max-width: 295px) 100vw, 295px\" \/><\/figure>\n\n\n\n<p>M\u00e1rio Joel Queir\u00f3s \u00e8 Senior Lecturer presso l&#8217;ISCAP dal 1999, nelle aree di Finanza, Management ed Economia, dove supervisiona numerose tesi e progetti di ricerca. \u00c8 fortemente coinvolto nello sviluppo dei curricula ed \u00e8 un relatore frequente in eventi e workshop.<\/p>\n\n\n\n<p>\u00c8 Direttore e membro del Comitato Scientifico del Master in Organizations Management (Gestione Aziendale) presso l&#8217;ISCAP.<\/p>\n\n\n\n<p>M\u00e1rio Joel Queir\u00f3s ha conseguito un dottorato in Economia presso l&#8217;Universidade Lus\u00edada Norte, due corsi post-laurea \u2013 uno in Didattica dell&#8217;Economia presso l&#8217;Universidade do Porto e l&#8217;altro in Studi Europei presso l&#8217;Universidade de Coimbra \u2013 e una laurea in Economia.<\/p>\n\n\n\n<p>\u00c8 coautore di 18 libri accademici su Finanza e Management.<\/p>\n","protected":false},"excerpt":{"rendered":"<p>M\u00e1rio Joel Queir\u00f3s \u00e8 Senior Lecturer presso l&#8217;ISCAP dal 1999, nelle aree di Finanza, Management ed Economia, dove supervisiona numerose tesi e progetti di ricerca. \u00c8 fortemente coinvolto nello sviluppo dei curricula ed \u00e8 un relatore frequente in eventi e workshop. \u00c8 Direttore e membro del Comitato Scientifico del Master in Organizations Management (Gestione Aziendale) [&hellip;]<\/p>\n","protected":false},"author":1,"featured_media":0,"parent":0,"menu_order":0,"comment_status":"closed","ping_status":"closed","template":"","meta":{"footnotes":""},"class_list":["post-489","page","type-page","status-publish","hentry"],"_links":{"self":[{"href":"https:\/\/managevirtually.sdu.edu.tr\/it\/wp-json\/wp\/v2\/pages\/489"}],"collection":[{"href":"https:\/\/managevirtually.sdu.edu.tr\/it\/wp-json\/wp\/v2\/pages"}],"about":[{"href":"https:\/\/managevirtually.sdu.edu.tr\/it\/wp-json\/wp\/v2\/types\/page"}],"author":[{"embeddable":true,"href":"https:\/\/managevirtually.sdu.edu.tr\/it\/wp-json\/wp\/v2\/users\/1"}],"replies":[{"embeddable":true,"href":"https:\/\/managevirtually.sdu.edu.tr\/it\/wp-json\/wp\/v2\/comments?post=489"}],"version-history":[{"count":3,"href":"https:\/\/managevirtually.sdu.edu.tr\/it\/wp-json\/wp\/v2\/pages\/489\/revisions"}],"predecessor-version":[{"id":566,"href":"https:\/\/managevirtually.sdu.edu.tr\/it\/wp-json\/wp\/v2\/pages\/489\/revisions\/566"}],"wp:attachment":[{"href":"https:\/\/managevirtually.sdu.edu.tr\/it\/wp-json\/wp\/v2\/media?parent=489"}],"curies":[{"name":"wp","href":"https:\/\/api.w.org\/{rel}","templated":true}]}}