{"id":484,"date":"2025-01-15T20:37:10","date_gmt":"2025-01-15T17:37:10","guid":{"rendered":"https:\/\/managevirtually.sdu.edu.tr\/it\/?page_id=484"},"modified":"2025-01-16T10:11:42","modified_gmt":"2025-01-16T07:11:42","slug":"pl-person4","status":"publish","type":"page","link":"https:\/\/managevirtually.sdu.edu.tr\/it\/pl-person4\/","title":{"rendered":"Assistant Professor Jaros\u0142aw Zi\u0119tarski"},"content":{"rendered":"\n<figure class=\"wp-block-image aligncenter size-full\"><img loading=\"lazy\" decoding=\"async\" width=\"258\" height=\"386\" src=\"https:\/\/managevirtually.sdu.edu.tr\/it\/wp-content\/uploads\/sites\/5\/2025\/01\/image.png\" alt=\"\" class=\"wp-image-505\" srcset=\"https:\/\/managevirtually.sdu.edu.tr\/it\/wp-content\/uploads\/sites\/5\/2025\/01\/image.png 258w, https:\/\/managevirtually.sdu.edu.tr\/it\/wp-content\/uploads\/sites\/5\/2025\/01\/image-201x300.png 201w\" sizes=\"(max-width: 258px) 100vw, 258px\" \/><\/figure>\n\n\n\n<p>Jaros\u0142aw Zi\u0119tarski \u00e8 docente presso il Dipartimento di Finanza della Facolt\u00e0 di Management ed Economia della Gda\u0144sk University of Technology. Jaros\u0142aw \u00e8 in possesso di una laurea magistrale e di un dottorato, entrambi in Economia. Ha completato studi post-laurea in Gestione di Progetti di Ricerca e Sviluppo. Tiene corsi sulla gestione delle finanze, del rischio e della liquidit\u00e0 nelle imprese, oltre che su contabilit\u00e0 finanziaria, dei costi e gestionale.<\/p>\n\n\n\n<p>Vanta oltre 15 anni di esperienza manageriale sia nel settore delle PMI che in societ\u00e0 multinazionali. Ha ricoperto il ruolo di direttore di filiale in quattro diverse banche, occupandosi di vari settori di mercato: grandi imprese, settore PMI e banking retail. Jaros\u0142aw \u00e8 stato coordinatore e partecipante a progetti educativi nazionali e gestisce un canale sulla piattaforma YouTube chiamato &#8220;FAT CAT Financial Education&#8221;, dedicato alla divulgazione di conoscenze nel campo della contabilit\u00e0 gestionale.<\/p>\n\n\n\n<p>\u00c8 stato membro del comitato organizzativo della conferenza internazionale &#8220;28th Annual Multinational Finance Society Conference&#8221;. I suoi interessi attuali si concentrano principalmente sulle forme moderne di educazione e sull&#8217;educazione finanziaria.<\/p>\n","protected":false},"excerpt":{"rendered":"<p>Jaros\u0142aw Zi\u0119tarski \u00e8 docente presso il Dipartimento di Finanza della Facolt\u00e0 di Management ed Economia della Gda\u0144sk University of Technology. Jaros\u0142aw \u00e8 in possesso di una laurea magistrale e di un dottorato, entrambi in Economia. Ha completato studi post-laurea in Gestione di Progetti di Ricerca e Sviluppo. Tiene corsi sulla gestione delle finanze, del rischio [&hellip;]<\/p>\n","protected":false},"author":1,"featured_media":0,"parent":0,"menu_order":0,"comment_status":"closed","ping_status":"closed","template":"","meta":{"footnotes":""},"class_list":["post-484","page","type-page","status-publish","hentry"],"_links":{"self":[{"href":"https:\/\/managevirtually.sdu.edu.tr\/it\/wp-json\/wp\/v2\/pages\/484"}],"collection":[{"href":"https:\/\/managevirtually.sdu.edu.tr\/it\/wp-json\/wp\/v2\/pages"}],"about":[{"href":"https:\/\/managevirtually.sdu.edu.tr\/it\/wp-json\/wp\/v2\/types\/page"}],"author":[{"embeddable":true,"href":"https:\/\/managevirtually.sdu.edu.tr\/it\/wp-json\/wp\/v2\/users\/1"}],"replies":[{"embeddable":true,"href":"https:\/\/managevirtually.sdu.edu.tr\/it\/wp-json\/wp\/v2\/comments?post=484"}],"version-history":[{"count":4,"href":"https:\/\/managevirtually.sdu.edu.tr\/it\/wp-json\/wp\/v2\/pages\/484\/revisions"}],"predecessor-version":[{"id":506,"href":"https:\/\/managevirtually.sdu.edu.tr\/it\/wp-json\/wp\/v2\/pages\/484\/revisions\/506"}],"wp:attachment":[{"href":"https:\/\/managevirtually.sdu.edu.tr\/it\/wp-json\/wp\/v2\/media?parent=484"}],"curies":[{"name":"wp","href":"https:\/\/api.w.org\/{rel}","templated":true}]}}