{"id":457,"date":"2024-12-13T08:38:39","date_gmt":"2024-12-13T05:38:39","guid":{"rendered":"https:\/\/managevirtually.sdu.edu.tr\/en\/?page_id=456"},"modified":"2025-02-07T12:13:15","modified_gmt":"2025-02-07T09:13:15","slug":"tpm2","status":"publish","type":"page","link":"https:\/\/managevirtually.sdu.edu.tr\/it\/tpm2\/","title":{"rendered":"Incontri di Progetto \/ 2. Transnational Project Meeting"},"content":{"rendered":"\n<p>Il 2\u00b0 TPM del progetto \u201cManagement in a Virtual World\u201d si \u00e8 svolto il 4-5 dicembre 2024 a Bucarest, Romania. L&#8217;incontro \u00e8 stato ospitato dall&#8217;Universit\u00e0 degli Studi Economici di Bucarest (BUES). Hanno partecipato tutti i partner provenienti da Romania, Italia, Portogallo, Polonia e Turchia. Durante il primo giorno dell&#8217;incontro sono stati esaminati i verbali del 1\u00b0 TPM e condivise le attivit\u00e0 completate. I partner hanno avuto l&#8217;opportunit\u00e0 di discutere i test di valutazione e le domande delle interviste che verranno somministrate agli studenti. I gruppi del progetto ha incontrato il Vice Rettorato dell&#8217;universit\u00e0, dove si \u00e8 parlato di future collaborazioni. Durante il secondo giorno dell&#8217;incontro, i partner hanno utilizzato la simulazione per implementare il 1\u00b0 scenario. Sono state discusse le date del 3\u00b0 TPM e la divisione del lavoro tra i partner.<\/p>\n\n\n\n<figure class=\"wp-block-gallery has-nested-images columns-2 is-cropped wp-block-gallery-1 is-layout-flex wp-block-gallery-is-layout-flex\">\n<figure class=\"wp-block-image size-large\"><img decoding=\"async\" data-id=\"477\" src=\"https:\/\/managevirtually.sdu.edu.tr\/wp-content\/uploads\/2024\/12\/WhatsApp-Image-2024-12-10-at-14.04.36-768x1024.jpeg\" alt=\"\" class=\"wp-image-477\"\/><\/figure>\n\n\n\n<figure class=\"wp-block-image size-large\"><img decoding=\"async\" data-id=\"473\" src=\"https:\/\/managevirtually.sdu.edu.tr\/wp-content\/uploads\/2024\/12\/WhatsApp-Image-2024-12-10-at-14.04.35-2-768x1024.jpeg\" alt=\"\" class=\"wp-image-473\"\/><\/figure>\n\n\n\n<figure class=\"wp-block-image size-large\"><img decoding=\"async\" data-id=\"474\" src=\"https:\/\/managevirtually.sdu.edu.tr\/wp-content\/uploads\/2024\/12\/WhatsApp-Image-2024-12-10-at-14.04.36-1-768x1024.jpeg\" alt=\"\" class=\"wp-image-474\"\/><\/figure>\n\n\n\n<figure class=\"wp-block-image size-large\"><img decoding=\"async\" data-id=\"475\" src=\"https:\/\/managevirtually.sdu.edu.tr\/wp-content\/uploads\/2024\/12\/WhatsApp-Image-2024-12-10-at-14.04.35-1024x768.jpeg\" alt=\"\" class=\"wp-image-475\"\/><\/figure>\n\n\n\n<figure class=\"wp-block-image size-large\"><img decoding=\"async\" data-id=\"471\" src=\"https:\/\/managevirtually.sdu.edu.tr\/wp-content\/uploads\/2024\/12\/WhatsApp-Image-2024-12-10-at-14.04.35-1-768x1024.jpeg\" alt=\"\" class=\"wp-image-471\"\/><\/figure>\n\n\n\n<figure class=\"wp-block-image size-large\"><img decoding=\"async\" data-id=\"465\" src=\"https:\/\/managevirtually.sdu.edu.tr\/wp-content\/uploads\/2024\/12\/WhatsApp-Image-2024-12-10-at-14.04.32-768x1024.jpeg\" alt=\"\" class=\"wp-image-465\"\/><\/figure>\n\n\n\n<figure class=\"wp-block-image size-large\"><img decoding=\"async\" data-id=\"468\" src=\"https:\/\/managevirtually.sdu.edu.tr\/wp-content\/uploads\/2024\/12\/WhatsApp-Image-2024-12-10-at-14.04.33-768x1024.jpeg\" alt=\"\" class=\"wp-image-468\"\/><\/figure>\n\n\n\n<figure class=\"wp-block-image size-large\"><img decoding=\"async\" data-id=\"469\" src=\"https:\/\/managevirtually.sdu.edu.tr\/wp-content\/uploads\/2024\/12\/WhatsApp-Image-2024-12-10-at-14.04.34-1-768x1024.jpeg\" alt=\"\" class=\"wp-image-469\"\/><\/figure>\n\n\n\n<figure class=\"wp-block-image size-large\"><img decoding=\"async\" data-id=\"467\" src=\"https:\/\/managevirtually.sdu.edu.tr\/wp-content\/uploads\/2024\/12\/WhatsApp-Image-2024-12-10-at-14.04.33-1-768x1024.jpeg\" alt=\"\" class=\"wp-image-467\"\/><\/figure>\n\n\n\n<figure class=\"wp-block-image size-large\"><img decoding=\"async\" data-id=\"472\" src=\"https:\/\/managevirtually.sdu.edu.tr\/wp-content\/uploads\/2024\/12\/WhatsApp-Image-2024-12-10-at-14.04.34-768x1024.jpeg\" alt=\"\" class=\"wp-image-472\"\/><\/figure>\n\n\n\n<figure class=\"wp-block-image size-large\"><img decoding=\"async\" data-id=\"470\" src=\"https:\/\/managevirtually.sdu.edu.tr\/wp-content\/uploads\/2024\/12\/WhatsApp-Image-2024-12-10-at-14.04.34-2-768x1024.jpeg\" alt=\"\" class=\"wp-image-470\"\/><\/figure>\n\n\n\n<figure class=\"wp-block-image size-large\"><img decoding=\"async\" data-id=\"466\" src=\"https:\/\/managevirtually.sdu.edu.tr\/wp-content\/uploads\/2024\/12\/WhatsApp-Image-2024-12-10-at-14.04.33-2-768x1024.jpeg\" alt=\"\" class=\"wp-image-466\"\/><\/figure>\n\n\n\n<figure class=\"wp-block-image size-large\"><img decoding=\"async\" data-id=\"464\" src=\"https:\/\/managevirtually.sdu.edu.tr\/wp-content\/uploads\/2024\/12\/WhatsApp-Image-2024-12-10-at-14.04.32-2-768x1024.jpeg\" alt=\"\" class=\"wp-image-464\"\/><\/figure>\n\n\n\n<figure class=\"wp-block-image size-large\"><img decoding=\"async\" data-id=\"463\" src=\"https:\/\/managevirtually.sdu.edu.tr\/wp-content\/uploads\/2024\/12\/WhatsApp-Image-2024-12-10-at-14.04.32-1-768x1024.jpeg\" alt=\"\" class=\"wp-image-463\"\/><\/figure>\n<\/figure>\n\n\n\n<figure class=\"wp-block-gallery has-nested-images columns-2 is-cropped wp-block-gallery-2 is-layout-flex wp-block-gallery-is-layout-flex\">\n<figure class=\"wp-block-image size-large\"><img decoding=\"async\" data-id=\"476\" src=\"https:\/\/managevirtually.sdu.edu.tr\/wp-content\/uploads\/2024\/12\/WhatsApp-Image-2024-12-10-at-14.04.36-2-1024x768.jpeg\" alt=\"\" class=\"wp-image-476\"\/><\/figure>\n\n\n\n<figure class=\"wp-block-image size-large\"><img decoding=\"async\" data-id=\"462\" src=\"https:\/\/managevirtually.sdu.edu.tr\/wp-content\/uploads\/2024\/12\/WhatsApp-Image-2024-12-10-at-14.04.26-1-1024x577.jpeg\" alt=\"\" class=\"wp-image-462\"\/><\/figure>\n\n\n\n<figure class=\"wp-block-image size-large\"><img decoding=\"async\" data-id=\"461\" src=\"https:\/\/managevirtually.sdu.edu.tr\/wp-content\/uploads\/2024\/12\/WhatsApp-Image-2024-12-10-at-14.04.25-1024x768.jpeg\" alt=\"\" class=\"wp-image-461\"\/><\/figure>\n\n\n\n<figure class=\"wp-block-image size-large\"><img decoding=\"async\" data-id=\"459\" src=\"https:\/\/managevirtually.sdu.edu.tr\/wp-content\/uploads\/2024\/12\/WhatsApp-Image-2024-12-10-at-14.04.26-1024x577.jpeg\" alt=\"\" class=\"wp-image-459\"\/><\/figure>\n\n\n\n<figure class=\"wp-block-image size-large\"><img decoding=\"async\" data-id=\"458\" src=\"https:\/\/managevirtually.sdu.edu.tr\/wp-content\/uploads\/2024\/12\/WhatsApp-Image-2024-12-10-at-14.04.26-2-1024x768.jpeg\" alt=\"\" class=\"wp-image-458\"\/><\/figure>\n\n\n\n<figure class=\"wp-block-image size-large\"><img decoding=\"async\" data-id=\"460\" src=\"https:\/\/managevirtually.sdu.edu.tr\/wp-content\/uploads\/2024\/12\/WhatsApp-Image-2024-12-10-at-14.04.23-1024x768.jpeg\" alt=\"\" class=\"wp-image-460\"\/><\/figure>\n\n\n\n<figure class=\"wp-block-image size-large\"><img decoding=\"async\" data-id=\"457\" src=\"https:\/\/managevirtually.sdu.edu.tr\/wp-content\/uploads\/2024\/12\/WhatsApp-Image-2024-12-10-at-14.04.20-768x1024.jpeg\" alt=\"\" class=\"wp-image-457\"\/><\/figure>\n<\/figure>\n","protected":false},"excerpt":{"rendered":"<p>Il 2\u00b0 TPM del progetto \u201cManagement in a Virtual World\u201d si \u00e8 svolto il 4-5 dicembre 2024 a Bucarest, Romania. L&#8217;incontro \u00e8 stato ospitato dall&#8217;Universit\u00e0 degli Studi Economici di Bucarest (BUES). Hanno partecipato tutti i partner provenienti da Romania, Italia, Portogallo, Polonia e Turchia. Durante il primo giorno dell&#8217;incontro sono stati esaminati i verbali del [&hellip;]<\/p>\n","protected":false},"author":1,"featured_media":0,"parent":0,"menu_order":0,"comment_status":"closed","ping_status":"closed","template":"","meta":{"footnotes":""},"class_list":["post-457","page","type-page","status-publish","hentry"],"_links":{"self":[{"href":"https:\/\/managevirtually.sdu.edu.tr\/it\/wp-json\/wp\/v2\/pages\/457"}],"collection":[{"href":"https:\/\/managevirtually.sdu.edu.tr\/it\/wp-json\/wp\/v2\/pages"}],"about":[{"href":"https:\/\/managevirtually.sdu.edu.tr\/it\/wp-json\/wp\/v2\/types\/page"}],"author":[{"embeddable":true,"href":"https:\/\/managevirtually.sdu.edu.tr\/it\/wp-json\/wp\/v2\/users\/1"}],"replies":[{"embeddable":true,"href":"https:\/\/managevirtually.sdu.edu.tr\/it\/wp-json\/wp\/v2\/comments?post=457"}],"version-history":[{"count":2,"href":"https:\/\/managevirtually.sdu.edu.tr\/it\/wp-json\/wp\/v2\/pages\/457\/revisions"}],"predecessor-version":[{"id":511,"href":"https:\/\/managevirtually.sdu.edu.tr\/it\/wp-json\/wp\/v2\/pages\/457\/revisions\/511"}],"wp:attachment":[{"href":"https:\/\/managevirtually.sdu.edu.tr\/it\/wp-json\/wp\/v2\/media?parent=457"}],"curies":[{"name":"wp","href":"https:\/\/api.w.org\/{rel}","templated":true}]}}