{"id":448,"date":"2024-10-31T14:30:33","date_gmt":"2024-10-31T11:30:33","guid":{"rendered":"https:\/\/managevirtually.sdu.edu.tr\/en\/?page_id=448"},"modified":"2025-02-07T12:13:28","modified_gmt":"2025-02-07T09:13:28","slug":"tpm1","status":"publish","type":"page","link":"https:\/\/managevirtually.sdu.edu.tr\/it\/tpm1\/","title":{"rendered":"Incontri di Progetto \/ 1. Transnational Project Meeting"},"content":{"rendered":"\n<p>Il primo incontro transnazionale (TPM) del progetto &#8220;Management in a Virtual World&#8221; si \u00e8 svolto il 22 e 23 ottobre 2024 a Benevento, ospitato dal partner italiano, l&#8217;Universit\u00e0 del Sannio. Tutti i partner di Turchia, Italia, Polonia, Portogallo e Romania hanno partecipato all&#8217;incontro.<\/p>\n\n\n\n<p>Durante il primo giorno, si \u00e8 proceduto alla revisione del verbale del Kick-Off Meeting e alla condivisione delle attivit\u00e0 concluse. \u00c8 stata esaminata la versione pi\u00f9 recente del sito web del progetto e rivisti gli scenari.<\/p>\n\n\n\n<p>Nel secondo giorno, si \u00e8 discusso della simulazione e si \u00e8 deciso il curriculum. Sono state definite le date per il secondo TPM, che sar\u00e0 ospitato in Romania. L&#8217;incontro si \u00e8 concluso con la distribuzione dei compiti che ogni partner dovr\u00e0 portare a termine.<\/p>\n\n\n\n<figure class=\"wp-block-image size-large\"><img loading=\"lazy\" decoding=\"async\" width=\"1024\" height=\"768\" src=\"https:\/\/managevirtually.sdu.edu.tr\/it\/wp-content\/uploads\/sites\/5\/2024\/10\/TPM1_Image-6-1024x768.jpeg\" alt=\"\" class=\"wp-image-454\" srcset=\"https:\/\/managevirtually.sdu.edu.tr\/it\/wp-content\/uploads\/sites\/5\/2024\/10\/TPM1_Image-6-1024x768.jpeg 1024w, https:\/\/managevirtually.sdu.edu.tr\/it\/wp-content\/uploads\/sites\/5\/2024\/10\/TPM1_Image-6-300x225.jpeg 300w, https:\/\/managevirtually.sdu.edu.tr\/it\/wp-content\/uploads\/sites\/5\/2024\/10\/TPM1_Image-6-768x576.jpeg 768w, https:\/\/managevirtually.sdu.edu.tr\/it\/wp-content\/uploads\/sites\/5\/2024\/10\/TPM1_Image-6-1536x1152.jpeg 1536w, https:\/\/managevirtually.sdu.edu.tr\/it\/wp-content\/uploads\/sites\/5\/2024\/10\/TPM1_Image-6.jpeg 1600w\" sizes=\"(max-width: 1024px) 100vw, 1024px\" \/><\/figure>\n\n\n\n<figure class=\"wp-block-gallery has-nested-images columns-default is-cropped wp-block-gallery-1 is-layout-flex wp-block-gallery-is-layout-flex\">\n<figure class=\"wp-block-image size-large\"><img decoding=\"async\" data-id=\"432\" src=\"https:\/\/managevirtually.sdu.edu.tr\/wp-content\/uploads\/2024\/10\/TPM1_Image-1-1-768x1024.jpeg\" alt=\"\" class=\"wp-image-432\"\/><\/figure>\n\n\n\n<figure class=\"wp-block-image size-large\"><img decoding=\"async\" data-id=\"434\" src=\"https:\/\/managevirtually.sdu.edu.tr\/wp-content\/uploads\/2024\/10\/TPM1_Image-2-1-768x1024.jpeg\" alt=\"\" class=\"wp-image-434\"\/><\/figure>\n\n\n\n<figure class=\"wp-block-image size-large\"><img decoding=\"async\" data-id=\"433\" src=\"https:\/\/managevirtually.sdu.edu.tr\/wp-content\/uploads\/2024\/10\/TPM1_Image-3-1-768x1024.jpeg\" alt=\"\" class=\"wp-image-433\"\/><\/figure>\n\n\n\n<figure class=\"wp-block-image size-large\"><img decoding=\"async\" data-id=\"436\" src=\"https:\/\/managevirtually.sdu.edu.tr\/wp-content\/uploads\/2024\/10\/TPM1_Image-4-1-768x1024.jpeg\" alt=\"\" class=\"wp-image-436\"\/><\/figure>\n\n\n\n<figure class=\"wp-block-image size-large\"><img decoding=\"async\" data-id=\"437\" src=\"https:\/\/managevirtually.sdu.edu.tr\/wp-content\/uploads\/2024\/10\/TPM1_Image-5-1-1024x768.jpeg\" alt=\"\" class=\"wp-image-437\"\/><\/figure>\n\n\n\n<figure class=\"wp-block-image size-large\"><img decoding=\"async\" data-id=\"438\" src=\"https:\/\/managevirtually.sdu.edu.tr\/wp-content\/uploads\/2024\/10\/TPM1_Image-7-1-768x1024.jpeg\" alt=\"\" class=\"wp-image-438\"\/><\/figure>\n\n\n\n<figure class=\"wp-block-image size-large\"><img decoding=\"async\" data-id=\"439\" src=\"https:\/\/managevirtually.sdu.edu.tr\/wp-content\/uploads\/2024\/10\/TPM1_Image-8-1-1024x768.jpeg\" alt=\"\" class=\"wp-image-439\"\/><\/figure>\n\n\n\n<figure class=\"wp-block-image size-large\"><img decoding=\"async\" data-id=\"440\" src=\"https:\/\/managevirtually.sdu.edu.tr\/wp-content\/uploads\/2024\/10\/TPM1_Image-9-1-1024x768.jpeg\" alt=\"\" class=\"wp-image-440\"\/><\/figure>\n\n\n\n<figure class=\"wp-block-image size-large\"><img decoding=\"async\" data-id=\"441\" src=\"https:\/\/managevirtually.sdu.edu.tr\/wp-content\/uploads\/2024\/10\/TPM1_Image-10-1-768x1024.jpeg\" alt=\"\" class=\"wp-image-441\"\/><\/figure>\n\n\n\n<figure class=\"wp-block-image size-large\"><img decoding=\"async\" data-id=\"442\" src=\"https:\/\/managevirtually.sdu.edu.tr\/wp-content\/uploads\/2024\/10\/TPM1_Image-11-1-768x1024.jpeg\" alt=\"\" class=\"wp-image-442\"\/><\/figure>\n\n\n\n<figure class=\"wp-block-image size-large\"><img decoding=\"async\" data-id=\"443\" src=\"https:\/\/managevirtually.sdu.edu.tr\/wp-content\/uploads\/2024\/10\/TPM1_Image-12-1-768x1024.jpeg\" alt=\"\" class=\"wp-image-443\"\/><\/figure>\n\n\n\n<figure class=\"wp-block-image size-large\"><img decoding=\"async\" data-id=\"445\" src=\"https:\/\/managevirtually.sdu.edu.tr\/wp-content\/uploads\/2024\/10\/TPM1_Image-14-1-768x1024.jpeg\" alt=\"\" class=\"wp-image-445\"\/><\/figure>\n\n\n\n<figure class=\"wp-block-image size-large\"><img decoding=\"async\" data-id=\"446\" src=\"https:\/\/managevirtually.sdu.edu.tr\/wp-content\/uploads\/2024\/10\/TPM1_Image-15-1-768x1024.jpeg\" alt=\"\" class=\"wp-image-446\"\/><\/figure>\n\n\n\n<figure class=\"wp-block-image size-large\"><img decoding=\"async\" data-id=\"447\" src=\"https:\/\/managevirtually.sdu.edu.tr\/wp-content\/uploads\/2024\/10\/TPM1_Image-16-1-768x1024.jpeg\" alt=\"\" class=\"wp-image-447\"\/><\/figure>\n\n\n\n<figure class=\"wp-block-image size-large\"><img decoding=\"async\" data-id=\"448\" src=\"https:\/\/managevirtually.sdu.edu.tr\/wp-content\/uploads\/2024\/10\/TPM1_Image-17-1-768x1024.jpeg\" alt=\"\" class=\"wp-image-448\"\/><\/figure>\n<\/figure>\n\n\n\n<figure class=\"wp-block-image size-large\"><img loading=\"lazy\" decoding=\"async\" width=\"1024\" height=\"768\" src=\"https:\/\/managevirtually.sdu.edu.tr\/it\/wp-content\/uploads\/sites\/5\/2024\/10\/TPM1_Image-13-1-1024x768.jpeg\" alt=\"\" class=\"wp-image-453\" srcset=\"https:\/\/managevirtually.sdu.edu.tr\/it\/wp-content\/uploads\/sites\/5\/2024\/10\/TPM1_Image-13-1-1024x768.jpeg 1024w, https:\/\/managevirtually.sdu.edu.tr\/it\/wp-content\/uploads\/sites\/5\/2024\/10\/TPM1_Image-13-1-300x225.jpeg 300w, https:\/\/managevirtually.sdu.edu.tr\/it\/wp-content\/uploads\/sites\/5\/2024\/10\/TPM1_Image-13-1-768x576.jpeg 768w, https:\/\/managevirtually.sdu.edu.tr\/it\/wp-content\/uploads\/sites\/5\/2024\/10\/TPM1_Image-13-1-1536x1152.jpeg 1536w, https:\/\/managevirtually.sdu.edu.tr\/it\/wp-content\/uploads\/sites\/5\/2024\/10\/TPM1_Image-13-1.jpeg 1600w\" sizes=\"(max-width: 1024px) 100vw, 1024px\" \/><\/figure>\n","protected":false},"excerpt":{"rendered":"<p>Il primo incontro transnazionale (TPM) del progetto &#8220;Management in a Virtual World&#8221; si \u00e8 svolto il 22 e 23 ottobre 2024 a Benevento, ospitato dal partner italiano, l&#8217;Universit\u00e0 del Sannio. Tutti i partner di Turchia, Italia, Polonia, Portogallo e Romania hanno partecipato all&#8217;incontro. Durante il primo giorno, si \u00e8 proceduto alla revisione del verbale del [&hellip;]<\/p>\n","protected":false},"author":1,"featured_media":0,"parent":0,"menu_order":0,"comment_status":"closed","ping_status":"closed","template":"","meta":{"footnotes":""},"class_list":["post-448","page","type-page","status-publish","hentry"],"_links":{"self":[{"href":"https:\/\/managevirtually.sdu.edu.tr\/it\/wp-json\/wp\/v2\/pages\/448"}],"collection":[{"href":"https:\/\/managevirtually.sdu.edu.tr\/it\/wp-json\/wp\/v2\/pages"}],"about":[{"href":"https:\/\/managevirtually.sdu.edu.tr\/it\/wp-json\/wp\/v2\/types\/page"}],"author":[{"embeddable":true,"href":"https:\/\/managevirtually.sdu.edu.tr\/it\/wp-json\/wp\/v2\/users\/1"}],"replies":[{"embeddable":true,"href":"https:\/\/managevirtually.sdu.edu.tr\/it\/wp-json\/wp\/v2\/comments?post=448"}],"version-history":[{"count":2,"href":"https:\/\/managevirtually.sdu.edu.tr\/it\/wp-json\/wp\/v2\/pages\/448\/revisions"}],"predecessor-version":[{"id":512,"href":"https:\/\/managevirtually.sdu.edu.tr\/it\/wp-json\/wp\/v2\/pages\/448\/revisions\/512"}],"wp:attachment":[{"href":"https:\/\/managevirtually.sdu.edu.tr\/it\/wp-json\/wp\/v2\/media?parent=448"}],"curies":[{"name":"wp","href":"https:\/\/api.w.org\/{rel}","templated":true}]}}