{"id":359,"date":"2024-10-16T16:52:16","date_gmt":"2024-10-16T16:52:16","guid":{"rendered":"https:\/\/managevirtually.sdu.edu.tr\/?page_id=359"},"modified":"2025-01-15T20:27:13","modified_gmt":"2025-01-15T17:27:13","slug":"ro-person5","status":"publish","type":"page","link":"https:\/\/managevirtually.sdu.edu.tr\/it\/ro-person5\/","title":{"rendered":"Dott.ssa Teodora Monica Fulga"},"content":{"rendered":"\n<figure class=\"wp-block-image aligncenter size-full\"><img loading=\"lazy\" decoding=\"async\" width=\"223\" height=\"297\" src=\"https:\/\/managevirtually.sdu.edu.tr\/it\/wp-content\/uploads\/sites\/5\/2024\/10\/image-25.png\" alt=\"\" class=\"wp-image-360\"\/><\/figure>\n\n\n\n<p>Teodora Monica Fulga \u00e8 responsabile dell\u2019Ufficio Erasmus+ della Bucharest University of Economic Studies. \u00c8 esperta nella gestione di progetti Erasmus+ e collabora con universit\u00e0 in Europa, Asia, Nord e Sud America, coordinando mobilit\u00e0 in entrata e in uscita. Ha anche insegnato corsi come Istituzioni e Politiche Europee e Governance Moderna nell&#8217;UE.<\/p>\n","protected":false},"excerpt":{"rendered":"<p>Teodora Monica Fulga \u00e8 responsabile dell\u2019Ufficio Erasmus+ della Bucharest University of Economic Studies. \u00c8 esperta nella gestione di progetti Erasmus+ e collabora con universit\u00e0 in Europa, Asia, Nord e Sud America, coordinando mobilit\u00e0 in entrata e in uscita. Ha anche insegnato corsi come Istituzioni e Politiche Europee e Governance Moderna nell&#8217;UE.<\/p>\n","protected":false},"author":1,"featured_media":0,"parent":0,"menu_order":0,"comment_status":"closed","ping_status":"closed","template":"","meta":{"footnotes":""},"class_list":["post-359","page","type-page","status-publish","hentry"],"_links":{"self":[{"href":"https:\/\/managevirtually.sdu.edu.tr\/it\/wp-json\/wp\/v2\/pages\/359"}],"collection":[{"href":"https:\/\/managevirtually.sdu.edu.tr\/it\/wp-json\/wp\/v2\/pages"}],"about":[{"href":"https:\/\/managevirtually.sdu.edu.tr\/it\/wp-json\/wp\/v2\/types\/page"}],"author":[{"embeddable":true,"href":"https:\/\/managevirtually.sdu.edu.tr\/it\/wp-json\/wp\/v2\/users\/1"}],"replies":[{"embeddable":true,"href":"https:\/\/managevirtually.sdu.edu.tr\/it\/wp-json\/wp\/v2\/comments?post=359"}],"version-history":[{"count":2,"href":"https:\/\/managevirtually.sdu.edu.tr\/it\/wp-json\/wp\/v2\/pages\/359\/revisions"}],"predecessor-version":[{"id":479,"href":"https:\/\/managevirtually.sdu.edu.tr\/it\/wp-json\/wp\/v2\/pages\/359\/revisions\/479"}],"wp:attachment":[{"href":"https:\/\/managevirtually.sdu.edu.tr\/it\/wp-json\/wp\/v2\/media?parent=359"}],"curies":[{"name":"wp","href":"https:\/\/api.w.org\/{rel}","templated":true}]}}