{"id":353,"date":"2024-10-16T16:50:51","date_gmt":"2024-10-16T16:50:51","guid":{"rendered":"https:\/\/managevirtually.sdu.edu.tr\/?page_id=353"},"modified":"2025-01-15T20:25:16","modified_gmt":"2025-01-15T17:25:16","slug":"ro-person3","status":"publish","type":"page","link":"https:\/\/managevirtually.sdu.edu.tr\/it\/ro-person3\/","title":{"rendered":"Prof. Ionel JIANU"},"content":{"rendered":"\n<figure class=\"wp-block-image aligncenter size-full\"><img loading=\"lazy\" decoding=\"async\" width=\"255\" height=\"337\" src=\"https:\/\/managevirtually.sdu.edu.tr\/it\/wp-content\/uploads\/sites\/5\/2024\/10\/image-23.png\" alt=\"\" class=\"wp-image-354\" srcset=\"https:\/\/managevirtually.sdu.edu.tr\/it\/wp-content\/uploads\/sites\/5\/2024\/10\/image-23.png 255w, https:\/\/managevirtually.sdu.edu.tr\/it\/wp-content\/uploads\/sites\/5\/2024\/10\/image-23-227x300.png 227w\" sizes=\"(max-width: 255px) 100vw, 255px\" \/><\/figure>\n\n\n\n<p>Ionel Jianu \u00e8 Professore Ordinario in Contabilit\u00e0 presso la Bucharest University of Economic Studies. Dal 2019 \u00e8 Coordinatore del Dottorato in Contabilit\u00e0 e Revisione. \u00c8 stato in precedenza Consulente di Gestione Finanziaria per il Rettorato della ASE. Insegna corsi come Contabilit\u00e0, Contabilit\u00e0 Gestionale, Contabilit\u00e0 Finanziaria e Revisione Finanziaria. \u00c8 membro di associazioni come AFC, IAAER ed EAA.<\/p>\n","protected":false},"excerpt":{"rendered":"<p>Ionel Jianu \u00e8 Professore Ordinario in Contabilit\u00e0 presso la Bucharest University of Economic Studies. Dal 2019 \u00e8 Coordinatore del Dottorato in Contabilit\u00e0 e Revisione. \u00c8 stato in precedenza Consulente di Gestione Finanziaria per il Rettorato della ASE. Insegna corsi come Contabilit\u00e0, Contabilit\u00e0 Gestionale, Contabilit\u00e0 Finanziaria e Revisione Finanziaria. \u00c8 membro di associazioni come AFC, IAAER [&hellip;]<\/p>\n","protected":false},"author":1,"featured_media":0,"parent":0,"menu_order":0,"comment_status":"closed","ping_status":"closed","template":"","meta":{"footnotes":""},"class_list":["post-353","page","type-page","status-publish","hentry"],"_links":{"self":[{"href":"https:\/\/managevirtually.sdu.edu.tr\/it\/wp-json\/wp\/v2\/pages\/353"}],"collection":[{"href":"https:\/\/managevirtually.sdu.edu.tr\/it\/wp-json\/wp\/v2\/pages"}],"about":[{"href":"https:\/\/managevirtually.sdu.edu.tr\/it\/wp-json\/wp\/v2\/types\/page"}],"author":[{"embeddable":true,"href":"https:\/\/managevirtually.sdu.edu.tr\/it\/wp-json\/wp\/v2\/users\/1"}],"replies":[{"embeddable":true,"href":"https:\/\/managevirtually.sdu.edu.tr\/it\/wp-json\/wp\/v2\/comments?post=353"}],"version-history":[{"count":1,"href":"https:\/\/managevirtually.sdu.edu.tr\/it\/wp-json\/wp\/v2\/pages\/353\/revisions"}],"predecessor-version":[{"id":476,"href":"https:\/\/managevirtually.sdu.edu.tr\/it\/wp-json\/wp\/v2\/pages\/353\/revisions\/476"}],"wp:attachment":[{"href":"https:\/\/managevirtually.sdu.edu.tr\/it\/wp-json\/wp\/v2\/media?parent=353"}],"curies":[{"name":"wp","href":"https:\/\/api.w.org\/{rel}","templated":true}]}}