{"id":350,"date":"2024-10-16T16:50:15","date_gmt":"2024-10-16T16:50:15","guid":{"rendered":"https:\/\/managevirtually.sdu.edu.tr\/?page_id=350"},"modified":"2025-01-15T20:24:54","modified_gmt":"2025-01-15T17:24:54","slug":"ro-person2","status":"publish","type":"page","link":"https:\/\/managevirtually.sdu.edu.tr\/it\/ro-person2\/","title":{"rendered":"Prof. Iulia JIANU"},"content":{"rendered":"\n<figure class=\"wp-block-image aligncenter size-full\"><img loading=\"lazy\" decoding=\"async\" width=\"244\" height=\"309\" src=\"https:\/\/managevirtually.sdu.edu.tr\/it\/wp-content\/uploads\/sites\/5\/2024\/10\/image-22.png\" alt=\"\" class=\"wp-image-351\" srcset=\"https:\/\/managevirtually.sdu.edu.tr\/it\/wp-content\/uploads\/sites\/5\/2024\/10\/image-22.png 244w, https:\/\/managevirtually.sdu.edu.tr\/it\/wp-content\/uploads\/sites\/5\/2024\/10\/image-22-237x300.png 237w\" sizes=\"(max-width: 244px) 100vw, 244px\" \/><\/figure>\n\n\n\n<p>Iulia Jianu \u00e8 Professore Ordinario in Contabilit\u00e0 presso la Facolt\u00e0 di Contabilit\u00e0 e Sistemi Informativi di Gestione (CIG) della Bucharest University of Economic Studies. Dal 2020 \u00e8 Professore Associato presso l\u2019Istituto Internazionale di Management del Conservatoire National des Arts et M\u00e9tiers di Parigi (CNAM), Francia. \u00c8 Coordinatrice di Dottorato presso il Dipartimento di Contabilit\u00e0 e Revisione della ASE dal 2018. \u00c8 membro di diverse associazioni professionali, tra cui l&#8217;Acad\u00e9mie des \u00c9tudes et Techniques Comptable et Financi\u00e8re (AETCF), l&#8217;Associazione Francofona di Contabilit\u00e0 (AFC) e l&#8217;Associazione Europea di Contabilit\u00e0 (EAA).<\/p>\n","protected":false},"excerpt":{"rendered":"<p>Iulia Jianu \u00e8 Professore Ordinario in Contabilit\u00e0 presso la Facolt\u00e0 di Contabilit\u00e0 e Sistemi Informativi di Gestione (CIG) della Bucharest University of Economic Studies. Dal 2020 \u00e8 Professore Associato presso l\u2019Istituto Internazionale di Management del Conservatoire National des Arts et M\u00e9tiers di Parigi (CNAM), Francia. \u00c8 Coordinatrice di Dottorato presso il Dipartimento di Contabilit\u00e0 e [&hellip;]<\/p>\n","protected":false},"author":1,"featured_media":0,"parent":0,"menu_order":0,"comment_status":"closed","ping_status":"closed","template":"","meta":{"footnotes":""},"class_list":["post-350","page","type-page","status-publish","hentry"],"_links":{"self":[{"href":"https:\/\/managevirtually.sdu.edu.tr\/it\/wp-json\/wp\/v2\/pages\/350"}],"collection":[{"href":"https:\/\/managevirtually.sdu.edu.tr\/it\/wp-json\/wp\/v2\/pages"}],"about":[{"href":"https:\/\/managevirtually.sdu.edu.tr\/it\/wp-json\/wp\/v2\/types\/page"}],"author":[{"embeddable":true,"href":"https:\/\/managevirtually.sdu.edu.tr\/it\/wp-json\/wp\/v2\/users\/1"}],"replies":[{"embeddable":true,"href":"https:\/\/managevirtually.sdu.edu.tr\/it\/wp-json\/wp\/v2\/comments?post=350"}],"version-history":[{"count":1,"href":"https:\/\/managevirtually.sdu.edu.tr\/it\/wp-json\/wp\/v2\/pages\/350\/revisions"}],"predecessor-version":[{"id":475,"href":"https:\/\/managevirtually.sdu.edu.tr\/it\/wp-json\/wp\/v2\/pages\/350\/revisions\/475"}],"wp:attachment":[{"href":"https:\/\/managevirtually.sdu.edu.tr\/it\/wp-json\/wp\/v2\/media?parent=350"}],"curies":[{"name":"wp","href":"https:\/\/api.w.org\/{rel}","templated":true}]}}