{"id":343,"date":"2024-10-16T16:47:26","date_gmt":"2024-10-16T16:47:26","guid":{"rendered":"https:\/\/managevirtually.sdu.edu.tr\/?page_id=343"},"modified":"2025-01-15T20:34:52","modified_gmt":"2025-01-15T17:34:52","slug":"pl-person3","status":"publish","type":"page","link":"https:\/\/managevirtually.sdu.edu.tr\/it\/pl-person3\/","title":{"rendered":"Prof. Anna Maria LIS"},"content":{"rendered":"\n<figure class=\"wp-block-image aligncenter size-full\"><img loading=\"lazy\" decoding=\"async\" width=\"285\" height=\"428\" src=\"https:\/\/managevirtually.sdu.edu.tr\/it\/wp-content\/uploads\/sites\/5\/2024\/10\/image-20.png\" alt=\"\" class=\"wp-image-344\" srcset=\"https:\/\/managevirtually.sdu.edu.tr\/it\/wp-content\/uploads\/sites\/5\/2024\/10\/image-20.png 285w, https:\/\/managevirtually.sdu.edu.tr\/it\/wp-content\/uploads\/sites\/5\/2024\/10\/image-20-200x300.png 200w\" sizes=\"(max-width: 285px) 100vw, 285px\" \/><\/figure>\n\n\n\n<p>Anna Maria Lis \u00e8 Professoressa presso la Gda\u0144sk University of Technology, docente e ricercatrice in Innovazione, Sviluppo di Nuovi Prodotti e Gestione Ambientale. \u00c8 co-editrice del <em>Journal of Entrepreneurship, Management and Innovation (JEMI)<\/em> e ha partecipato a 10 progetti di ricerca internazionali, tra cui Horizon 2020 ed Erasmus. Ha pubblicato oltre 70 lavori, tra cui capitoli in volumi di Routledge. Ha inoltre collaborato con universit\u00e0 estere e istituzioni di formazione e consulenza.<\/p>\n","protected":false},"excerpt":{"rendered":"<p>Anna Maria Lis \u00e8 Professoressa presso la Gda\u0144sk University of Technology, docente e ricercatrice in Innovazione, Sviluppo di Nuovi Prodotti e Gestione Ambientale. \u00c8 co-editrice del Journal of Entrepreneurship, Management and Innovation (JEMI) e ha partecipato a 10 progetti di ricerca internazionali, tra cui Horizon 2020 ed Erasmus. Ha pubblicato oltre 70 lavori, tra cui [&hellip;]<\/p>\n","protected":false},"author":1,"featured_media":0,"parent":0,"menu_order":0,"comment_status":"closed","ping_status":"closed","template":"","meta":{"footnotes":""},"class_list":["post-343","page","type-page","status-publish","hentry"],"_links":{"self":[{"href":"https:\/\/managevirtually.sdu.edu.tr\/it\/wp-json\/wp\/v2\/pages\/343"}],"collection":[{"href":"https:\/\/managevirtually.sdu.edu.tr\/it\/wp-json\/wp\/v2\/pages"}],"about":[{"href":"https:\/\/managevirtually.sdu.edu.tr\/it\/wp-json\/wp\/v2\/types\/page"}],"author":[{"embeddable":true,"href":"https:\/\/managevirtually.sdu.edu.tr\/it\/wp-json\/wp\/v2\/users\/1"}],"replies":[{"embeddable":true,"href":"https:\/\/managevirtually.sdu.edu.tr\/it\/wp-json\/wp\/v2\/comments?post=343"}],"version-history":[{"count":1,"href":"https:\/\/managevirtually.sdu.edu.tr\/it\/wp-json\/wp\/v2\/pages\/343\/revisions"}],"predecessor-version":[{"id":483,"href":"https:\/\/managevirtually.sdu.edu.tr\/it\/wp-json\/wp\/v2\/pages\/343\/revisions\/483"}],"wp:attachment":[{"href":"https:\/\/managevirtually.sdu.edu.tr\/it\/wp-json\/wp\/v2\/media?parent=343"}],"curies":[{"name":"wp","href":"https:\/\/api.w.org\/{rel}","templated":true}]}}