{"id":340,"date":"2024-10-16T16:46:51","date_gmt":"2024-10-16T16:46:51","guid":{"rendered":"https:\/\/managevirtually.sdu.edu.tr\/?page_id=340"},"modified":"2025-01-15T20:33:44","modified_gmt":"2025-01-15T17:33:44","slug":"pl-person2","status":"publish","type":"page","link":"https:\/\/managevirtually.sdu.edu.tr\/it\/pl-person2\/","title":{"rendered":"Assistant Professor Anna Maria TRZASKOWSKA"},"content":{"rendered":"\n<figure class=\"wp-block-image aligncenter size-full\"><img loading=\"lazy\" decoding=\"async\" width=\"340\" height=\"337\" src=\"https:\/\/managevirtually.sdu.edu.tr\/it\/wp-content\/uploads\/sites\/5\/2024\/10\/image-19.png\" alt=\"\" class=\"wp-image-341\" srcset=\"https:\/\/managevirtually.sdu.edu.tr\/it\/wp-content\/uploads\/sites\/5\/2024\/10\/image-19.png 340w, https:\/\/managevirtually.sdu.edu.tr\/it\/wp-content\/uploads\/sites\/5\/2024\/10\/image-19-300x297.png 300w, https:\/\/managevirtually.sdu.edu.tr\/it\/wp-content\/uploads\/sites\/5\/2024\/10\/image-19-150x150.png 150w\" sizes=\"(max-width: 340px) 100vw, 340px\" \/><\/figure>\n\n\n\n<p>Anna Maria Trzaskowska \u00e8 Assistant Professor presso il Dipartimento di Informatica Gestionale. Ha conseguito un master in Sistemi di Management e un dottorato in Scienze Manageriali presso l&#8217;Universit\u00e0 Tecnica di Poznan. I suoi interessi scientifici includono metodi agili, gestione lean, qualit\u00e0 nell&#8217;istruzione superiore e analisi dei dati, come Business Intelligence e database. \u00c8 Project Manager per il progetto Erasmus+ DEMS, che mira a ridurre il divario di competenze nel marketing digitale per le PMI.<\/p>\n","protected":false},"excerpt":{"rendered":"<p>Anna Maria Trzaskowska \u00e8 Assistant Professor presso il Dipartimento di Informatica Gestionale. Ha conseguito un master in Sistemi di Management e un dottorato in Scienze Manageriali presso l&#8217;Universit\u00e0 Tecnica di Poznan. I suoi interessi scientifici includono metodi agili, gestione lean, qualit\u00e0 nell&#8217;istruzione superiore e analisi dei dati, come Business Intelligence e database. \u00c8 Project Manager [&hellip;]<\/p>\n","protected":false},"author":1,"featured_media":0,"parent":0,"menu_order":0,"comment_status":"closed","ping_status":"closed","template":"","meta":{"footnotes":""},"class_list":["post-340","page","type-page","status-publish","hentry"],"_links":{"self":[{"href":"https:\/\/managevirtually.sdu.edu.tr\/it\/wp-json\/wp\/v2\/pages\/340"}],"collection":[{"href":"https:\/\/managevirtually.sdu.edu.tr\/it\/wp-json\/wp\/v2\/pages"}],"about":[{"href":"https:\/\/managevirtually.sdu.edu.tr\/it\/wp-json\/wp\/v2\/types\/page"}],"author":[{"embeddable":true,"href":"https:\/\/managevirtually.sdu.edu.tr\/it\/wp-json\/wp\/v2\/users\/1"}],"replies":[{"embeddable":true,"href":"https:\/\/managevirtually.sdu.edu.tr\/it\/wp-json\/wp\/v2\/comments?post=340"}],"version-history":[{"count":1,"href":"https:\/\/managevirtually.sdu.edu.tr\/it\/wp-json\/wp\/v2\/pages\/340\/revisions"}],"predecessor-version":[{"id":482,"href":"https:\/\/managevirtually.sdu.edu.tr\/it\/wp-json\/wp\/v2\/pages\/340\/revisions\/482"}],"wp:attachment":[{"href":"https:\/\/managevirtually.sdu.edu.tr\/it\/wp-json\/wp\/v2\/media?parent=340"}],"curies":[{"name":"wp","href":"https:\/\/api.w.org\/{rel}","templated":true}]}}