{"id":337,"date":"2024-10-16T16:46:06","date_gmt":"2024-10-16T16:46:06","guid":{"rendered":"https:\/\/managevirtually.sdu.edu.tr\/?page_id=337"},"modified":"2025-01-15T20:33:16","modified_gmt":"2025-01-15T17:33:16","slug":"pl-person1","status":"publish","type":"page","link":"https:\/\/managevirtually.sdu.edu.tr\/it\/pl-person1\/","title":{"rendered":"Assistant Professor Ewa MARJA\u0143SKA"},"content":{"rendered":"\n<figure class=\"wp-block-image aligncenter size-full\"><img loading=\"lazy\" decoding=\"async\" width=\"249\" height=\"373\" src=\"https:\/\/managevirtually.sdu.edu.tr\/it\/wp-content\/uploads\/sites\/5\/2024\/10\/image-18.png\" alt=\"\" class=\"wp-image-338\" srcset=\"https:\/\/managevirtually.sdu.edu.tr\/it\/wp-content\/uploads\/sites\/5\/2024\/10\/image-18.png 249w, https:\/\/managevirtually.sdu.edu.tr\/it\/wp-content\/uploads\/sites\/5\/2024\/10\/image-18-200x300.png 200w\" sizes=\"(max-width: 249px) 100vw, 249px\" \/><\/figure>\n\n\n\n<p>Ewa Marja\u0144ska \u00e8 Assistant Professor presso la Facolt\u00e0 di Management ed Economia della Gda\u0144sk University of Technology. Ha conseguito il dottorato in Scienza delle Merci. I suoi interessi scientifici si concentrano principalmente sui metodi di misurazione quantitativa della qualit\u00e0, compresa l&#8217;analisi della qualit\u00e0 alimentare e i sistemi di gestione della qualit\u00e0, oltre che sulla qualit\u00e0 dell&#8217;istruzione superiore. \u00c8 autrice di articoli pubblicati su riviste internazionali e ha ottenuto un brevetto sulla misurazione dei parametri qualitativi di alcune bevande. Dal 2021 guida il progetto &#8220;Education for Quality Improvement Project&#8221; finanziato dai fondi EEA Grants.<\/p>\n","protected":false},"excerpt":{"rendered":"<p>Ewa Marja\u0144ska \u00e8 Assistant Professor presso la Facolt\u00e0 di Management ed Economia della Gda\u0144sk University of Technology. Ha conseguito il dottorato in Scienza delle Merci. I suoi interessi scientifici si concentrano principalmente sui metodi di misurazione quantitativa della qualit\u00e0, compresa l&#8217;analisi della qualit\u00e0 alimentare e i sistemi di gestione della qualit\u00e0, oltre che sulla qualit\u00e0 [&hellip;]<\/p>\n","protected":false},"author":1,"featured_media":0,"parent":0,"menu_order":0,"comment_status":"closed","ping_status":"closed","template":"","meta":{"footnotes":""},"class_list":["post-337","page","type-page","status-publish","hentry"],"_links":{"self":[{"href":"https:\/\/managevirtually.sdu.edu.tr\/it\/wp-json\/wp\/v2\/pages\/337"}],"collection":[{"href":"https:\/\/managevirtually.sdu.edu.tr\/it\/wp-json\/wp\/v2\/pages"}],"about":[{"href":"https:\/\/managevirtually.sdu.edu.tr\/it\/wp-json\/wp\/v2\/types\/page"}],"author":[{"embeddable":true,"href":"https:\/\/managevirtually.sdu.edu.tr\/it\/wp-json\/wp\/v2\/users\/1"}],"replies":[{"embeddable":true,"href":"https:\/\/managevirtually.sdu.edu.tr\/it\/wp-json\/wp\/v2\/comments?post=337"}],"version-history":[{"count":1,"href":"https:\/\/managevirtually.sdu.edu.tr\/it\/wp-json\/wp\/v2\/pages\/337\/revisions"}],"predecessor-version":[{"id":481,"href":"https:\/\/managevirtually.sdu.edu.tr\/it\/wp-json\/wp\/v2\/pages\/337\/revisions\/481"}],"wp:attachment":[{"href":"https:\/\/managevirtually.sdu.edu.tr\/it\/wp-json\/wp\/v2\/media?parent=337"}],"curies":[{"name":"wp","href":"https:\/\/api.w.org\/{rel}","templated":true}]}}