{"id":333,"date":"2024-10-16T16:41:39","date_gmt":"2024-10-16T16:41:39","guid":{"rendered":"https:\/\/managevirtually.sdu.edu.tr\/?page_id=333"},"modified":"2025-01-15T20:17:50","modified_gmt":"2025-01-15T17:17:50","slug":"it-person3","status":"publish","type":"page","link":"https:\/\/managevirtually.sdu.edu.tr\/it\/it-person3\/","title":{"rendered":"Prof. Francesco PEPE"},"content":{"rendered":"\n<figure class=\"wp-block-image aligncenter size-full\"><img loading=\"lazy\" decoding=\"async\" width=\"282\" height=\"372\" src=\"https:\/\/managevirtually.sdu.edu.tr\/it\/wp-content\/uploads\/sites\/5\/2024\/10\/image-17.png\" alt=\"\" class=\"wp-image-334\" srcset=\"https:\/\/managevirtually.sdu.edu.tr\/it\/wp-content\/uploads\/sites\/5\/2024\/10\/image-17.png 282w, https:\/\/managevirtually.sdu.edu.tr\/it\/wp-content\/uploads\/sites\/5\/2024\/10\/image-17-227x300.png 227w\" sizes=\"(max-width: 282px) 100vw, 282px\" \/><\/figure>\n\n\n\n<p>Francesco Pepe \u00e8 professore ordinario di Impianti Chimici presso il Dipartimento di Ingegneria dell&#8217;Universit\u00e0 del Sannio. Precedentemente \u00e8 stato professore associato presso la stessa universit\u00e0 e l&#8217;Universit\u00e0 di Bologna, nonch\u00e9 ricercatore presso l\u2019Universit\u00e0 della Campania Luigi Vanvitelli. Ha insegnato una variet\u00e0 di corsi di ingegneria chimica presso l\u2019Universit\u00e0 del Sannio, l\u2019Universit\u00e0 Federico II di Napoli, l\u2019Universit\u00e0 di Bologna e l\u2019Universit\u00e0 di Perugia.<\/p>\n\n\n\n<p>La sua attivit\u00e0 scientifica si \u00e8 concentrata principalmente sulla modellazione di processi reattivi e di trasferimento di massa nel contesto delle applicazioni ambientali dell\u2019ingegneria chimica, portando alla pubblicazione di oltre 100 articoli su riviste internazionali, citati pi\u00f9 di 2400 volte, con un H-index di 33. Coordina un gruppo di ricerca che vanta significative collaborazioni internazionali, tra cui l&#8217;Universit\u00e0 Normale di Zhejiang (Cina), la Teesside University (Regno Unito) e la Cranfield University (Regno Unito). Ha inoltre ricoperto il ruolo di visiting professor in numerose universit\u00e0 estere.<\/p>\n\n\n\n<p>Francesco Pepe \u00e8 attivo anche come consulente per enti pubblici, tra cui la Regione Campania, le Province di Benevento e Avellino e la Procura della Repubblica di Roma, nonch\u00e9 per diverse aziende private.<\/p>\n\n\n\n<p><\/p>\n\n\n\n<p><\/p>\n","protected":false},"excerpt":{"rendered":"<p>Francesco Pepe \u00e8 professore ordinario di Impianti Chimici presso il Dipartimento di Ingegneria dell&#8217;Universit\u00e0 del Sannio. Precedentemente \u00e8 stato professore associato presso la stessa universit\u00e0 e l&#8217;Universit\u00e0 di Bologna, nonch\u00e9 ricercatore presso l\u2019Universit\u00e0 della Campania Luigi Vanvitelli. Ha insegnato una variet\u00e0 di corsi di ingegneria chimica presso l\u2019Universit\u00e0 del Sannio, l\u2019Universit\u00e0 Federico II di Napoli, [&hellip;]<\/p>\n","protected":false},"author":1,"featured_media":0,"parent":0,"menu_order":0,"comment_status":"closed","ping_status":"closed","template":"","meta":{"footnotes":""},"class_list":["post-333","page","type-page","status-publish","hentry"],"_links":{"self":[{"href":"https:\/\/managevirtually.sdu.edu.tr\/it\/wp-json\/wp\/v2\/pages\/333"}],"collection":[{"href":"https:\/\/managevirtually.sdu.edu.tr\/it\/wp-json\/wp\/v2\/pages"}],"about":[{"href":"https:\/\/managevirtually.sdu.edu.tr\/it\/wp-json\/wp\/v2\/types\/page"}],"author":[{"embeddable":true,"href":"https:\/\/managevirtually.sdu.edu.tr\/it\/wp-json\/wp\/v2\/users\/1"}],"replies":[{"embeddable":true,"href":"https:\/\/managevirtually.sdu.edu.tr\/it\/wp-json\/wp\/v2\/comments?post=333"}],"version-history":[{"count":1,"href":"https:\/\/managevirtually.sdu.edu.tr\/it\/wp-json\/wp\/v2\/pages\/333\/revisions"}],"predecessor-version":[{"id":472,"href":"https:\/\/managevirtually.sdu.edu.tr\/it\/wp-json\/wp\/v2\/pages\/333\/revisions\/472"}],"wp:attachment":[{"href":"https:\/\/managevirtually.sdu.edu.tr\/it\/wp-json\/wp\/v2\/media?parent=333"}],"curies":[{"name":"wp","href":"https:\/\/api.w.org\/{rel}","templated":true}]}}