{"id":330,"date":"2024-10-16T16:40:59","date_gmt":"2024-10-16T16:40:59","guid":{"rendered":"https:\/\/managevirtually.sdu.edu.tr\/?page_id=330"},"modified":"2025-01-15T20:17:02","modified_gmt":"2025-01-15T17:17:02","slug":"it-person2","status":"publish","type":"page","link":"https:\/\/managevirtually.sdu.edu.tr\/it\/it-person2\/","title":{"rendered":"Dott.ssa Raffaela CIUFFREDA"},"content":{"rendered":"\n<figure class=\"wp-block-image aligncenter size-full\"><img loading=\"lazy\" decoding=\"async\" width=\"338\" height=\"386\" src=\"https:\/\/managevirtually.sdu.edu.tr\/it\/wp-content\/uploads\/sites\/5\/2024\/10\/image-16.png\" alt=\"\" class=\"wp-image-331\" srcset=\"https:\/\/managevirtually.sdu.edu.tr\/it\/wp-content\/uploads\/sites\/5\/2024\/10\/image-16.png 338w, https:\/\/managevirtually.sdu.edu.tr\/it\/wp-content\/uploads\/sites\/5\/2024\/10\/image-16-263x300.png 263w\" sizes=\"(max-width: 338px) 100vw, 338px\" \/><\/figure>\n\n\n\n<p>Raffaela Ciuffreda \u00e8 docente a contratto di Statistica presso l&#8217;Universit\u00e0 Internazionale degli Studi di Roma e Assegnista di Ricerca nel campo degli Strumenti Statistici per la Valutazione presso l&#8217;Universit\u00e0 del Sannio. Ha conseguito il dottorato in Statistica presso l&#8217;Universit\u00e0 del Sannio e, grazie a esperienze pregresse, ha ottenuto due assegni di ricerca: il primo sugli &#8220;Strumenti Statistici per il Decision Making&#8221; presso l&#8217;Universit\u00e0 del Sannio e il secondo sullo &#8220;Sviluppo di Modelli Statistici Lineari e Non Lineari&#8221; presso il CNR. \u00c8 stata studentessa in visita presso l&#8217;Universit\u00e0 di Hanoi in Vietnam e la Zhongyuan University of Technology in Cina. \u00c8 autrice di articoli su riviste internazionali.<\/p>\n","protected":false},"excerpt":{"rendered":"<p>Raffaela Ciuffreda \u00e8 docente a contratto di Statistica presso l&#8217;Universit\u00e0 Internazionale degli Studi di Roma e Assegnista di Ricerca nel campo degli Strumenti Statistici per la Valutazione presso l&#8217;Universit\u00e0 del Sannio. Ha conseguito il dottorato in Statistica presso l&#8217;Universit\u00e0 del Sannio e, grazie a esperienze pregresse, ha ottenuto due assegni di ricerca: il primo sugli [&hellip;]<\/p>\n","protected":false},"author":1,"featured_media":0,"parent":0,"menu_order":0,"comment_status":"closed","ping_status":"closed","template":"","meta":{"footnotes":""},"class_list":["post-330","page","type-page","status-publish","hentry"],"_links":{"self":[{"href":"https:\/\/managevirtually.sdu.edu.tr\/it\/wp-json\/wp\/v2\/pages\/330"}],"collection":[{"href":"https:\/\/managevirtually.sdu.edu.tr\/it\/wp-json\/wp\/v2\/pages"}],"about":[{"href":"https:\/\/managevirtually.sdu.edu.tr\/it\/wp-json\/wp\/v2\/types\/page"}],"author":[{"embeddable":true,"href":"https:\/\/managevirtually.sdu.edu.tr\/it\/wp-json\/wp\/v2\/users\/1"}],"replies":[{"embeddable":true,"href":"https:\/\/managevirtually.sdu.edu.tr\/it\/wp-json\/wp\/v2\/comments?post=330"}],"version-history":[{"count":1,"href":"https:\/\/managevirtually.sdu.edu.tr\/it\/wp-json\/wp\/v2\/pages\/330\/revisions"}],"predecessor-version":[{"id":471,"href":"https:\/\/managevirtually.sdu.edu.tr\/it\/wp-json\/wp\/v2\/pages\/330\/revisions\/471"}],"wp:attachment":[{"href":"https:\/\/managevirtually.sdu.edu.tr\/it\/wp-json\/wp\/v2\/media?parent=330"}],"curies":[{"name":"wp","href":"https:\/\/api.w.org\/{rel}","templated":true}]}}